{"id":8561,"date":"2021-12-11T09:31:03","date_gmt":"2021-12-11T09:31:03","guid":{"rendered":"https:\/\/icwpredflag.org\/wp\/wordpress\/wps\/?page_id=8561"},"modified":"2021-12-11T17:04:02","modified_gmt":"2021-12-11T17:04:02","slug":"la-revolucion-comunista-derrotara-al-capitalismo-fascista","status":"publish","type":"page","link":"https:\/\/icwpredflag.org\/wp\/wordpress\/wps\/volumen-12-numero-16\/la-revolucion-comunista-derrotara-al-capitalismo-fascista\/","title":{"rendered":"La Revoluci\u00f3n Comunista Derrotar\u00e1 al Capitalismo Fascista"},"content":{"rendered":"<p><strong><img loading=\"lazy\" decoding=\"async\" class=\"aligncenter size-full wp-image-8516\" src=\"https:\/\/icwpredflag.org\/wp\/wordpress\/wps\/wp-content\/uploads\/sites\/2\/2021\/12\/antimilprot.jpeg\" alt=\"\" width=\"522\" height=\"347\" srcset=\"https:\/\/icwpredflag.org\/wp\/wordpress\/wps\/wp-content\/uploads\/sites\/2\/2021\/12\/antimilprot.jpeg 522w, https:\/\/icwpredflag.org\/wp\/wordpress\/wps\/wp-content\/uploads\/sites\/2\/2021\/12\/antimilprot-300x199.jpeg 300w\" sizes=\"auto, (max-width: 522px) 100vw, 522px\" \/><\/strong><\/p>\n<p style=\"text-align: justify;\"><strong>YANGON (Myanmar) &#8211; Miles de personas desaf\u00edan a la polic\u00eda militar y luchan por ponerle fin a la dictadura militar instalada por el golpe de estado de febrero de 2021.<\/strong><\/p>\n<h4 style=\"text-align: center;\"><span style=\"color: #ff0000;\">Investigaci\u00f3n Estadounidense del 6 de enero:<strong>Solo la Revoluci\u00f3n Comunista Derrotar\u00e1 al Capitalismo Fascista<\/strong><\/span><\/h4>\n<p style=\"text-align: justify;\">Estados Unidos, 8 de diciembre: el imperialismo estadounidense del siglo XX orquest\u00f3 golpes fascistas en Guatemala, Ir\u00e1n, Chile, Congo y muchos m\u00e1s. Ahora sus peces gordos fingen estar conmocionados de que algo as\u00ed pudiera haber sucedido en Washington, DC el 6 de enero 2021.<\/p>\n<p style=\"text-align: justify;\">No deber\u00eda sorprendernos. Y tampoco debemos confiar en los politiqueros liberales que dicen que est\u00e1n \u201crestaurando la democracia\u201d. La democracia nunca ha sido m\u00e1s que una m\u00e1scara que esconde los colmillos ensangrentados de la bestia capitalista. Solo la revoluci\u00f3n comunista puede derrotar al fascismo.<\/p>\n<p><strong>Fascismo y el Declive del Imperialismo Estadounidense<\/strong><\/p>\n<p style=\"text-align: justify;\">El imperialismo estadounidense est\u00e1 luchando por restaurar su supremac\u00eda global, que alguna vez fue indiscutida. Pero la podredumbre se adentra profundamente en su n\u00facleo. No puede evitar el surgimiento del imperialismo chino o la ascendencia regional de los capitalistas rusos y otros.<\/p>\n<p style=\"text-align: justify;\">Pero los imperios no mueren en paz. Por lo tanto, los conflictos estrat\u00e9gicos entre los gobernantes estadounidenses se han agudizado, llevando al intento de golpe de Estado por la facci\u00f3n abiertamente fascista de Trump para mantenerlo en el poder.<\/p>\n<p style=\"text-align: justify;\">El fascismo, no la democracia, es la verdadera forma pol\u00edtica del capitalismo. La pelea entre los gobernantes estadounidenses sobre c\u00f3mo salvar su imperio incluye una pelea sobre el rostro de este fascismo.<\/p>\n<p style=\"text-align: justify;\">El golpe del 6 de enero fracas\u00f3, pero los seguidores de Trump a\u00fan cosechan los frutos de d\u00e9cadas de apoyo de las fundaciones Bradley y Heritage (y fuentes ocultas). Controlan la mayor parte del Partido Republicano. Contin\u00faan moviliz\u00e1ndose en las trastiendas pol\u00edticas y en las calles.<\/p>\n<p style=\"text-align: justify;\">Han juntado a demasiados trabajadores descontentos y a otros contra las vacunas y precauciones de Covid. En torno a la restricci\u00f3n del aborto, el derecho al voto y las regulaciones sobre armas. En torno a la idolatraci\u00f3n del asesino Kyle Rittenhouse. En torno de atacar a negros, inmigrantes y jud\u00edos. Y, por supuesto, en torno a la Gran Mentira de Trump que \u201cgan\u00f3 de manera aplastante\u201d.<\/p>\n<p style=\"text-align: justify;\">El invierno pasado parec\u00eda que la facci\u00f3n rival m\u00e1s grande de la clase dominante, el Partido Dem\u00f3crata y Wall Street, no se enfrentar\u00eda a los golpistas. Ahora m\u00e1s de 500 manifestantes del 6 de enero han sido arrestados. La mayor\u00eda son \u201cpeque\u00f1os peces.\u201d\u00a0 Pero los jueces que los condenan han amenazado con consecuencias serias para los verdaderos organizadores.<\/p>\n<p style=\"text-align: justify;\">El Comit\u00e9 del 6 de Enero de la C\u00e1mara de Representantes ha entrevistado a cientos, incluidos algunos cercanos a Trump. Planean audiencias p\u00fablicas y la publicaci\u00f3n de su detallado reporte. El Departamento de Justicia encarcel\u00f3 al archirracista Steve Bannon por negarse a comparecer. Es decir: esta facci\u00f3n est\u00e1 ejerciendo su poder estatal contra sus enemigos pol\u00edticos.<\/p>\n<p style=\"text-align: justify;\">Pero estos gobernantes capitalistas temen m\u00e1s a los rebeldes trabajadores negros, inmigrantes y otros obreros que a la facci\u00f3n de Trump. Saben que su sistema de ganancias no puede satisfacer las necesidades de las masas ni siquiera las b\u00e1sicas: comida, hogar, seguridad y salud. Ciertamente, no puede satisfacer nuestra necesidad de controlar nuestra propia vida y nuestro trabajo.<\/p>\n<p style=\"text-align: justify;\">Estos \u201cdefensores de la democracia\u201d necesitan el mismo tipo de racistas violentos que asaltaron la Capital para formar la columna vertebral de las fuerzas policiales que nos reprimen y matan.<\/p>\n<p><strong>El trabajo militar comunista es fundamental<\/strong><\/p>\n<p style=\"text-align: justify;\">La ideolog\u00eda fascista infesta el \u201centrenamiento b\u00e1sico\u201d militar de los Estados Unidos, aunque muchos soldados j\u00f3venes la resisten y la desaf\u00edan. Los golpistas del 6 de enero y sus enemigos luchan por la lealtad de las fuerzas armadas. Debemos luchar a\u00fan m\u00e1s duro por el liderazgo de la juventud de clase obrera entre los soldados rasos. Son la clave del \u00e9xito de la revoluci\u00f3n comunista armada.<\/p>\n<p style=\"text-align: justify;\">Desde el veredicto de Rittenhouse, los liberales claman repetidamente que protestar contra el racismo \u201cno es seguro\u201d debido a los fascistas independientes. Esta es una amenaza velada: \u00a1no te defiendas! Les dicen a las masas airadas que podemos confiar en los tribunales y las elecciones capitalistas en lugar de movilizarnos para aplastar el sistema racista. Y que reformas como los planes de estudio inclusivos y el gabinete multirracial de Biden son golpes contra el racismo. Que la convicci\u00f3n de los linchadores de Ahmaud Arbery deber\u00eda darnos esperanza.<\/p>\n<p style=\"text-align: justify;\">Debaten abiertamente cu\u00e1nta desigualdad econ\u00f3mica toleraremos antes de que surja una revoluci\u00f3n, porque eso es lo que necesitamos, y ellos lo saben.<\/p>\n<p><strong>El Comunismo: \u00a1Vale la pena luchar!<\/strong><\/p>\n<p style=\"text-align: justify;\">Nuestros amigos saben que la revoluci\u00f3n significar\u00eda muchos heridos y muertos. Se preguntan si valdr\u00e1 la pena. \u00bfC\u00f3mo ser\u00eda un mundo comunista? \u00a1Esas son realmente las grandes preguntas!<\/p>\n<p style=\"text-align: justify;\">Las masas en todo el mundo, incluido EE. UU., ya sufren una miseria incalculable y muertes prevenibles, incluidas m\u00e1s de 100,000 al a\u00f1o directamente de la guerra. Las v\u00edctimas clim\u00e1ticas van en aumento. Las guerras regionales est\u00e1n a punto de estallar en una guerra mundial. Las cosas est\u00e1n empeorando r\u00e1pidamente.<\/p>\n<p style=\"text-align: justify;\">Debemos ganar a las masas para el comunismo, o los gobernantes capitalistas las ganar\u00e1n para alguna forma de fascismo. Por eso es que nuestras tareas inmediatas son difundir, leer y discutir las ideas y el trabajo comunistas reportados en <strong><em>Bandera Roja<\/em><\/strong>.<\/p>\n<p style=\"text-align: justify;\">Construir el Partido compuesto por colectivos comunistas que eventualmente crear\u00e1 un mundo donde las masas controlen los medios de producci\u00f3n y garanticen el bienestar de todos. Donde producimos y compartimos lo que necesitamos, sin dinero ni mercados, sin polic\u00eda ni naciones ni fronteras.<\/p>\n<p style=\"text-align: justify;\">El comunismo acabar\u00e1 con la competencia capitalista por la supervivencia que sustenta la guerra, el racismo, el sexismo, el comunalismo y todas las dem\u00e1s divisiones entre nosotros.<\/p>\n<p style=\"text-align: justify;\">Los camaradas en la India y Sud\u00e1frica ya est\u00e1n mostrando c\u00f3mo el Partido puede funcionar incluso bajo un fascismo brutal. Como ellos, no debemos desesperarnos. Debemos establecer relaciones sociales comunistas inquebrantables con familiares, amigos y compa\u00f1eros de trabajo, especialmente en la industria y el ej\u00e9rcito. Debemos garantizar la distribuci\u00f3n mano a mano de <strong><em>Bandera Roja<\/em><\/strong>.<\/p>\n<p style=\"text-align: center;\">\u00a1S\u00ed, vale la pena! El comunismo, no la democracia, es nuestra respuesta al fascismo y nuestra \u00fanica esperanza para el futuro.<\/p>\n<h4><a href=\"https:\/\/icwpredflag.org\/wp\/wordpress\/wps\/volumen-12-numero-16\/\">Primera p\u00e1gina de esta edici\u00f3n<\/a><\/h4>\n","protected":false},"excerpt":{"rendered":"<p>YANGON (Myanmar) &#8211; Miles de personas desaf\u00edan a la polic\u00eda militar y luchan por ponerle fin a la dictadura militar instalada por el golpe de estado de febrero de 2021. Investigaci\u00f3n Estadounidense del 6 de enero:Solo la Revoluci\u00f3n Comunista Derrotar\u00e1 al Capitalismo Fascista Estados Unidos, 8 de diciembre: el imperialismo estadounidense del siglo XX orquest\u00f3 &hellip; <a href=\"https:\/\/icwpredflag.org\/wp\/wordpress\/wps\/volumen-12-numero-16\/la-revolucion-comunista-derrotara-al-capitalismo-fascista\/\" class=\"more-link\">Sigue leyendo <span class=\"screen-reader-text\">La Revoluci\u00f3n Comunista Derrotar\u00e1 al Capitalismo Fascista<\/span><\/a><\/p>\n","protected":false},"author":6,"featured_media":5655,"parent":8531,"menu_order":0,"comment_status":"closed","ping_status":"closed","template":"","meta":{"footnotes":""},"class_list":["post-8561","page","type-page","status-publish","has-post-thumbnail","hentry"],"_links":{"self":[{"href":"https:\/\/icwpredflag.org\/wp\/wordpress\/wps\/wp-json\/wp\/v2\/pages\/8561","targetHints":{"allow":["GET"]}}],"collection":[{"href":"https:\/\/icwpredflag.org\/wp\/wordpress\/wps\/wp-json\/wp\/v2\/pages"}],"about":[{"href":"https:\/\/icwpredflag.org\/wp\/wordpress\/wps\/wp-json\/wp\/v2\/types\/page"}],"author":[{"embeddable":true,"href":"https:\/\/icwpredflag.org\/wp\/wordpress\/wps\/wp-json\/wp\/v2\/users\/6"}],"replies":[{"embeddable":true,"href":"https:\/\/icwpredflag.org\/wp\/wordpress\/wps\/wp-json\/wp\/v2\/comments?post=8561"}],"version-history":[{"count":4,"href":"https:\/\/icwpredflag.org\/wp\/wordpress\/wps\/wp-json\/wp\/v2\/pages\/8561\/revisions"}],"predecessor-version":[{"id":8586,"href":"https:\/\/icwpredflag.org\/wp\/wordpress\/wps\/wp-json\/wp\/v2\/pages\/8561\/revisions\/8586"}],"up":[{"embeddable":true,"href":"https:\/\/icwpredflag.org\/wp\/wordpress\/wps\/wp-json\/wp\/v2\/pages\/8531"}],"wp:featuredmedia":[{"embeddable":true,"href":"https:\/\/icwpredflag.org\/wp\/wordpress\/wps\/wp-json\/wp\/v2\/media\/5655"}],"wp:attachment":[{"href":"https:\/\/icwpredflag.org\/wp\/wordpress\/wps\/wp-json\/wp\/v2\/media?parent=8561"}],"curies":[{"name":"wp","href":"https:\/\/api.w.org\/{rel}","templated":true}]}}