{"id":8723,"date":"2022-01-28T19:27:33","date_gmt":"2022-01-28T19:27:33","guid":{"rendered":"https:\/\/icwpredflag.org\/wp\/wordpress\/wps\/?page_id=8723"},"modified":"2022-01-29T01:11:01","modified_gmt":"2022-01-29T01:11:01","slug":"celebremos-el-levantamiento-de-1932-liderado-por-comunistas","status":"publish","type":"page","link":"https:\/\/icwpredflag.org\/wp\/wordpress\/wps\/volumen-13-numero-1\/celebremos-el-levantamiento-de-1932-liderado-por-comunistas\/","title":{"rendered":"Celebremos el Levantamiento de 1932 Liderado por Comunistas"},"content":{"rendered":"<p><strong><img loading=\"lazy\" decoding=\"async\" class=\"alignnone  wp-image-8761\" src=\"https:\/\/icwpredflag.org\/wp\/wordpress\/wps\/wp-content\/uploads\/sites\/2\/2022\/01\/elsalmar3-300x151.jpg\" alt=\"\" width=\"763\" height=\"384\" srcset=\"https:\/\/icwpredflag.org\/wp\/wordpress\/wps\/wp-content\/uploads\/sites\/2\/2022\/01\/elsalmar3-300x151.jpg 300w, https:\/\/icwpredflag.org\/wp\/wordpress\/wps\/wp-content\/uploads\/sites\/2\/2022\/01\/elsalmar3.jpg 475w\" sizes=\"auto, (max-width: 763px) 100vw, 763px\" \/><\/strong><\/p>\n<p><strong>\u00a0<\/strong><\/p>\n<h4 style=\"text-align: center;\"><span style=\"color: #ff0000;\"><strong>CELEBRAMOS EL PRIMER LEVANTAMIENTO ARMADO COMUNISTA EN AMERICA<\/strong><\/span><\/h4>\n<p style=\"text-align: justify;\">El Salvador &#8211; El 22 de enero celebramos uno de los hechos hist\u00f3ricos revolucionarios m\u00e1s importantes de Am\u00e9rica Latina, como es el levantamiento campesino en 1932 en la zona occidental de El Salvador. Este fue dirigido por el Partido Comunista Salvadore\u00f1o (PCS), fundado el 30 de marzo de 1930 por Abel Cuenca, Miguel M\u00e1rmol y Modesto Ram\u00edrez. Otros de los m\u00e1s destacados l\u00edderes fueron Farabundo Mart\u00ed y el ind\u00edgena Feliciano Ama.<\/p>\n<p style=\"text-align: justify;\">El PCS, logr\u00f3 la inscripci\u00f3n de muchos miembros, entre obreros, campesinos, zapateros, realizando grandes concentraciones, 80,000 trabajadores el 1o. De mayo de 1930. Llevando al plano pol\u00edtico las necesidades de la comunidad campesina ind\u00edgena y obrera. Cabe destacar el apoyo del Partido Comunista en M\u00e9xico Y Ecuador quienes vinieron a dar las primeras orientaciones marxistas-leninistas a los camaradas salvadore\u00f1os.<\/p>\n<p style=\"text-align: justify;\">La oligarqu\u00eda naciente en los a\u00f1os 1880 despoj\u00f3 de las tierras ejidales (uso para todos) a los campesinos mediante decretos emitidos por el gobierno y concentr\u00e1ndola en pocas manos.<\/p>\n<p style=\"text-align: justify;\">Esto da lugar al surgimiento de una nueva forma de producci\u00f3n a las que les llamo haciendas sometiendo a los ind\u00edgenas a trabajar para ellos, convirti\u00e9ndose en explotaci\u00f3n, en las zonas bajas para cultivar a\u00f1il y las tierras altas para el cultivo del caf\u00e9, el m\u00e1s importante cultivo de la zona en ese tiempo y representaba el centro de econom\u00edas cafetaleras.<\/p>\n<p style=\"text-align: center;\"><strong>Luchando en Contra del Racismo Anti-Ind\u00edgena, Organizando para el Comunismo<\/strong><\/p>\n<p style=\"text-align: justify;\">Los 1920 fue una \u00e9poca de despojo y racismo, quit\u00e1ndoles sus tierras, reprimi\u00e9ndolos para que no hablaran en su lengua original el n\u00e1huatl y dejaran todo aquello que los identificaba como campesinos, aunque este proceso no fue inmediato.<\/p>\n<p style=\"text-align: justify;\">Los comunistas organizaron de una forma m\u00e1s estructurada el esfuerzo revolucionario y se forma la m\u00e1s grande alianza obrero campesino de la \u00e9poca, para luchar en contra de la oligarqu\u00eda. Algunas mujeres se resistieron a abandonar su forma de vestir, situaci\u00f3n que las llev\u00f3 a luchar en contra de la represi\u00f3n y explotaci\u00f3n.<\/p>\n<p style=\"text-align: justify;\">En 1930 y 1931 se encontraba la zona occidental en un estado de gran agitaci\u00f3n y estallido de huelgas que sucedieron en las fincas de caf\u00e9, producto de masivos despidos y corte de salarios causados por la gran depresi\u00f3n mundial de 1929.<\/p>\n<p style=\"text-align: justify;\">Los campesinos toman control de instalaciones militares y algunas poblaciones como Izalco, Juayua, Nahuizalco y Tacuba e instalaciones militares, el que constituye el levantamiento de 1932.<\/p>\n<p style=\"text-align: justify;\">El encargado de negocios de Estados Unidos en El Salvador report\u00f3 que la comunicaci\u00f3n telef\u00f3nica y telegr\u00e1fica fue cortada y el ferrocarril ingl\u00e9s, cerca de Sonsonate cabecera departamental en el occidente del pa\u00eds fue destruido y los des\u00f3rdenes eran generalizados en muchas poblaciones. Frente a esto el funcionario estadounidense aseguro que las autoridades est\u00e1n tomando medidas en\u00e9rgicas para reprimir los disturbios.<\/p>\n<p style=\"text-align: justify;\">El Departamento de Estado en coordinaci\u00f3n con las delegaciones diplom\u00e1ticas de Italia, Reino Unido y Canad\u00e1 enviaban barcos de guerra desde Panam\u00e1 hacia la costa salvadore\u00f1a. Encabezados por el crucero Rochester, nave insignia de la divisi\u00f3n de servicios especiales en la zona del canal.<\/p>\n<p style=\"text-align: justify;\">A la vez, el Daily Worker, peri\u00f3dico del Partido Comunista de EE.UU. dec\u00eda\u201d todo trabajador estadounidense debe acudir en apoyo de sus compa\u00f1eros trabajadores en El Salvador. El luchar all\u00ed contra el imperialismo estadounidense es parte de la lucha de las masas americanas contra la venta al por mayor del hambre y los recortes salariales\u201d.<\/p>\n<p style=\"text-align: justify;\">Continuaba, \u201cApoya a los obreros y campesinos salvadore\u00f1os. Pelear contra el terror de Wall Street y el de los ricos explotadores: Exijamos la retirada de todas las tropas de El Salvador\u201d.<\/p>\n<p style=\"text-align: justify;\">\u201cLos trabajadores y campesinos all\u00ed luchan contra el hambre, impuesta por el imperialismo estadounidense. \u00a1Exijamos el retiro de las ca\u00f1oneras y marines! \u00a1Alto al asesinato de trabajadores y campesinos! \u00a1Todo el apoyo revolucionario a los obreros y campesinos de El Salvador!<\/p>\n<p style=\"text-align: justify;\">El levantamiento de las masas fue muy importante y fue una batalla contra el capitalismo, aunque no se lograron todos los objetivos y miles fueron masacrados. Pero marcaron la historia de lo que significar\u00eda los siguientes esfuerzos de lucha revolucionaria comunista.\u00a0 Sin duda un ejemplo para la clase obrera en continuar luchando en contra del racismo que a\u00fan existe, organizando para el comunismo.<\/p>\n<p>&nbsp;<\/p>\n<p style=\"text-align: center;\"><strong>Han Pasado 90 a\u00f1os Desde esa Heroica Lucha y la Rebeld\u00eda est\u00e1 Emergiendo Nuevamente con el PCOI.<\/strong><\/p>\n<p style=\"text-align: justify;\">El Partido Comunista Obrero Internacional rescata este hecho hist\u00f3rico y a quienes entregaron su vida por mejorar las condiciones de vida de los campesinos entre ellos Feliciano Ama, Farabundo Mart\u00ed, (miembros del Socorro Internacional y de la Internacional Comunista), Zapata y Luna, todos fusilados como responsables del levantamiento.<\/p>\n<p style=\"text-align: justify;\">Nuestro Partido se inspira en estas luchas para continuar organizando a los campesinos y obreros industriales para dirigir a las masas para el comunismo directamente. La sociedad comunista abolir\u00e1 la riqueza personal, nadie explotar\u00e1 a nadie. Un mundo comunista sin naciones, sin clases, racismo, sexismo ni explotaci\u00f3n.<\/p>\n<p style=\"text-align: justify;\">Este es un llamado a todos los obreros y obreras del mundo a organizarse en el Partido Comunista Obrero Internacional es tiempo de terminar con este sistema podrido capitalista y luchar por el mundo comunista que necesitamos.<\/p>\n<p style=\"text-align: center;\">\u00a1\u00danete a PCOI! lee y distribuye <em>Bandera Roja<\/em>, peri\u00f3dico de la clase obrera!<\/p>\n<h4><a href=\"https:\/\/icwpredflag.org\/wp\/wordpress\/wps\/volumen-13-numero-1\/\">Primera p\u00e1gina de esta edici\u00f3n<\/a><\/h4>\n","protected":false},"excerpt":{"rendered":"<p>\u00a0 CELEBRAMOS EL PRIMER LEVANTAMIENTO ARMADO COMUNISTA EN AMERICA El Salvador &#8211; El 22 de enero celebramos uno de los hechos hist\u00f3ricos revolucionarios m\u00e1s importantes de Am\u00e9rica Latina, como es el levantamiento campesino en 1932 en la zona occidental de El Salvador. Este fue dirigido por el Partido Comunista Salvadore\u00f1o (PCS), fundado el 30 de &hellip; <a href=\"https:\/\/icwpredflag.org\/wp\/wordpress\/wps\/volumen-13-numero-1\/celebremos-el-levantamiento-de-1932-liderado-por-comunistas\/\" class=\"more-link\">Sigue leyendo <span class=\"screen-reader-text\">Celebremos el Levantamiento de 1932 Liderado por Comunistas<\/span><\/a><\/p>\n","protected":false},"author":6,"featured_media":5655,"parent":8773,"menu_order":0,"comment_status":"closed","ping_status":"closed","template":"","meta":{"footnotes":""},"class_list":["post-8723","page","type-page","status-publish","has-post-thumbnail","hentry"],"_links":{"self":[{"href":"https:\/\/icwpredflag.org\/wp\/wordpress\/wps\/wp-json\/wp\/v2\/pages\/8723","targetHints":{"allow":["GET"]}}],"collection":[{"href":"https:\/\/icwpredflag.org\/wp\/wordpress\/wps\/wp-json\/wp\/v2\/pages"}],"about":[{"href":"https:\/\/icwpredflag.org\/wp\/wordpress\/wps\/wp-json\/wp\/v2\/types\/page"}],"author":[{"embeddable":true,"href":"https:\/\/icwpredflag.org\/wp\/wordpress\/wps\/wp-json\/wp\/v2\/users\/6"}],"replies":[{"embeddable":true,"href":"https:\/\/icwpredflag.org\/wp\/wordpress\/wps\/wp-json\/wp\/v2\/comments?post=8723"}],"version-history":[{"count":4,"href":"https:\/\/icwpredflag.org\/wp\/wordpress\/wps\/wp-json\/wp\/v2\/pages\/8723\/revisions"}],"predecessor-version":[{"id":8776,"href":"https:\/\/icwpredflag.org\/wp\/wordpress\/wps\/wp-json\/wp\/v2\/pages\/8723\/revisions\/8776"}],"up":[{"embeddable":true,"href":"https:\/\/icwpredflag.org\/wp\/wordpress\/wps\/wp-json\/wp\/v2\/pages\/8773"}],"wp:featuredmedia":[{"embeddable":true,"href":"https:\/\/icwpredflag.org\/wp\/wordpress\/wps\/wp-json\/wp\/v2\/media\/5655"}],"wp:attachment":[{"href":"https:\/\/icwpredflag.org\/wp\/wordpress\/wps\/wp-json\/wp\/v2\/media?parent=8723"}],"curies":[{"name":"wp","href":"https:\/\/api.w.org\/{rel}","templated":true}]}}