{"id":8736,"date":"2022-01-28T19:59:16","date_gmt":"2022-01-28T19:59:16","guid":{"rendered":"https:\/\/icwpredflag.org\/wp\/wordpress\/wps\/?page_id=8736"},"modified":"2022-01-29T01:53:05","modified_gmt":"2022-01-29T01:53:05","slug":"la-historia-de-un-obrero-migrante-porque-necesitamos-un-mundo-comunista-sin-fronteras","status":"publish","type":"page","link":"https:\/\/icwpredflag.org\/wp\/wordpress\/wps\/volumen-13-numero-1\/la-historia-de-un-obrero-migrante-porque-necesitamos-un-mundo-comunista-sin-fronteras\/","title":{"rendered":"La Historia de un Obrero Migrante: Porque Necesitamos un Mundo Comunista Sin Fronteras"},"content":{"rendered":"<p style=\"text-align: center;\"><strong>La Historia de un Migrante Es la Historia de Todos los Trabajadores del Mundo <a class=\"icwp-emph\" href=\"#1\">aqu\u00ed \u2666<\/a>\u00a0El Comunismo Terminar\u00e1 con el Asesino Capitalismo y sus Fronteras <a class=\"icwp-emph\" href=\"#2\">aqu\u00ed \u2666<\/a><\/strong><\/p>\n<p><strong> <img loading=\"lazy\" decoding=\"async\" class=\"wp-image-8760 aligncenter\" src=\"https:\/\/icwpredflag.org\/wp\/wordpress\/wps\/wp-content\/uploads\/sites\/2\/2022\/01\/commwld.jpg\" alt=\"\" width=\"742\" height=\"634\" \/><\/strong><\/p>\n<p style=\"text-align: center;\"><strong>\u00a1Sin Fronteras! \u00a1Sin naciones! S\u00ed a un mundo comunista<\/strong><\/p>\n<h4 id=\"1\" style=\"text-align: center;\"><span style=\"color: #ff0000;\"><strong>La Historia de un Migrante Es la Historia de Todos los Trabajadores del Mundo<\/strong><\/span><\/h4>\n<p style=\"text-align: justify;\">\u201cDespu\u00e9s de varios d\u00edas de camino aguantando hambre, me pasaron por el desierto, caminando solo 8 horas, cosa que a otros les toma 2 o 3dias. Por la noche nos encondimos en unos matorrales, para no ser descubiertos por los drones que usa la patrulla fronteriza. O\u00edmos los aullidos de los coyotes y sent\u00edamos los malos olores de cuerpos en descomposici\u00f3n. Me espine los brazos y los pies. [cactus]\u201d. Un joven trabajador me describi\u00f3 esta peque\u00f1a historia de su viaje hacia Estados Unidos, hace solo 7 meses.<\/p>\n<p style=\"text-align: justify;\">\u00c9l se endeudo con 121 mil quetzales, equivalente a $16 mil d\u00f3lares y todav\u00eda debe 6 mil. Est\u00e1 trabajando d\u00eda y noche para terminar con su deuda.<\/p>\n<p style=\"text-align: justify;\">\u201cLamento estar lejos de las personas que han estado conmigo toda la vida. Tengo trabajo, pero no ha todas les va bien, pues no tienen trabajo, ni donde dormir.\u201d, agreg\u00f3 mi amigo.<\/p>\n<p style=\"text-align: justify;\">Como miembro del PCOI y uno m\u00e1s de la clase trabajadora le dije: Todos los trabajadores en el mundo somos migrantes, la nacionalidad es un concepto que los patrones nos tratan de meter en la cabeza desde que somos peque\u00f1os.<\/p>\n<p style=\"text-align: justify;\">En un mundo comunista ning\u00fan trabajador y sus familias tendr\u00e1n necesidad de moverse de su lugar de origen solo por no encontrar un trabajo en el que se le pague un salario, pues el trabajo no ser\u00e1 una mercanc\u00eda que se venda o se compre por un patr\u00f3n, pues el dinero no existir\u00e1.<\/p>\n<p style=\"text-align: justify;\">Los trabajadores lo eliminaremos en cuanto tomemos el poder y establezcamos una Sociedad comunista y empecemos a pensar que m\u00e1s ser\u00e1 eliminado y que este en contra de los intereses de los trabajadores.<\/p>\n<p style=\"text-align: justify;\">Mientras tanto millones de trabajadores seguir\u00e1n sufriendo las torturas de los capitalistas, al proteger estos sus fronteras, con sus polic\u00edas y el ej\u00e9rcito como est\u00e1 ocurriendo en las tres fronteras de Estados Unidos, M\u00e9xico y Guatemala. Haciendo sufrir a ni\u00f1os, mujeres y hombres sin importar la edad y condici\u00f3n f\u00edsica o su sexo y que como nosotros solo desean tener una vida sin tantas preocupaciones.<\/p>\n<p style=\"text-align: justify;\">Esta situaci\u00f3n de desesperaci\u00f3n por querer mejorar su situaci\u00f3n familiar o individual ha sido creada por la pelea imperialista entre las grandes potencias como Rusia, China, EEUU, Alemania, Inglaterra y dem\u00e1s que pelean por el control de la econom\u00eda mundial.<\/p>\n<p style=\"text-align: justify;\">La historia de este trabajador migrante se repite en las costas de Espa\u00f1a, Inglaterra, Sud\u00e1frica y Latinoam\u00e9rica. Pero los casos que m\u00e1s preocupan son cuando la gente tiene que huir de sus lugares de origen para escaparse de una bala ya sea por guerra, crimen organizado policial o de pandillas, pero en el viaje se encuentran con la muerte.<\/p>\n<p style=\"text-align: justify;\">Solo organizando por destruir este sistema y construyendo un mundo comunista de hermandad nos garantizara un nuevo mundo sin tanta inseguridad social, ya sea f\u00edsicamente o de salud.<\/p>\n<p style=\"text-align: justify;\">\u00c9l parece estar en acuerdo y le gust\u00f3 lo que escribimos en <em>Bandera Roja<\/em>, la lucha continuar\u00e1 con este amigo para que se interese m\u00e1s en ideas del Partido y sea un futuro candidato para que ingrese y participe con nosotros.<\/p>\n<p>Camarada Inmigrante en EE.UU.<\/p>\n<h4 id=\"2\" style=\"text-align: center;\"><span style=\"color: #ff0000;\"><strong>El Comunismo Terminar\u00e1 con el Asesino Capitalismo y sus Fronteras<\/strong><\/span><\/h4>\n<p style=\"text-align: justify;\">El a\u00f1o pasado murieron m\u00e1s de 650 migrantes en la frontera entre M\u00e9xico y EEUU. 4404 vidas se perdieron en las aguas al intentar llegar a Espa\u00f1a, 4016 en la ruta canaria, es la m\u00e1s mort\u00edfera del mundo.<\/p>\n<p style=\"text-align: justify;\">El mes de enero empez\u00f3 con m\u00e1s muertos. Ni\u00f1os y sus padres ahogados en varias partes del mundo. Solo en la \u00faltima semana, un hombre de 38 a\u00f1os muri\u00f3 bajo la custodia de la Patrulla Fronteriza de San Diego, una ni\u00f1a venezolana de 7 a\u00f1os fue arrastrada y se ahog\u00f3 en el r\u00edo Grande, dos adultos, un adolescente y un beb\u00e9 de la India. muri\u00f3 congelado tratando de cruzar la frontera entre Estados Unidos y Canad\u00e1 y un joven de 16 a\u00f1os muri\u00f3 en Arizona tratando de cruzar la frontera.<\/p>\n<p style=\"text-align: justify;\">Al terminar esta edici\u00f3n, la Guardia Costera de los EE.UU. esta reportando que 39 personas han muerto en las aguas entre las Bahamas y los EE.UU.<\/p>\n<p style=\"text-align: justify;\">Pero el saber de los muertos en la frontera sur de EEUU y el resto del mundo nos debe de alentar a ver la urgencia de organizarnos para la revoluci\u00f3n comunista. Es cuesti\u00f3n de vida o muerte.<\/p>\n<p style=\"text-align: justify;\">Estas historias y algunas con finales tr\u00e1gicos de muerte, se seguir\u00e1n mirando en este sistema explotador y asesino con sus fronteras, hasta que los trabajadores estemos bien organizados en el PCOI y terminemos por destruirlo y construir una sociedad comunista donde las fronteras ser\u00e1n algo del pasado y una etapa mort\u00edfera del capitalismo.<\/p>\n<h4><a href=\"https:\/\/icwpredflag.org\/wp\/wordpress\/wps\/volumen-13-numero-1\/\">Primera p\u00e1gina de esta edici\u00f3n<\/a><\/h4>\n","protected":false},"excerpt":{"rendered":"<p>La Historia de un Migrante Es la Historia de Todos los Trabajadores del Mundo aqu\u00ed \u2666\u00a0El Comunismo Terminar\u00e1 con el Asesino Capitalismo y sus Fronteras aqu\u00ed \u2666 \u00a1Sin Fronteras! \u00a1Sin naciones! S\u00ed a un mundo comunista La Historia de un Migrante Es la Historia de Todos los Trabajadores del Mundo \u201cDespu\u00e9s de varios d\u00edas de &hellip; <a href=\"https:\/\/icwpredflag.org\/wp\/wordpress\/wps\/volumen-13-numero-1\/la-historia-de-un-obrero-migrante-porque-necesitamos-un-mundo-comunista-sin-fronteras\/\" class=\"more-link\">Sigue leyendo <span class=\"screen-reader-text\">La Historia de un Obrero Migrante: Porque Necesitamos un Mundo Comunista Sin Fronteras<\/span><\/a><\/p>\n","protected":false},"author":6,"featured_media":5655,"parent":8773,"menu_order":0,"comment_status":"closed","ping_status":"closed","template":"","meta":{"footnotes":""},"class_list":["post-8736","page","type-page","status-publish","has-post-thumbnail","hentry"],"_links":{"self":[{"href":"https:\/\/icwpredflag.org\/wp\/wordpress\/wps\/wp-json\/wp\/v2\/pages\/8736","targetHints":{"allow":["GET"]}}],"collection":[{"href":"https:\/\/icwpredflag.org\/wp\/wordpress\/wps\/wp-json\/wp\/v2\/pages"}],"about":[{"href":"https:\/\/icwpredflag.org\/wp\/wordpress\/wps\/wp-json\/wp\/v2\/types\/page"}],"author":[{"embeddable":true,"href":"https:\/\/icwpredflag.org\/wp\/wordpress\/wps\/wp-json\/wp\/v2\/users\/6"}],"replies":[{"embeddable":true,"href":"https:\/\/icwpredflag.org\/wp\/wordpress\/wps\/wp-json\/wp\/v2\/comments?post=8736"}],"version-history":[{"count":7,"href":"https:\/\/icwpredflag.org\/wp\/wordpress\/wps\/wp-json\/wp\/v2\/pages\/8736\/revisions"}],"predecessor-version":[{"id":8798,"href":"https:\/\/icwpredflag.org\/wp\/wordpress\/wps\/wp-json\/wp\/v2\/pages\/8736\/revisions\/8798"}],"up":[{"embeddable":true,"href":"https:\/\/icwpredflag.org\/wp\/wordpress\/wps\/wp-json\/wp\/v2\/pages\/8773"}],"wp:featuredmedia":[{"embeddable":true,"href":"https:\/\/icwpredflag.org\/wp\/wordpress\/wps\/wp-json\/wp\/v2\/media\/5655"}],"wp:attachment":[{"href":"https:\/\/icwpredflag.org\/wp\/wordpress\/wps\/wp-json\/wp\/v2\/media?parent=8736"}],"curies":[{"name":"wp","href":"https:\/\/api.w.org\/{rel}","templated":true}]}}