{"id":9106,"date":"2022-04-24T00:38:00","date_gmt":"2022-04-24T00:38:00","guid":{"rendered":"https:\/\/icwpredflag.org\/wp\/wordpress\/wps\/?page_id=9106"},"modified":"2022-04-24T07:45:27","modified_gmt":"2022-04-24T07:45:27","slug":"huelga-general-en-la-india-oportunidad-para-construir-el-poci","status":"publish","type":"page","link":"https:\/\/icwpredflag.org\/wp\/wordpress\/wps\/volumen-13-numero-5\/huelga-general-en-la-india-oportunidad-para-construir-el-poci\/","title":{"rendered":"Huelga General en la India: Oportunidad para Construir el POCI"},"content":{"rendered":"<p style=\"text-align: center;\"><strong>Huelga General en la India: Los y las Camaradas del PCOI Difunden Ideas Comunistas y Preparan el Primero de Mayo <a class=\"icwp-emph\" href=\"#1\">aqu\u00ed \u2666<\/a>\u00a0\u201cUna sola chispa puede prenderle fuego a una pradera\u201d <a class=\"icwp-emph\" href=\"#2\">aqu\u00ed \u2666<\/a><\/strong><\/p>\n<p><img loading=\"lazy\" decoding=\"async\" class=\"aligncenter wp-image-9087\" src=\"https:\/\/icwpredflag.org\/wp\/wordpress\/wps\/wp-content\/uploads\/sites\/2\/2022\/04\/indiawom2.jpg\" alt=\"\" width=\"745\" height=\"308\" srcset=\"https:\/\/icwpredflag.org\/wp\/wordpress\/wps\/wp-content\/uploads\/sites\/2\/2022\/04\/indiawom2.jpg 515w, https:\/\/icwpredflag.org\/wp\/wordpress\/wps\/wp-content\/uploads\/sites\/2\/2022\/04\/indiawom2-300x124.jpg 300w\" sizes=\"auto, (max-width: 745px) 100vw, 745px\" \/><\/p>\n<h4 id=\"1\" style=\"text-align: center;\"><span style=\"color: #ff0000;\"><strong>Huelga General en la India: Los Camaradas del PCOI Difunden las Ideas Comunistas y Preparan el Primero de Mayo<\/strong><\/span><\/h4>\n<p style=\"text-align: justify;\">CHENNAI (India), 17 de abril\u2014 \u201cCuando veo las noticias de decenas de personas que mueren todos los d\u00edas en el frenes\u00ed comunal y la continua explosi\u00f3n de cr\u00edmenes de odio por parte de los fascistas del BJP y el RSS\u201d, declar\u00f3 el vecino de un camarada, \u201cdigo, el comunismo es la \u00fanica forma de erradicar estos problemas\u201d.<\/p>\n<p style=\"text-align: justify;\">Una huelga nacional de dos d\u00edas a finales de marzo bloque\u00f3 carreteras y trenes y cerr\u00f3 los bancos y otros lugares de trabajo. Los trabajadores del sector p\u00fablico y privado protestaron contra el plan de privatizaci\u00f3n del gobierno fascista de Modi y las pol\u00edticas antilaborales y anticampesinas.<\/p>\n<p style=\"text-align: justify;\">Las demandas y consignas de la huelga eran todas reformistas. Pero las acciones masivas crearon oportunidades para que los camaradas del PCOI organizaran para la revoluci\u00f3n comunista.<\/p>\n<p style=\"text-align: justify;\">\u201cHoy estamos invitando a todos nuestros compa\u00f1eros de trabajo y amigos a una reuni\u00f3n para planificar la huelga general en India\u201d, dijo un camarada cuyo colectivo estuvo ocupado movilizando el fin de semana. \u201cCuatro millones de personas han muerto por el coronavirus, los precios de la gasolina se han duplicado, la gente no puede pagar los alimentos, hay un aumento del desempleo\u201d.<\/p>\n<p style=\"text-align: justify;\">Otro camarada describi\u00f3 gr\u00e1ficamente las condiciones en Chennai y en toda la India. Todo el mundo ve barrios de casas musulmanas arrasadas por la polic\u00eda y turbas fascistas. Vemos ni\u00f1as y mujeres violadas en los distritos dalit. El gobierno responde difundiendo pel\u00edculas de odio como Los Archivos de Cachemira. Les dan aplicaciones gratuitas a los j\u00f3venes que afirman gr\u00e1ficamente que India solo puede convertirse en una potencia mundial eliminando a los musulmanes.<\/p>\n<p style=\"text-align: justify;\">Un amigo, ahora desempleado, trabaj\u00f3 en una f\u00e1brica de autom\u00f3viles durante veinte a\u00f1os. A veces viene a nuestras reuniones colectivas. Le preguntamos qu\u00e9 le impide venir regularmente y si puede distribuir Bandera Roja a otros.<\/p>\n<p style=\"text-align: justify;\">\u00c9l dijo: \u201cEstoy enojado con todo lo que veo. S\u00e9 que el sistema debe cambiar. Pero somos muy peque\u00f1os; hay miles de millones de personas en todo el mundo. \u00bfCu\u00e1ndo veremos el comunismo?\u201d<\/p>\n<p style=\"text-align: justify;\">Muchas personas tienen preguntas similares. Decidimos responderles. Un joven camarada del PCOI dijo: \u201cHay miles de millones de trabajadores en el mundo. Lo que los une es que luchan por sobrevivir bajo el sistema asalariado. La minor\u00eda son los patrones que se benefician de ello. Deber\u00edan estar preocupados por su supervivencia\u201d.<\/p>\n<p style=\"text-align: justify;\">Esto provoc\u00f3 una nueva forma de pensar en el obrero automotriz. Estuvo de acuerdo en que los patrones usan el comunalismo (divisiones religiosas) y el sexismo para evitar que nos unamos como clase para luchar por el comunismo.<\/p>\n<p><strong><em>Bandera Roja<\/em><\/strong><strong> Ayuda a Reclutar m\u00e1s Comunistas<\/strong><\/p>\n<p style=\"text-align: justify;\">Nos dimos cuenta de que ten\u00eda en su habitaci\u00f3n una copia sin leer de la \u00faltima edici\u00f3n de Bandera Roja. Decidimos leer ese n\u00famero y el nuevo en voz alta. Esto tom\u00f3 casi una hora. \u00c9l, junto con nosotros, encontr\u00f3 m\u00e1s respuestas al leerlo colectivamente. Nos dimos cuenta de que no es suficiente darle a alguien Bandera Roja. Debemos leerlo y hablar de ello, y ese es un proceso para convertirlos en comunista. De buena gana acept\u00f3 m\u00e1s Banderas Rojas para regalar a sus amigos y decidi\u00f3 venir a nuestra reuni\u00f3n para la huelga.<\/p>\n<p style=\"text-align: justify;\">Aprendiendo de este compa\u00f1ero, decidimos acercarnos a todos nuestros compa\u00f1eros de trabajo para leer juntos Bandera Roja. Casi todos se llevaron varias copias extra. El domingo por la tarde hab\u00edamos distribuido m\u00e1s de cuatrocientos ejemplares. Lo demostr\u00f3 en la reuni\u00f3n colectiva para la huelga. Nuestra habitaci\u00f3n estaba repleta de nuevos trabajadores.<\/p>\n<p style=\"text-align: justify;\">Propusimos que la huelga es una oportunidad para que presentemos la revoluci\u00f3n comunista como la \u00fanica soluci\u00f3n, ya que los patrones est\u00e1n tratando desesperadamente de hacer lo contrario. Desde Ucrania hasta Sri Lanka y en todas partes, los patrones est\u00e1n matando a las masas para obtener m\u00e1ximas ganancias. Los sindicatos se han convertido en instrumentos de los patrones y crean la ilusi\u00f3n de cambio, pero esconden la brutalidad del sistema salarial. Los trabajadores y soldados deben organizar a otros para unirse al Partido Comunista Obrero Internacional<\/p>\n<p style=\"text-align: justify;\">La mayor\u00eda de las personas que asistieron a la reuni\u00f3n se unieron a nuestro contingente del Partido en la marcha durante la huelga general. Distribuimos muchos peri\u00f3dicos a los manifestantes, los cuales tomaron con entusiasmo y les gust\u00f3 nuestra l\u00ednea. \u00c9ramos los \u00fanicos que habl\u00e1bamos de la necesidad de aplastar el fascismo con la revoluci\u00f3n comunista.<\/p>\n<p style=\"text-align: justify;\">Nuestra actividad para la huelga fue un gran \u00e9xito. Difundir nuestro Bandera Roja nos ayuda a organizar para el Primero de Mayo.<\/p>\n<p>&nbsp;<\/p>\n<h4 id=\"2\" style=\"text-align: center;\"><span style=\"color: #ff0000;\"><strong>\u201cUna sola chispa puede encender un fuego en una pradera\u201d<\/strong><\/span><\/h4>\n<p style=\"text-align: justify;\">En nuestra reuni\u00f3n colectiva del PCOI, un soldado jubilado (ahora obrero automotriz) pronunci\u00f3 un peque\u00f1o discurso sobre la historia del ej\u00e9rcito indio durante el dominio brit\u00e1nico. En febrero de 1946, un grupo de marineros alistados, hind\u00faes y musulmanes, decidieron hacer una huelga por falta de alimentos. Por primera vez hubo una unidad de las clasificaciones navales hind\u00faes y musulmanas.<\/p>\n<p style=\"text-align: justify;\">La huelga se extendi\u00f3 de un barco a otro. Los brit\u00e1nicos reprimieron despiadadamente el mot\u00edn. Pero hubo un apoyo abrumador de las masas en Bombay (ahora Mumbai). Los trabajadores recogieron alimentos y brindaron primeros auxilios a los heridos. El mot\u00edn se extendi\u00f3 r\u00e1pidamente desde Karachi a Ir\u00e1n y tan lejos como Indonesia. El Partido del Congreso y la Liga Musulmana condenaron el mot\u00edn. Solo el Partido Comunista de la India lo apoy\u00f3.<\/p>\n<p style=\"text-align: justify;\">Este mot\u00edn finalmente puso fin al dominio brit\u00e1nico en la India, pero no a la miseria masiva causada por el capitalismo. Sin embargo, podemos aprender de ello. Los soldados son nuestros hermanos y hermanas de clase, y necesitamos entrenarlos para que sean comunistas. Este camarada est\u00e1 ayudando a hacer precisamente eso.<\/p>\n<h4><a href=\"https:\/\/icwpredflag.org\/wp\/wordpress\/wps\/volumen-13-numero-5\/\">Primera p\u00e1gina de esta edici\u00f3n<\/a><\/h4>\n","protected":false},"excerpt":{"rendered":"<p>Huelga General en la India: Los y las Camaradas del PCOI Difunden Ideas Comunistas y Preparan el Primero de Mayo aqu\u00ed \u2666\u00a0\u201cUna sola chispa puede prenderle fuego a una pradera\u201d aqu\u00ed \u2666 Huelga General en la India: Los Camaradas del PCOI Difunden las Ideas Comunistas y Preparan el Primero de Mayo CHENNAI (India), 17 de &hellip; <a href=\"https:\/\/icwpredflag.org\/wp\/wordpress\/wps\/volumen-13-numero-5\/huelga-general-en-la-india-oportunidad-para-construir-el-poci\/\" class=\"more-link\">Sigue leyendo <span class=\"screen-reader-text\">Huelga General en la India: Oportunidad para Construir el POCI<\/span><\/a><\/p>\n","protected":false},"author":6,"featured_media":5655,"parent":9089,"menu_order":0,"comment_status":"closed","ping_status":"closed","template":"","meta":{"footnotes":""},"class_list":["post-9106","page","type-page","status-publish","has-post-thumbnail","hentry"],"_links":{"self":[{"href":"https:\/\/icwpredflag.org\/wp\/wordpress\/wps\/wp-json\/wp\/v2\/pages\/9106","targetHints":{"allow":["GET"]}}],"collection":[{"href":"https:\/\/icwpredflag.org\/wp\/wordpress\/wps\/wp-json\/wp\/v2\/pages"}],"about":[{"href":"https:\/\/icwpredflag.org\/wp\/wordpress\/wps\/wp-json\/wp\/v2\/types\/page"}],"author":[{"embeddable":true,"href":"https:\/\/icwpredflag.org\/wp\/wordpress\/wps\/wp-json\/wp\/v2\/users\/6"}],"replies":[{"embeddable":true,"href":"https:\/\/icwpredflag.org\/wp\/wordpress\/wps\/wp-json\/wp\/v2\/comments?post=9106"}],"version-history":[{"count":2,"href":"https:\/\/icwpredflag.org\/wp\/wordpress\/wps\/wp-json\/wp\/v2\/pages\/9106\/revisions"}],"predecessor-version":[{"id":9133,"href":"https:\/\/icwpredflag.org\/wp\/wordpress\/wps\/wp-json\/wp\/v2\/pages\/9106\/revisions\/9133"}],"up":[{"embeddable":true,"href":"https:\/\/icwpredflag.org\/wp\/wordpress\/wps\/wp-json\/wp\/v2\/pages\/9089"}],"wp:featuredmedia":[{"embeddable":true,"href":"https:\/\/icwpredflag.org\/wp\/wordpress\/wps\/wp-json\/wp\/v2\/media\/5655"}],"wp:attachment":[{"href":"https:\/\/icwpredflag.org\/wp\/wordpress\/wps\/wp-json\/wp\/v2\/media?parent=9106"}],"curies":[{"name":"wp","href":"https:\/\/api.w.org\/{rel}","templated":true}]}}