{"id":9113,"date":"2022-04-24T00:58:37","date_gmt":"2022-04-24T00:58:37","guid":{"rendered":"https:\/\/icwpredflag.org\/wp\/wordpress\/wps\/?page_id=9113"},"modified":"2022-04-24T07:49:32","modified_gmt":"2022-04-24T07:49:32","slug":"eeuu-organizando-en-las-escuelas-secundarias-construye-trabajo-comunista-entre-soldados","status":"publish","type":"page","link":"https:\/\/icwpredflag.org\/wp\/wordpress\/wps\/volumen-13-numero-5\/eeuu-organizando-en-las-escuelas-secundarias-construye-trabajo-comunista-entre-soldados\/","title":{"rendered":"EEUU: Organizando en las Escuelas Secundarias se Construye Trabajo Comunista Entre Soldados"},"content":{"rendered":"<p style=\"text-align: center;\"><strong>Estudiantes de Secundaria Distribuyen Volante Comunista Sobre la Crisis Ucraniana <a class=\"icwp-emph\" href=\"#1\">aqu\u00ed \u2666<\/a>\u00a0 Reclutadores Militares en las Escuelas Secundarias en EE. UU. <a class=\"icwp-emph\" href=\"#2\">aqu\u00ed \u2666<\/a>\u00a0 \u201cMe Hice Comunista en la Escuela Secundaria. Entonces Me Alist\u00e9 en el Ejercito de EE. UU.\u201d <a class=\"icwp-emph\" href=\"#3\">aqu\u00ed \u2666<\/a><\/strong><\/p>\n<p style=\"text-align: center;\"><img loading=\"lazy\" decoding=\"async\" class=\"aligncenter wp-image-9088\" src=\"https:\/\/icwpredflag.org\/wp\/wordpress\/wps\/wp-content\/uploads\/sites\/2\/2022\/04\/recruit.jpg\" alt=\"\" width=\"633\" height=\"476\" \/><\/p>\n<h4 id=\"1\" style=\"text-align: center;\"><span style=\"color: #ff0000;\"><strong>Estudiantes de Escuelas Secundarias Distribuyen Volante Comunista Sobre Crisis Ucraniana <\/strong><\/span><\/h4>\n<p style=\"text-align: justify;\">LOS \u00c1NGELES (EE. UU.)\u2014Nuestro colectivo de secundaria ley\u00f3 la \u201cDeclaraci\u00f3n del PCOI sobre la Guerra en Ucrania\u201d y la resumi\u00f3 en un volante titulado \u201c\u00bfQu\u00e9 Significa para Ti la Crisis de Ucrania? \u00a1La Revoluci\u00f3n Comunista Pondr\u00e1 Fin a las Guerras Mortales por Ganancias!\u201d.<\/p>\n<p style=\"text-align: justify;\">Los estudiantes repartieron cerca de cien volante mano a mano a otros estudiantes. \u201cUno de mis maestros agarr\u00f3 el volante y lo colg\u00f3 en su pared\u201d, dijo Gloria sonriendo. \u201cSupongo que le gust\u00f3\u201d. Este maestro ahora est\u00e1 recibiendo Bandera Roja.<\/p>\n<p style=\"text-align: justify;\">Sonia dijo: \u201cNo pens\u00e9 que otros estudiantes estar\u00edan interesados en temas como este porque generalmente solo piensan en deportes y videojuegos, pero este joven dijo que le gustaba y quer\u00eda una copia adicional para su madre\u201d.<\/p>\n<p style=\"text-align: justify;\">El volante discut\u00eda c\u00f3mo la guerra en Ucrania es una guerra imperialista con fines de lucro que afecta directamente a los EE. UU., Europa y Rusia e indirectamente a China y al resto del mundo. Est\u00e1 afectando a la clase obrera internacional, soldados y estudiantes en todas partes. Esta es nuestra oportunidad de presentar la alternativa comunista a la devastaci\u00f3n que los patrones hambrientos de ganancias est\u00e1n infligiendo a nuestra clase.<\/p>\n<p style=\"text-align: justify;\">El volante llamaba por una sociedad comunista en la que nada se produzca con fines lucrativos. Los capitalistas no podr\u00e1n hacer dinero con cosas que afectan a toda la sociedad. La sociedad comunista eliminar\u00e1 las guerras con fines lucrativos. En una sociedad sin dinero, la clase trabajadora podr\u00e1 construir caminos, casas, hospitales y todo lo necesario para satisfacer nuestras necesidades.<\/p>\n<p style=\"text-align: justify;\">El volante concluy\u00f3 que nuestra principal lucha es llegar a los estudiantes, trabajadores y soldados con nuestra perspectiva comunista. El mundo est\u00e1 entrando en un per\u00edodo de guerras m\u00e1s intensas, fascismo, xenofobia, y sexismo a medida que los patrones atacan brutalmente a nuestros hermanos y hermanas de clase obrera para quebrantar nuestra determinaci\u00f3n de contraatacar. Nosotros al igual que futuras generaciones deber\u00edamos vivir en un mundo libre de todo esto. Contrarrestaremos estos ataques con la organizaci\u00f3n comunista. Tenemos una tremenda confianza en la clase obrera internacional para acabar con el sistema de ganancias mortal. Invitamos a los lectores a unirse al Partido Comunista Obrero Internacional y distribuir Bandera Roja.<\/p>\n<p style=\"text-align: justify;\">El volante podr\u00eda haber dejado m\u00e1s claro que la guerra en Ucrania fue provocada por la Organizaci\u00f3n del Tratado del Atl\u00e1ntico Norte (OTAN), principalmente dirigida por los EE. UU. Como declar\u00f3 el ministro de finanzas franc\u00e9s: \u201cNosotros [la OTAN] estamos librando una guerra econ\u00f3mica y financiera total contra Rusia, Putin y su gobierno\u201d. Estados Unidos, Canad\u00e1 y varias naciones de Europa occidental crearon la OTAN en 1949 para enfrentarse a la antigua Uni\u00f3n de Rep\u00fablicas Socialistas Sovi\u00e9ticas (URSS), que estaba dirigida por Rusia. En otras palabras, la guerra en Ucrania es una guerra de poder, una guerra principalmente entre dos superpotencias. En este caso, es una guerra entre Rusia y EE. UU.\/Reino Unido\/OTAN.<\/p>\n<p style=\"text-align: justify;\">Los j\u00f3venes de nuestro colectivo de secundaria ans\u00edan un sistema que sea m\u00e1s adecuado para que prospere toda la clase trabajadora. Estos estudiantes est\u00e1n dando los primeros pasos para movilizar a las masas para el comunismo y unirse al PCOI.<\/p>\n<p style=\"text-align: justify;\">Como dijo Latricia, \u201ccon nuestra distribuci\u00f3n de este volante, as\u00ed como de Bandera Roja, ha crecido el inter\u00e9s de los estudiantes en derrocar al sistema del capitalismo con la movilizaci\u00f3n comunista. Bandera Roja brinda a los estudiantes informaci\u00f3n sobre c\u00f3mo se explota a la clase trabajadora y c\u00f3mo podemos deshacernos de esa explotaci\u00f3n\u201d.<\/p>\n<p style=\"text-align: justify;\">Estos estudiantes asisten a una escuela secundaria donde el PCOI ha movilizado hist\u00f3ricamente a estudiantes para el trabajo militar y comunista en otros lugares. Los alumnos anteriores han madurado y han ingresado a la educaci\u00f3n y otros campos en la fuerza laboral. Las escuelas secundarias en el capitalismo est\u00e1n destinadas a reproducir las relaciones capitalistas con la nueva clase trabajadora que viene. Los gerentes, supervisores y directores ejecutivos, hasta los trabajadores pobres. El individualismo, el materialismo y el resultado final de los negocios, las ganancias son las ideolog\u00edas de hoy. A medida que continuamos organizando en las escuelas, esperamos seguir ganando estudiantes como estos para organizar a sus familias, amigos y camaradas cerca y lejos, mientras hacemos crecer el partido para terminar con todas las guerras movilizando a las masas por el comunismo.<\/p>\n<h4 id=\"2\" style=\"text-align: center;\"><span style=\"color: #ff0000;\"><strong>Reclutadores Militares en las Escuelas Secundarias de EE. UU.<\/strong><\/span><\/h4>\n<p style=\"text-align: justify;\">Estoy asombrado, especialmente en el per\u00edodo actual, donde algunos supuestos izquierdistas subestiman la necesidad de las fuerzas armadas para hacer y defender la revoluci\u00f3n, sin embargo, los capitalistas no tienen problema en ir a las escuelas secundarias y reclutar j\u00f3venes para que formen parte de sus fuerzas armadas para defender sus reg\u00edmenes reaccionarios. Parece que la mayor\u00eda de los falsos izquierdistas no tienen ni idea de c\u00f3mo hacer la lucha revolucionaria y defender los logros de la revoluci\u00f3n. \u2014<\/p>\n<p>Camarada Maestro<\/p>\n<h4 id=\"3\" style=\"text-align: center;\"><span style=\"color: #ff0000;\"><strong>\u201cMe Hice Comunista en la Secundaria. Luego Me Alist\u00e9 en el Ej\u00e9rcito Estadounidense.<\/strong><\/span><\/h4>\n<p style=\"text-align: justify;\">Somos un partido internacional. Lo que hacemos puede ayudar a construir el movimiento comunista internacional en el otro lado del mundo. Vimos esa verdad en acci\u00f3n cuando le\u00edmos el art\u00edculo de una camarada en India que comparti\u00f3 nuestro folleto militar con soldados en Cachemira.<\/p>\n<p style=\"text-align: justify;\">Fuimos parte del colectivo que escribi\u00f3 el folleto. Surgi\u00f3 del trabajo que hicimos, donde los estudiantes de secundaria se hicieron comunistas e ingresaron al ej\u00e9rcito para organizar. Cuando salieron, trabajamos juntos en el folleto.<\/p>\n<p style=\"text-align: justify;\">Uno de nosotros dice: \u201cMe hice comunista en la escuela secundaria. Debido a que organic\u00e9 en la escuela y luego fui al Valle Central de California para organizar con los comunistas en los campos agr\u00edcolas, ya era un soldado con ideas comunistas cuando ingres\u00e9 al Ej\u00e9rcito de los EE. UU.<\/p>\n<p style=\"text-align: justify;\">\u201cDescubr\u00ed que mis compa\u00f1eros soldados ingresaron al ej\u00e9rcito por una variedad de razones, pero ninguno de ellos dijo que estaban all\u00ed para proteger el capitalismo. Y descubrimos que muchos de ellos estaban abiertos a las ideas comunistas.<\/p>\n<p style=\"text-align: justify;\">\u201cLos reclutadores militares vinieron a nuestra escuela secundaria. Nos dijeron cu\u00e1n grandes eran las oportunidades en el ej\u00e9rcito, que recibir\u00edamos capacitaci\u00f3n para un buen trabajo y nos convertir\u00edamos en personas m\u00e1s fuerte. Pero nunca nos dijeron que estar\u00edamos all\u00ed para proteger el petr\u00f3leo, o defender el imperialismo estadounidense, o que eso podr\u00eda costarnos la vida.<\/p>\n<p style=\"text-align: justify;\">\u201cNo es una cosa mala que el Ej\u00e9rcito vaya a estas escuelas, donde el Partido tiene que concentrarse m\u00e1s en ganar j\u00f3venes a las ideas comunistas. Ya sea que entren al ej\u00e9rcito o no, ser\u00e1n parte de la clase trabajadora.<\/p>\n<p style=\"text-align: justify;\">\u201cTenemos que decirles la verdad respecto a las fuerzas armadas: que protegen el sistema de ganancias en todo el mundo. Y darles a los j\u00f3venes las herramientas para ir al ej\u00e9rcito y hablar sobre las ideas comunistas. Pero estar\u00e1s organizando en el ej\u00e9rcito de los patrones. No lo hacen f\u00e1cil.<\/p>\n<p style=\"text-align: justify;\">\u201cSoldados a los cuales se les ordena llevar a cabo ataques genocidas contra trabajadores como ellos, como los soldados estadounidenses en Vietnam y los soldados indios en Cachemira, estar\u00e1n a\u00fan m\u00e1s abiertos a las ideas comunistas. Pero imag\u00ednese si exponemos a estos reclutas a las ideas comunistas antes de que ingresen al ej\u00e9rcito: pensar\u00e1n de manera muy diferente.<\/p>\n<p style=\"text-align: justify;\">\u201cAs\u00ed que el trabajo de los organizadores comunistas en las escuelas secundarias es crucial; si los trabajadores aprenden las ideas comunistas antes de entrar, eso har\u00e1 toda la diferencia\u201d.<\/p>\n<p>\u2014Camaradas en Los \u00c1ngeles (EE. UU.)<\/p>\n<p><img loading=\"lazy\" decoding=\"async\" class=\"aligncenter wp-image-8028\" src=\"https:\/\/icwpredflag.org\/wp\/wordpress\/wps\/wp-content\/uploads\/sites\/2\/2021\/08\/solderrf.jpg\" alt=\"\" width=\"408\" height=\"501\" \/><\/p>\n<p style=\"text-align: center;\"><strong>Lee nuestro panfleto Soldados, Marineros, Infantes de la Marina: Cruciales para la Revoluci\u00f3n Comunista Obrera enlace <span style=\"color: #ff0000;\"><a style=\"color: #ff0000;\" href=\"https:\/\/icwpredflag.org\/MIL\/mps.pdf\">aqu\u00ed<\/a><\/span> <\/strong><\/p>\n<h4><a href=\"https:\/\/icwpredflag.org\/wp\/wordpress\/wps\/volumen-13-numero-5\/\">Primera p\u00e1gina de esta edici\u00f3n<\/a><\/h4>\n","protected":false},"excerpt":{"rendered":"<p>Estudiantes de Secundaria Distribuyen Volante Comunista Sobre la Crisis Ucraniana aqu\u00ed \u2666\u00a0 Reclutadores Militares en las Escuelas Secundarias en EE. UU. aqu\u00ed \u2666\u00a0 \u201cMe Hice Comunista en la Escuela Secundaria. Entonces Me Alist\u00e9 en el Ejercito de EE. UU.\u201d aqu\u00ed \u2666 Estudiantes de Escuelas Secundarias Distribuyen Volante Comunista Sobre Crisis Ucraniana LOS \u00c1NGELES (EE. UU.)\u2014Nuestro &hellip; <a href=\"https:\/\/icwpredflag.org\/wp\/wordpress\/wps\/volumen-13-numero-5\/eeuu-organizando-en-las-escuelas-secundarias-construye-trabajo-comunista-entre-soldados\/\" class=\"more-link\">Sigue leyendo <span class=\"screen-reader-text\">EEUU: Organizando en las Escuelas Secundarias se Construye Trabajo Comunista Entre Soldados<\/span><\/a><\/p>\n","protected":false},"author":6,"featured_media":5655,"parent":9089,"menu_order":0,"comment_status":"closed","ping_status":"closed","template":"","meta":{"footnotes":""},"class_list":["post-9113","page","type-page","status-publish","has-post-thumbnail","hentry"],"_links":{"self":[{"href":"https:\/\/icwpredflag.org\/wp\/wordpress\/wps\/wp-json\/wp\/v2\/pages\/9113","targetHints":{"allow":["GET"]}}],"collection":[{"href":"https:\/\/icwpredflag.org\/wp\/wordpress\/wps\/wp-json\/wp\/v2\/pages"}],"about":[{"href":"https:\/\/icwpredflag.org\/wp\/wordpress\/wps\/wp-json\/wp\/v2\/types\/page"}],"author":[{"embeddable":true,"href":"https:\/\/icwpredflag.org\/wp\/wordpress\/wps\/wp-json\/wp\/v2\/users\/6"}],"replies":[{"embeddable":true,"href":"https:\/\/icwpredflag.org\/wp\/wordpress\/wps\/wp-json\/wp\/v2\/comments?post=9113"}],"version-history":[{"count":9,"href":"https:\/\/icwpredflag.org\/wp\/wordpress\/wps\/wp-json\/wp\/v2\/pages\/9113\/revisions"}],"predecessor-version":[{"id":9137,"href":"https:\/\/icwpredflag.org\/wp\/wordpress\/wps\/wp-json\/wp\/v2\/pages\/9113\/revisions\/9137"}],"up":[{"embeddable":true,"href":"https:\/\/icwpredflag.org\/wp\/wordpress\/wps\/wp-json\/wp\/v2\/pages\/9089"}],"wp:featuredmedia":[{"embeddable":true,"href":"https:\/\/icwpredflag.org\/wp\/wordpress\/wps\/wp-json\/wp\/v2\/media\/5655"}],"wp:attachment":[{"href":"https:\/\/icwpredflag.org\/wp\/wordpress\/wps\/wp-json\/wp\/v2\/media?parent=9113"}],"curies":[{"name":"wp","href":"https:\/\/api.w.org\/{rel}","templated":true}]}}