{"id":9319,"date":"2022-06-25T01:07:54","date_gmt":"2022-06-25T01:07:54","guid":{"rendered":"https:\/\/icwpredflag.org\/wp\/wordpress\/wps\/?page_id=9319"},"modified":"2022-06-25T02:48:29","modified_gmt":"2022-06-25T02:48:29","slug":"south-africa-mobilising-industrial-workers-for-communism","status":"publish","type":"page","link":"https:\/\/icwpredflag.org\/wp\/wordpress\/wps\/volumen-13-numero-8\/south-africa-mobilising-industrial-workers-for-communism\/","title":{"rendered":"South Africa: Mobilising Industrial Workers for Communism"},"content":{"rendered":"<p style=\"text-align: center;\"><strong>Pr\u00e1ctica y Teor\u00eda Comunistas <a class=\"icwp-emph\" href=\"#1\">aqu\u00ed \u2666<\/a> Crisis del Agua Provocada por el Capitalismo <a class=\"icwp-emph\" href=\"#2\">aqu\u00ed \u2666<\/a><\/strong><\/p>\n<p><strong> <img loading=\"lazy\" decoding=\"async\" class=\"aligncenter wp-image-9303\" src=\"https:\/\/icwpredflag.org\/wp\/wordpress\/wps\/wp-content\/uploads\/sites\/2\/2022\/06\/brickSA.jpg\" alt=\"\" width=\"731\" height=\"435\" srcset=\"https:\/\/icwpredflag.org\/wp\/wordpress\/wps\/wp-content\/uploads\/sites\/2\/2022\/06\/brickSA.jpg 541w, https:\/\/icwpredflag.org\/wp\/wordpress\/wps\/wp-content\/uploads\/sites\/2\/2022\/06\/brickSA-300x179.jpg 300w\" sizes=\"auto, (max-width: 731px) 100vw, 731px\" \/><\/strong><\/p>\n<h4 id=\"1\" style=\"text-align: center;\"><span style=\"color: #ff0000;\"><strong>Pr\u00e1ctica y Teor\u00eda Comunistas y Construcci\u00f3n de Relaciones Comunistas en Sud\u00e1frica<\/strong><\/span><\/h4>\n<p style=\"text-align: justify;\">21 de junio\u2014En el \u00faltimo mes hemos intensificado nuestros esfuerzos para movilizar y reclutar trabajadores para el Partido. Hemos estado visitando \u00e1reas industriales alrededor de Port Elizabeth (Sud\u00e1frica) para distribuir Bandera Roja\\s, ya que la dial\u00e9ctica afirma que \u201cel cambio cuantitativo lleva al cambio cualitativo\u201d.<\/p>\n<p style=\"text-align: justify;\">Hemos recibido algunas reacciones positivas de los obreros. Encontramos a una de nuestras camaradas que trabaja en una f\u00e1brica de contenedores de gas. El hecho de que ella trabaje all\u00ed nos dar\u00e1 una ventaja en t\u00e9rminos de tratar de formar una base\/c\u00e9lula all\u00ed porque ella ya est\u00e1 adentro.<\/p>\n<p style=\"text-align: justify;\">Con mucho gusto explicamos a los obreros que incluso el partido socialista y los sindicatos nunca acabar\u00e1n con la miseria del capitalismo. Porque mientras estemos en una sociedad capitalista, siempre habr\u00e1 una lucha de clases y el capitalismo nunca podr\u00e1 ser reformado.<\/p>\n<p style=\"text-align: justify;\">La \u00fanica forma de acabar con esta miseria del capitalismo es que los trabajadores se unan al Partido Comunista Obrero Internacional y derroten al sistema capitalista a trav\u00e9s de una revoluci\u00f3n.<\/p>\n<p style=\"text-align: justify;\">Tambi\u00e9n nos hemos encontrado con trabajadores que se oponen a una sociedad comunista. Entendemos que, en nuestra lucha por realizar una sociedad comunista, habr\u00e1 sirvientes de los patrones que ser\u00e1n un obst\u00e1culo.<\/p>\n<p style=\"text-align: justify;\">Tambi\u00e9n se ha sumado un nuevo camarada que se ha comprometido a repartir la Bandera Roja cada vez que visitemos estas zonas industriales.<\/p>\n<p style=\"text-align: justify;\">Tambi\u00e9n hemos decidido estudiar la dial\u00e9ctica en los pr\u00f3ximos encuentros colectivos que haremos para que los nuevos camaradas puedan entender mejor el Partido. Esto les har\u00e1 crecer en confianza, para poder responder a las preguntas que se les hagan cada vez que movilicen, recluten e inviten gente al Partido.<\/p>\n<p>\u2014Camaradas en Puerto Elizabeth<\/p>\n<h4 id=\"2\" style=\"text-align: center;\"><span style=\"color: #ff0000;\"><strong>Crisis del Agua Provocada por el Capitalismo, No por el Clima<\/strong><\/span><\/h4>\n<p style=\"text-align: justify;\">PORT ELIZABETH (Sud\u00e1frica), 19 de junio\u2014 Port Elizabeth y el Cabo Oriental en general enfrentan una crisis de agua. Cada vez que leemos las noticias, existe la idea err\u00f3nea de que la raz\u00f3n de esto es la falta de lluvia. Pero como colectivo del PCOI, adoptamos la opini\u00f3n de que esta crisis a la que nos enfrentamos es creada por el ser humano. Este es un s\u00edntoma del capitalismo.<\/p>\n<p style=\"text-align: justify;\">Porque si nos fijamos en las cervecer\u00edas sudafricanas, contin\u00faan produciendo cervezas y sidras sin interrupci\u00f3n. La mayor\u00eda de las minas utilizan agua. Coca Cola est\u00e1 produciendo refrescos y bebidas energizantes que son perjudiciales para la salud de nuestros hermanos y hermanas de clase. Sin embargo, no podemos tener agua.<\/p>\n<p style=\"text-align: justify;\">Encuentras que las casas de los patrones capitalistas en Summerstrand, y otros lugares, tienen sus piscinas llenas y sus calles limpias. Pero para nosotros aqu\u00ed en las barriadas solo ponen el agua cada tres o cuatro d\u00edas.<\/p>\n<p style=\"text-align: justify;\">\u00a1Imag\u00ednate! Ni siquiera puedes usar el inodoro, y mucho menos puedes beberla o lavarte. Entonces, estas son las condiciones en las que estamos viviendo, no por la escasez de lluvia sino por la negligencia del capitalismo y la corrupci\u00f3n del sistema.<\/p>\n<p style=\"text-align: justify;\">Para abordar la cuesti\u00f3n del agua no solo aqu\u00ed sino tambi\u00e9n en otros lugares del mundo, necesitamos erradicar el capitalismo. Porque esa es la causa de la falta de agua, porque la comercializan.<\/p>\n<p style=\"text-align: justify;\">Ahora, si excedes algunos litros establecidos, simplemente pueden desconectarte el agua. Dici\u00e9ndole a la gente que use cincuenta litros (trece galones) al d\u00eda, una casa de siete u ocho personas, tienen que lavar, tienen que cocinar, todav\u00eda tienen que usar el ba\u00f1o. Todo esto con cincuenta litros de agua. Mientras que la gente rica tiene estos c\u00e9sped verdes y todo lo que necesita en sus propias casas.<\/p>\n<p style=\"text-align: justify;\">Este problema no es creado por la falta de lluvia. Es un problema debido al capitalismo.<\/p>\n<p style=\"text-align: justify;\">Como colectivo del PCOI hemos tomado la decisi\u00f3n de no quedarnos de brazos cruzados. Seguiremos movilizando a los trabajadores industriales para el comunismo. Continuaremos reclutando a nuestros hermanos y hermanas de clase para que puedan ingresar al Partido para luchar contra el maldito capitalismo.<\/p>\n<p style=\"text-align: justify;\">No centrarse solo en la crisis del agua o la electricidad porque estos son los s\u00edntomas del capitalismo, no la enfermedad. Necesitamos erradicar la enfermedad, eliminar el c\u00e1ncer que es el capitalismo.<\/p>\n<p style=\"text-align: justify;\">Asumimos la tarea de distribuir y tambi\u00e9n de escribir para que podamos producir Bandera Roja y compartir con nuestros camaradas nuestra experiencia, para que podamos intercambiar puntos de vista y soluciones sobre c\u00f3mo podemos fortalecer la lucha contra el capitalismo.<\/p>\n<h4><a href=\"https:\/\/icwpredflag.org\/wp\/wordpress\/wps\/volumen-13-numero-8\/\">Primera p\u00e1gina de esta edici\u00f3n<\/a><\/h4>\n","protected":false},"excerpt":{"rendered":"<p>Pr\u00e1ctica y Teor\u00eda Comunistas aqu\u00ed \u2666 Crisis del Agua Provocada por el Capitalismo aqu\u00ed \u2666 Pr\u00e1ctica y Teor\u00eda Comunistas y Construcci\u00f3n de Relaciones Comunistas en Sud\u00e1frica 21 de junio\u2014En el \u00faltimo mes hemos intensificado nuestros esfuerzos para movilizar y reclutar trabajadores para el Partido. Hemos estado visitando \u00e1reas industriales alrededor de Port Elizabeth (Sud\u00e1frica) para &hellip; <a href=\"https:\/\/icwpredflag.org\/wp\/wordpress\/wps\/volumen-13-numero-8\/south-africa-mobilising-industrial-workers-for-communism\/\" class=\"more-link\">Sigue leyendo <span class=\"screen-reader-text\">South Africa: Mobilising Industrial Workers for Communism<\/span><\/a><\/p>\n","protected":false},"author":6,"featured_media":5655,"parent":9297,"menu_order":0,"comment_status":"closed","ping_status":"closed","template":"","meta":{"footnotes":""},"class_list":["post-9319","page","type-page","status-publish","has-post-thumbnail","hentry"],"_links":{"self":[{"href":"https:\/\/icwpredflag.org\/wp\/wordpress\/wps\/wp-json\/wp\/v2\/pages\/9319","targetHints":{"allow":["GET"]}}],"collection":[{"href":"https:\/\/icwpredflag.org\/wp\/wordpress\/wps\/wp-json\/wp\/v2\/pages"}],"about":[{"href":"https:\/\/icwpredflag.org\/wp\/wordpress\/wps\/wp-json\/wp\/v2\/types\/page"}],"author":[{"embeddable":true,"href":"https:\/\/icwpredflag.org\/wp\/wordpress\/wps\/wp-json\/wp\/v2\/users\/6"}],"replies":[{"embeddable":true,"href":"https:\/\/icwpredflag.org\/wp\/wordpress\/wps\/wp-json\/wp\/v2\/comments?post=9319"}],"version-history":[{"count":3,"href":"https:\/\/icwpredflag.org\/wp\/wordpress\/wps\/wp-json\/wp\/v2\/pages\/9319\/revisions"}],"predecessor-version":[{"id":9353,"href":"https:\/\/icwpredflag.org\/wp\/wordpress\/wps\/wp-json\/wp\/v2\/pages\/9319\/revisions\/9353"}],"up":[{"embeddable":true,"href":"https:\/\/icwpredflag.org\/wp\/wordpress\/wps\/wp-json\/wp\/v2\/pages\/9297"}],"wp:featuredmedia":[{"embeddable":true,"href":"https:\/\/icwpredflag.org\/wp\/wordpress\/wps\/wp-json\/wp\/v2\/media\/5655"}],"wp:attachment":[{"href":"https:\/\/icwpredflag.org\/wp\/wordpress\/wps\/wp-json\/wp\/v2\/media?parent=9319"}],"curies":[{"name":"wp","href":"https:\/\/api.w.org\/{rel}","templated":true}]}}