{"id":9340,"date":"2022-06-25T01:54:11","date_gmt":"2022-06-25T01:54:11","guid":{"rendered":"https:\/\/icwpredflag.org\/wp\/wordpress\/wps\/?page_id=9340"},"modified":"2022-06-25T03:01:35","modified_gmt":"2022-06-25T03:01:35","slug":"mas-cartas-para-bandera-roja","status":"publish","type":"page","link":"https:\/\/icwpredflag.org\/wp\/wordpress\/wps\/volumen-13-numero-8\/mas-cartas-para-bandera-roja\/","title":{"rendered":"Mas Cartas para Bandera Roja"},"content":{"rendered":"<p style=\"text-align: center;\"><strong>Resolviendo Contradicciones para Construir el PCOI que Necesitamos <a class=\"icwp-emph\" href=\"#1\">aqu\u00ed \u2666<\/a> La Educaci\u00f3n en Tiempos de Pandemia <a class=\"icwp-emph\" href=\"#2\">aqu\u00ed \u2666<\/a> Educaci\u00f3n Comunista para para una sociedad sin Clases <a class=\"icwp-emph\" href=\"#3\">aqu\u00ed \u2666<\/a><\/strong><\/p>\n<p><img loading=\"lazy\" decoding=\"async\" class=\"aligncenter wp-image-9305\" src=\"https:\/\/icwpredflag.org\/wp\/wordpress\/wps\/wp-content\/uploads\/sites\/2\/2022\/06\/fisttool.jpg\" alt=\"\" width=\"471\" height=\"424\" \/><\/p>\n<h4 id=\"1\" style=\"text-align: center;\"><span style=\"color: #ff0000;\"><strong>Resolviendo Contradicciones para Construir el PCOI que Necesitamos<\/strong><\/span><\/h4>\n<p style=\"text-align: justify;\">El trabajo inspirador de los camaradas en El Salvador, Sud\u00e1frica y la India comienza a mostrar c\u00f3mo podemos convertirnos no solo en un m\u00e1s grande, sino en un mejor, Partido Comunista Obrero Internacional: Un partido masivo de miembros dedicados con una base a\u00fan m\u00e1s masiva.<\/p>\n<p style=\"text-align: justify;\">Donde \u201cde cada uno seg\u00fan su compromiso y capacidad, a cada uno seg\u00fan su necesidad\u201d describe nuestro trabajo comunista ahora y en el futuro.<\/p>\n<p style=\"text-align: justify;\">Donde la forma en que tomamos, llevamos a cabo y evaluamos decisiones hoy apunta hacia c\u00f3mo esperamos hacerlo en el futuro.<\/p>\n<p style=\"text-align: justify;\">Donde colectivamente llevamos a cabo nuestra l\u00ednea pol\u00edtica mientras hacemos posible que los miembros del Partido y los colectivos ayuden a desarrollar esa l\u00ednea basado en la pr\u00e1ctica.<\/p>\n<p style=\"text-align: justify;\">Reclutando a decenas de obreros y j\u00f3venes, como han comenzado a hacer algunos colectivos, puede transformar al PCOI en el Partido que comenzamos a imaginar en MMC. Pero necesitamos ideas m\u00e1s claras sobre esto.<\/p>\n<p style=\"text-align: justify;\">Las ideas sobre la organizaci\u00f3n partidaria son parte de nuestra l\u00ednea pol\u00edtica. Por ejemplo, los camaradas de Sud\u00e1frica explicaron a los obreros que no cobramos \u201ccuotas\u201d. En su lugar, obtenemos el dinero que necesitamos explicando esa necesidad y pidiendo a los amigos que contribuyan si est\u00e1n dispuestos y pueden.<\/p>\n<p style=\"text-align: justify;\">El comunismo no les dir\u00e1 a las masas \u201co trabajan o se mueren de hambre\u201d como lo hacen las sociedades basadas en salarios, incluido el socialismo. Explicaremos por qu\u00e9 las tareas son necesarias y pediremos a todos que contribuyan seg\u00fan su voluntad y capacidad. Hoy no establecemos \u201ccuotas\u201d para distribuir Bandera Roja o asistir a reuniones. En cambio, trabajamos colectivamente para resolver las contradicciones entre lo que queremos hacer para construir el Partido y lo que nos detiene. Planificamos c\u00f3mo cada camarada y colectivo puede contribuir mejor al trabajo.<\/p>\n<p style=\"text-align: justify;\">A veces le pedimos a un amigo que se una al Partido y dice: \u201cTe apoyo, pero no puedo ser tan activo como t\u00fa\u201d o \u201cNo entiendo la l\u00ednea lo suficientemente bien\u201d. Respondemos, \u201ceste es un Partido de masas, damos la bienvenida a todos los que apoyan el comunismo\u201d. Pero tal vez no se unen, o dicen \u201cest\u00e1 bien\u201d pero luego se retiran.<\/p>\n<p style=\"text-align: justify;\">\u00bfPor qu\u00e9? En parte porque no somos lo suficientemente claros sobre la pol\u00edtica de la organizaci\u00f3n del Partido. Todav\u00eda no somos el Partido que nos esforzamos por ser. Debemos resolver algunas contradicciones para avanzar (y descubrir nuevas contradicciones). Ejemplos:<\/p>\n<p style=\"text-align: justify;\">\u00bfDeber\u00edamos estar construyendo un Partido de masas ahora, o est\u00e1 bien ser un Partido peque\u00f1o con una base masiva? \u00bfC\u00f3mo afecta la respuesta al reclutamiento?<\/p>\n<p style=\"text-align: justify;\">\u00bfQu\u00e9 entendemos por \u201cliderato\u201d? \u00bfC\u00f3mo identificamos y desarrollamos camaradas que asuman m\u00e1s responsabilidades? Las experiencias de los camaradas salvadore\u00f1os que est\u00e1n avanzando el trabajo fabril deben avanzar nuestra l\u00ednea pol\u00edtica como tambi\u00e9n nuestra pr\u00e1ctica.<\/p>\n<p style=\"text-align: justify;\">En el comunismo, el Partido organizar\u00e1 a las masas para tomar decisiones. Pero hoy no tenemos una pr\u00e1ctica efectiva para resolver contradicciones o desacuerdos. Resolviendo esta contradicci\u00f3n nos permitir\u00e1 avanzar en las dem\u00e1s.<\/p>\n<p style=\"text-align: justify;\">Una vez que todos podamos reunirnos y trabajar hacia el consenso. Ya no podemos reunirnos m\u00e1s, ni siquiera en Zoom. \u00bfC\u00f3mo organizamos las discusiones y la toma de decisiones ahora de una manera que comience a mostrar c\u00f3mo funcionar\u00e1 el comunismo? \u00bfQu\u00e9 pr\u00e1cticas ayudar\u00e1n efectivamente a reclutar y organizar a muchos nuevos camaradas? Cuando empecemos a buscar respuestas, las encontraremos.<\/p>\n<p>\u2014Camarada en Los \u00c1ngeles (EE. UU.)<\/p>\n<h4 id=\"2\" style=\"text-align: center;\"><span style=\"color: #ff0000;\"><strong>LA EDUCACION EN TIEMPO DE PANDEMIA<\/strong><\/span><\/h4>\n<p style=\"text-align: justify;\">La pobreza educativa en El Salvador es cada a\u00f1o m\u00e1s aguda. Antes de la pandemia, seg\u00fan estudios del Banco Mundial y de la UNESCO, este fen\u00f3meno era alarmante ya que, se\u00f1alan que los ni\u00f1os de 10 a\u00f1os no son capaces de comprender textos. Antes de la pandemia ya exist\u00eda un 53% con este problema y se ha elevado a 73% con la crisis sanitaria.<\/p>\n<p style=\"text-align: justify;\">Si la capacidad de comprensi\u00f3n y de an\u00e1lisis esta disminuida, tambi\u00e9n lo estar\u00e1 el potencial de aprender y utilizar el conocimiento para desempe\u00f1arse en la vida. A todo esto, se le agrega la deserci\u00f3n escolar, la repitencia, la extra-edad y la migraci\u00f3n.<\/p>\n<p style=\"text-align: justify;\">Estos resultados son muy buenos para el capitalismo, sabemos que al sistema le conviene tener estos resultados para seguir generando ganancias y aumentando la explotaci\u00f3n de la clase trabajadora.<\/p>\n<p style=\"text-align: justify;\">Solamente una revoluci\u00f3n comunista parar\u00e1 este problema. Como docente, creo que es urgente que hagamos el trabajo de difundir las ideas comunistas entre nuestros colegas. Es urgente que las nuevas generaciones crezcan haciendo aprendizaje colectivo, evitando el egocentrismo, individualismo o como el sistema le quiera llamar a la educaci\u00f3n por competencia.<\/p>\n<p style=\"text-align: justify;\">En El Salvador se est\u00e1 entregando equipo tecnol\u00f3gico a toda la poblaci\u00f3n estudiantil del sistema p\u00fablico. Eso es bueno, pero no rinde frutos, con un magisterio acomodado a repetir contenidos y los equipos que los j\u00f3venes y ni\u00f1os han recibido siguen guardados en sus cajas.<\/p>\n<p style=\"text-align: justify;\">Yo, siento la necesidad de que los maestros debemos iniciar cambiando el rumbo de la educaci\u00f3n encaminarla hacia una educaci\u00f3n comunista, donde los objetivos sean el aprendizaje significativo para beneficio colectivo. Necesitamos maestros con ideas comunistas para dar un giro positivo a la educaci\u00f3n.<\/p>\n<p style=\"text-align: justify;\">Tenemos que ganar las masas de maestros para el comunismo, igual como estamos ganando m\u00e1s obreros en las f\u00e1bricas. Solo el comunismo vencer\u00e1 al capitalismo.<\/p>\n<p>-Una Maestra Comunista.<\/p>\n<h4 id=\"3\" style=\"text-align: center;\"><span style=\"color: #ff0000;\"><strong>El Comunismo Es la Soluci\u00f3n a la Creciente Desigualdad<\/strong><\/span><\/h4>\n<p style=\"text-align: justify;\">Despu\u00e9s de leer el art\u00edculo \u201cGuerra de Clases en las Escuelas de Oakland (EE. UU.)\u201d en la \u00faltima edici\u00f3n de Bandera Roja, reflexion\u00e9 sobre mis frecuentes visitas a Oakland, CA. Mi \u00faltima visita fue en mayo 2022. A menudo, cuando visito, alquilo una habitaci\u00f3n de hotel en el centro de Oakland, cerca del lago Merritt. Desde el a\u00f1o 2020, he notado personas sin hogar durmiendo en el Parque Lake Merritt.<\/p>\n<p style=\"text-align: justify;\">La situaci\u00f3n de las personas sin hogar en Lake Merritt Park ha empeorado cada vez m\u00e1s desde 2020. Adem\u00e1s, el centro de Oakland parece ser un pueblo fantasma. Est\u00e1 escasamente poblado. Incluso los restaurantes y tiendas de lujo en el puerto deportivo cerca de Jack London Square no tienen muchos clientes.<\/p>\n<p style=\"text-align: justify;\">El barrio chino de Oakland es parte del distrito comercial del centro de Oakland. Es importante tener en cuenta que barrio experiment\u00f3 un aumento en los delitos de odio contra los asi\u00e1ticos en 2020. Me informaron que esto exacerb\u00f3 las p\u00e9rdidas financieras de las empresas del centro de Oakland. Adem\u00e1s, en los \u00faltimos a\u00f1os, Oakland perdi\u00f3 sus equipos de f\u00fatbol profesional y de la Asociaci\u00f3n Nacional de Baloncesto.<\/p>\n<p style=\"text-align: justify;\">Claramente, Oakland est\u00e1 luchando financieramente. No invertir en el futuro de la ciudad (cerrar escuelas) har\u00e1 que una mala situaci\u00f3n se vuelva peor. Para colmo de males, los economistas predicen que un desplome de la bolsa de valores y una inflaci\u00f3n r\u00e9cord pronto conducir\u00e1n a una recesi\u00f3n. Con toda la riqueza en el \u00c1rea de la Bah\u00eda de San Francisco y los Estados Unidos, \u00bfc\u00f3mo es posible esta creciente desigualdad?<\/p>\n<p style=\"text-align: justify;\">Bueno, \u00a1tenemos una soluci\u00f3n! La soluci\u00f3n es movilizar a la gente econ\u00f3micamente oprimida de Oakland (y del mundo) para luchar por el comunismo. Con la s\u00f3lida historia de activismo de Oakland, creemos que existe un apetito por la igualdad real. Por ejemplo, en Oakland se fund\u00f3 el Partido Pantera Negra para la Autodefensa. Si est\u00e1s harto de ser v\u00edctima de la burgues\u00eda, \u00a1\u00fanete a nosotros ahora!<\/p>\n<p>Camarada en Los \u00c1ngeles (EE. UU.)<\/p>\n<h4><a href=\"https:\/\/icwpredflag.org\/wp\/wordpress\/wps\/volumen-13-numero-8\/\">Primera p\u00e1gina de esta edici\u00f3n<\/a><\/h4>\n","protected":false},"excerpt":{"rendered":"<p>Resolviendo Contradicciones para Construir el PCOI que Necesitamos aqu\u00ed \u2666 La Educaci\u00f3n en Tiempos de Pandemia aqu\u00ed \u2666 Educaci\u00f3n Comunista para para una sociedad sin Clases aqu\u00ed \u2666 Resolviendo Contradicciones para Construir el PCOI que Necesitamos El trabajo inspirador de los camaradas en El Salvador, Sud\u00e1frica y la India comienza a mostrar c\u00f3mo podemos convertirnos &hellip; <a href=\"https:\/\/icwpredflag.org\/wp\/wordpress\/wps\/volumen-13-numero-8\/mas-cartas-para-bandera-roja\/\" class=\"more-link\">Sigue leyendo <span class=\"screen-reader-text\">Mas Cartas para Bandera Roja<\/span><\/a><\/p>\n","protected":false},"author":6,"featured_media":5655,"parent":9297,"menu_order":0,"comment_status":"closed","ping_status":"closed","template":"","meta":{"footnotes":""},"class_list":["post-9340","page","type-page","status-publish","has-post-thumbnail","hentry"],"_links":{"self":[{"href":"https:\/\/icwpredflag.org\/wp\/wordpress\/wps\/wp-json\/wp\/v2\/pages\/9340","targetHints":{"allow":["GET"]}}],"collection":[{"href":"https:\/\/icwpredflag.org\/wp\/wordpress\/wps\/wp-json\/wp\/v2\/pages"}],"about":[{"href":"https:\/\/icwpredflag.org\/wp\/wordpress\/wps\/wp-json\/wp\/v2\/types\/page"}],"author":[{"embeddable":true,"href":"https:\/\/icwpredflag.org\/wp\/wordpress\/wps\/wp-json\/wp\/v2\/users\/6"}],"replies":[{"embeddable":true,"href":"https:\/\/icwpredflag.org\/wp\/wordpress\/wps\/wp-json\/wp\/v2\/comments?post=9340"}],"version-history":[{"count":2,"href":"https:\/\/icwpredflag.org\/wp\/wordpress\/wps\/wp-json\/wp\/v2\/pages\/9340\/revisions"}],"predecessor-version":[{"id":9359,"href":"https:\/\/icwpredflag.org\/wp\/wordpress\/wps\/wp-json\/wp\/v2\/pages\/9340\/revisions\/9359"}],"up":[{"embeddable":true,"href":"https:\/\/icwpredflag.org\/wp\/wordpress\/wps\/wp-json\/wp\/v2\/pages\/9297"}],"wp:featuredmedia":[{"embeddable":true,"href":"https:\/\/icwpredflag.org\/wp\/wordpress\/wps\/wp-json\/wp\/v2\/media\/5655"}],"wp:attachment":[{"href":"https:\/\/icwpredflag.org\/wp\/wordpress\/wps\/wp-json\/wp\/v2\/media?parent=9340"}],"curies":[{"name":"wp","href":"https:\/\/api.w.org\/{rel}","templated":true}]}}