{"id":9430,"date":"2022-07-17T05:23:43","date_gmt":"2022-07-17T05:23:43","guid":{"rendered":"https:\/\/icwpredflag.org\/wp\/wordpress\/wps\/?page_id=9430"},"modified":"2022-07-17T06:00:30","modified_gmt":"2022-07-17T06:00:30","slug":"reformistas-traicionan-las-rebeldes-masas-ecuatorianas","status":"publish","type":"page","link":"https:\/\/icwpredflag.org\/wp\/wordpress\/wps\/volumen-13-numero-9\/reformistas-traicionan-las-rebeldes-masas-ecuatorianas\/","title":{"rendered":"Reformistas Traicionan las Rebeldes Masas Ecuatorianas"},"content":{"rendered":"<h4 style=\"text-align: center\"><span style=\"color: #ff0000\"><strong>\u00a0<\/strong><\/span><\/h4>\n<p><img loading=\"lazy\" decoding=\"async\" class=\"aligncenter wp-image-9396\" src=\"https:\/\/icwpredflag.org\/wp\/wordpress\/wps\/wp-content\/uploads\/sites\/2\/2022\/07\/ssrilank.jpeg\" alt=\"\" width=\"703\" height=\"468\" srcset=\"https:\/\/icwpredflag.org\/wp\/wordpress\/wps\/wp-content\/uploads\/sites\/2\/2022\/07\/ssrilank.jpeg 500w, https:\/\/icwpredflag.org\/wp\/wordpress\/wps\/wp-content\/uploads\/sites\/2\/2022\/07\/ssrilank-300x200.jpeg 300w\" sizes=\"auto, (max-width: 703px) 100vw, 703px\" \/><\/p>\n<h4 style=\"text-align: center\"><span style=\"color: #ff0000\"><strong>Solo el Comunismo Puede Destruir el Capitalismo y Su Esclavitud Asalariada<\/strong><\/span><\/h4>\n<p style=\"text-align: justify\">8 de Julio &#8211; Despu\u00e9s de 18 d\u00edas de manifestaciones masivas, que paralizaron el pa\u00eds, los dirigentes de la CONAIE (Confederaci\u00f3n de Nacionalidades Ind\u00edgenas) traicionan de nuevo a las masas. Cesaron las manifestaciones a cambio del gobierno derogar el Estado de Excepci\u00f3n y reducir en 5 centavos el precio del combustible.<\/p>\n<p style=\"text-align: justify\">Las masas protestaban el alto costo de vida y el 56% de desempleo. Tambi\u00e9n exig\u00edan reducir el precio del combustible en 35 centavos. El precio pagado &#8211; 8 trabajadores muertos y m\u00e1s de 300 heridos &#8211; por estas limitadas demandas e \u00ednfimas concesiones, muestra la bancarrota del reformismo.<\/p>\n<p><strong>Situaciones Pre-Revolucionarias Existen en Ecuador, Sri Lanka y Otros Pa\u00edses:<\/strong><\/p>\n<p style=\"text-align: justify\">Las masas rebel\u00e1ndonos contra condiciones intolerables de vida porque no podemos vivir como antes; los capitalistas imponiendo el fascismo porque no pueden controlarnos pac\u00edficamente como antes.<\/p>\n<p style=\"text-align: justify\">Esto ocurri\u00f3 en Ecuador en 2019 cuando el gobierno huy\u00f3 de la capital cuando las masas rodearon el edificio de la Asamblea Nacional. Mas aterrador para los capitalistas, y m\u00e1s indicador de una situaci\u00f3n pre revolucionaria, fue ver soldados rehusarse a atacar a las masas, y en cambio atacar a la polic\u00eda y marchar con las masas.<\/p>\n<p style=\"text-align: justify\">Pero la lucha era solamente por reformas. Por eso, como ahora, todo volvi\u00f3 a la \u201cnormalidad\u201d cuando los gobernantes dieron peque\u00f1as concesiones.<\/p>\n<p><strong>Crisis Capitalista Crea Tierra F\u00e9rtil para la Revoluci\u00f3n Comunista<\/strong><\/p>\n<p style=\"text-align: justify\">Las crisis son causadas por la necesidad de los capitalistas-imperialistas de maximizar sus ganancias. La \u00fanica fuente de sus ganancias es nuestra fuerza laboral, la cual les vendemos por un salario. La llamamos esclavitud asalariada.<\/p>\n<p style=\"text-align: justify\">Maximizar sus ganancias significa reducir los costos de producci\u00f3n &#8211; rebajando nuestros salarios e intensificando nuestra explotaci\u00f3n y miseria. A la larga nos rebelamos, cuestionando el capitalismo y buscando soluciones radicales: Entramos en una situaci\u00f3n pre revolucionaria.<\/p>\n<p style=\"text-align: justify\">Al ver que pierden su control ideol\u00f3gico sobre nosotros, los capitalistas intensifican su represi\u00f3n fascista.\u00a0 Esto nos enardece a\u00fan m\u00e1s y nos predispone a considerar la revoluci\u00f3n comunista para acabar con la esclavitud salarial, causa de nuestra explotaci\u00f3n y miseria.<\/p>\n<p><strong>La Guerra Tambi\u00e9n Crea Condiciones Pre Revolucionarias<\/strong><\/p>\n<p style=\"text-align: justify\">La guerra es resultado inevitable de la competencia capitalista por m\u00e1ximas ganancias. Quien controla los recursos naturales y la fuerza laboral m\u00e1s baratos controla los mercados. Quien controla los mercados, controla el mundo.<\/p>\n<p style=\"text-align: justify\">Esta pelea canina conduce a guerras como la de EE.UU. y la OTAN contra Rusia en Ucrania, que amenaza estallar en una Tercera Guerra Mundial nuclear. Esta ha intensificado nuestra miseria, disparando el costo del combustible y el de nuestras necesidades b\u00e1sicas.<\/p>\n<p style=\"text-align: justify\">Nuestra respuesta: rebeliones m\u00e1s frecuentes y violentas como la actual en Sri Lanka. La respuesta de los gobernantes: intensificar su represi\u00f3n fascista buscando impedir o sofocar en sangre nuestras rebeliones.<\/p>\n<p style=\"text-align: justify\">Ellos las ven correctamente como terrenos f\u00e9rtiles para la revoluci\u00f3n comunista. Nuestra tarea es ganar las masas mundialmente a ver la revoluci\u00f3n comunista como la \u00fanica soluci\u00f3n. Debemos reclutarlas masivamente al PCOI para la lucha armada directamente por el comunismo.<\/p>\n<p><strong>Necesitamos Unidad Obrera Internacional para Destruir la Esclavitud Asalariada<\/strong><\/p>\n<p style=\"text-align: justify\">El racismo, castismo (India, Sri Lanka), sexismo y xenofobia son armas capitalistas para superexplotar a ciertos sectores de nuestra clase. Justifican la superexplotaci\u00f3n de las mujeres, de los migrante y de nuestrxs hermanxs de color que residen en el \u201cprimer\u201d mundo. Tambi\u00e9n son usadas para superexplotar inhumanamente a las masas del \u201ctercer\u201d mundo. Pero m\u00e1s letal para nosotros, nos dividen y ciegan a ver los capitalistas como enemigos mortales.<\/p>\n<p style=\"text-align: justify\">Nuestros enemigos no son invencibles. Podemos paralizar sus naciones porque hacemos posible sus industrias y ciudades.\u00a0 Nuestrxs hermanxs de clase en sus ej\u00e9rcitos pueden voltear sus armas contra ellos y apoyar la revoluci\u00f3n comunista. Los soldados rusos lo hicieron en la 1\u00aa Guerra Mundial. Los soldados ecuatorianos en 2019 y los de Sri Lanka ahora mostraron que se puede hacer otra vez.<\/p>\n<p style=\"text-align: justify\">Por eso el PCOI organiza en las industrias b\u00e1sicas, en los ej\u00e9rcitos patronales y entre los j\u00f3venes de edad militar. \u00danete a la lucha directamente por el comunismo: la democracia, la liberaci\u00f3n nacional y el socialismo solo perpet\u00faan la esclavitud asalariada.<\/p>\n<p style=\"text-align: justify\">\u00a1\u00danete al PCOI para luchar por un mundo sin dinero donde nada se compre o venda, especialmente nuestra fuerza laboral, donde produzcamos colectivamente todo y lo distribuyamos seg\u00fan la necesidad de cada cual! \u00a1Un mundo comunista sin naciones ni fronteras ni capitalistas y sus ideolog\u00edas venenosas!<\/p>\n<h4><a href=\"https:\/\/icwpredflag.org\/wp\/wordpress\/wps\/volumen-13-numero-9\/\">Primera p\u00e1gina de esta edici\u00f3n<\/a><\/h4>\n","protected":false},"excerpt":{"rendered":"<p>\u00a0 Solo el Comunismo Puede Destruir el Capitalismo y Su Esclavitud Asalariada 8 de Julio &#8211; Despu\u00e9s de 18 d\u00edas de manifestaciones masivas, que paralizaron el pa\u00eds, los dirigentes de la CONAIE (Confederaci\u00f3n de Nacionalidades Ind\u00edgenas) traicionan de nuevo a las masas. Cesaron las manifestaciones a cambio del gobierno derogar el Estado de Excepci\u00f3n y &hellip; <a href=\"https:\/\/icwpredflag.org\/wp\/wordpress\/wps\/volumen-13-numero-9\/reformistas-traicionan-las-rebeldes-masas-ecuatorianas\/\" class=\"more-link\">Sigue leyendo <span class=\"screen-reader-text\">Reformistas Traicionan las Rebeldes Masas Ecuatorianas<\/span><\/a><\/p>\n","protected":false},"author":6,"featured_media":5655,"parent":9409,"menu_order":0,"comment_status":"closed","ping_status":"closed","template":"","meta":{"footnotes":""},"class_list":["post-9430","page","type-page","status-publish","has-post-thumbnail","hentry"],"_links":{"self":[{"href":"https:\/\/icwpredflag.org\/wp\/wordpress\/wps\/wp-json\/wp\/v2\/pages\/9430","targetHints":{"allow":["GET"]}}],"collection":[{"href":"https:\/\/icwpredflag.org\/wp\/wordpress\/wps\/wp-json\/wp\/v2\/pages"}],"about":[{"href":"https:\/\/icwpredflag.org\/wp\/wordpress\/wps\/wp-json\/wp\/v2\/types\/page"}],"author":[{"embeddable":true,"href":"https:\/\/icwpredflag.org\/wp\/wordpress\/wps\/wp-json\/wp\/v2\/users\/6"}],"replies":[{"embeddable":true,"href":"https:\/\/icwpredflag.org\/wp\/wordpress\/wps\/wp-json\/wp\/v2\/comments?post=9430"}],"version-history":[{"count":2,"href":"https:\/\/icwpredflag.org\/wp\/wordpress\/wps\/wp-json\/wp\/v2\/pages\/9430\/revisions"}],"predecessor-version":[{"id":9432,"href":"https:\/\/icwpredflag.org\/wp\/wordpress\/wps\/wp-json\/wp\/v2\/pages\/9430\/revisions\/9432"}],"up":[{"embeddable":true,"href":"https:\/\/icwpredflag.org\/wp\/wordpress\/wps\/wp-json\/wp\/v2\/pages\/9409"}],"wp:featuredmedia":[{"embeddable":true,"href":"https:\/\/icwpredflag.org\/wp\/wordpress\/wps\/wp-json\/wp\/v2\/media\/5655"}],"wp:attachment":[{"href":"https:\/\/icwpredflag.org\/wp\/wordpress\/wps\/wp-json\/wp\/v2\/media?parent=9430"}],"curies":[{"name":"wp","href":"https:\/\/api.w.org\/{rel}","templated":true}]}}