{"id":9498,"date":"2022-08-05T21:24:59","date_gmt":"2022-08-05T21:24:59","guid":{"rendered":"https:\/\/icwpredflag.org\/wp\/wordpress\/wps\/?page_id=9498"},"modified":"2022-08-06T17:01:23","modified_gmt":"2022-08-06T17:01:23","slug":"india-organizando-la-juventud-indigena-para-el-comunismo","status":"publish","type":"page","link":"https:\/\/icwpredflag.org\/wp\/wordpress\/wps\/volumen-13-numero-10\/india-organizando-la-juventud-indigena-para-el-comunismo\/","title":{"rendered":"India: Organizando la juventud Ind\u00edgena para el Comunismo"},"content":{"rendered":"<p><strong><img loading=\"lazy\" decoding=\"async\" class=\"aligncenter wp-image-9493\" src=\"https:\/\/icwpredflag.org\/wp\/wordpress\/wps\/wp-content\/uploads\/sites\/2\/2022\/08\/adverindia.jpeg\" alt=\"\" width=\"782\" height=\"441\" srcset=\"https:\/\/icwpredflag.org\/wp\/wordpress\/wps\/wp-content\/uploads\/sites\/2\/2022\/08\/adverindia.jpeg 550w, https:\/\/icwpredflag.org\/wp\/wordpress\/wps\/wp-content\/uploads\/sites\/2\/2022\/08\/adverindia-300x169.jpeg 300w\" sizes=\"auto, (max-width: 782px) 100vw, 782px\" \/><\/strong><\/p>\n<p style=\"text-align: justify\">DELHI (India), 31 de julio\u2014 India ha elegido un nuevo presidente. Droupadi Murmu ser\u00e1 la primera persona tribal (y la segunda mujer) en ser elegida presidenta en la historia de la India. Este es un puesto en gran parte simb\u00f3lico, muy parecido al de la familia real en Inglaterra.<\/p>\n<p style=\"text-align: justify\">India est\u00e1 emergiendo como una nueva potencia imperialista, con importantes inversiones en \u00c1frica y otros pa\u00edses. Este cargo proyectar\u00e1 a la India como un pa\u00eds progresista con una presidenta que proviene de la comunidad tribal m\u00e1s explotada de la India.<\/p>\n<p style=\"text-align: justify\">En verdad, Murmu representa el estado indio fascista. Sus gobernantes, encabezados por BJP, est\u00e1n en pie de guerra contra las comunidades tribales m\u00e1s vulnerables. Hay alrededor de 104 millones de personas (8,6% de la poblaci\u00f3n) en alrededor de 705 tribus conocidas como Adivasis (pueblos ind\u00edgenas) viviendo mayormente en tierras forestales.<\/p>\n<p style=\"text-align: justify\">La tierra ocupada por los adivasis tiene ricos yacimientos de minerales como hierro, bauxita, uranio, oro y carb\u00f3n. Tambi\u00e9n hay una vasta masa de petr\u00f3leo y gas en la tierra. Los r\u00edos boscosos est\u00e1n siendo convertidos represas hidroel\u00e9ctricas.<\/p>\n<p style=\"text-align: justify\">En 1985, el gobierno comenz\u00f3 a privatizar los minerales y form\u00f3 m\u00e1s de 100 bloques dentro de las Zonas Econ\u00f3micas Exclusivas (ZEE). Los bloques donde vive la mayor\u00eda de los adivasis quedaron bajo la jurisdicci\u00f3n de los intereses corporativos. Comenzaron los desalojos forzosos de un gran n\u00famero de adivasis. La mafia minera form\u00f3 ej\u00e9rcitos privados para aterrorizarlos.<\/p>\n<p style=\"text-align: justify\">La tierra que alguna vez estuvo ocupada comunalmente por los adivasis durante miles de a\u00f1os ahora se ha convertido en propiedad privada de corporaciones como Adani, Mittal y Vedanta.<\/p>\n<p style=\"text-align: justify\">El estado de Orissa, donde Murmu fue una vez ministra adjunta, ha registrado anualmente, desde la d\u00e9cada de 1990, m\u00e1s de 16,000 casos de violaciones de adivasis. Las cifras reales de desalojos y violaciones est\u00e1n ocultas ya que el gobierno est\u00e1 controlado por los gobernantes del BJP.<\/p>\n<p style=\"text-align: justify\">Los miembros del PCOI comenzaron a organizar a la juventud adivasi en el estado de Chhattisgarh. Todo el estado fue distribuido en el 2000 porque tiene los mayores dep\u00f3sitos de minerales. Nuestro camarada inform\u00f3 que la polic\u00eda local est\u00e1 utilizando como pretexto a los tigres que est\u00e1n en peligro de extinci\u00f3n para desarraigar a estos j\u00f3venes adivasis. Los<\/p>\n<p style=\"text-align: justify\">Les explicamos a los j\u00f3venes que solo bajo el comunismo encontraremos formas para que las masas vivan en armon\u00eda con su entorno porque nada se comprar\u00e1 ni vender\u00e1. En una sociedad capitalista, vastos recursos de minerales se extraen de la tierra solo con fines de lucro. Por ejemplo, en 2021 se produjeron 79 millones de autom\u00f3viles para una industria automotriz de 2,7 billones de d\u00f3lares.<\/p>\n<p style=\"text-align: justify\">La sociedad comunista tendr\u00e1 un transporte p\u00fablico eficiente que eliminar\u00e1 los autom\u00f3viles privados que obstruyen nuestras carreteras, crean atascos masivos, provocan emisiones nocivas y consumen petr\u00f3leo. La sociedad comunista explorar\u00e1 formas de producir transporte masivo que pueda durar cientos de a\u00f1os.<\/p>\n<p style=\"text-align: justify\">Estos j\u00f3venes estaban fascinados por la posibilidad de un mundo comunista. Vieron un futuro brillante en comparaci\u00f3n con el acoso racista al que se enfrentan todos los d\u00edas de su vida.<\/p>\n<p style=\"text-align: justify\">\u00a0Sin embargo, para lograr este objetivo, debemos organizar un PCOI masivo con sus amigos y familiares. Muchas ONG y otros partidos los est\u00e1n organizando para tratar de mejorar un poco su vida bajo el sistema de ganancias. Est\u00e1n enga\u00f1ando a las masas obreras, igual que Murmu.<\/p>\n<p style=\"text-align: justify\">Debemos organizarnos para cambiar el mundo. Presentamos a este grupo de j\u00f3venes adivasis al PCOI y abrimos un nuevo mundo de organizaci\u00f3n comunista. Est\u00e1n repartiendo nuestra <em>Bandera Roja<\/em>. Est\u00e1n preparando el terreno para otra visita de un PCOI a\u00fan m\u00e1s grande en un futuro pr\u00f3ximo.<\/p>\n<h4><a href=\"https:\/\/icwpredflag.org\/wp\/wordpress\/wps\/volumen-13-numero-10\/\">Primera p\u00e1gina de esta edici\u00f3n<\/a><\/h4>\n","protected":false},"excerpt":{"rendered":"<p>DELHI (India), 31 de julio\u2014 India ha elegido un nuevo presidente. Droupadi Murmu ser\u00e1 la primera persona tribal (y la segunda mujer) en ser elegida presidenta en la historia de la India. Este es un puesto en gran parte simb\u00f3lico, muy parecido al de la familia real en Inglaterra. India est\u00e1 emergiendo como una nueva &hellip; <a href=\"https:\/\/icwpredflag.org\/wp\/wordpress\/wps\/volumen-13-numero-10\/india-organizando-la-juventud-indigena-para-el-comunismo\/\" class=\"more-link\">Sigue leyendo <span class=\"screen-reader-text\">India: Organizando la juventud Ind\u00edgena para el Comunismo<\/span><\/a><\/p>\n","protected":false},"author":6,"featured_media":5655,"parent":9476,"menu_order":0,"comment_status":"closed","ping_status":"closed","template":"","meta":{"footnotes":""},"class_list":["post-9498","page","type-page","status-publish","has-post-thumbnail","hentry"],"_links":{"self":[{"href":"https:\/\/icwpredflag.org\/wp\/wordpress\/wps\/wp-json\/wp\/v2\/pages\/9498","targetHints":{"allow":["GET"]}}],"collection":[{"href":"https:\/\/icwpredflag.org\/wp\/wordpress\/wps\/wp-json\/wp\/v2\/pages"}],"about":[{"href":"https:\/\/icwpredflag.org\/wp\/wordpress\/wps\/wp-json\/wp\/v2\/types\/page"}],"author":[{"embeddable":true,"href":"https:\/\/icwpredflag.org\/wp\/wordpress\/wps\/wp-json\/wp\/v2\/users\/6"}],"replies":[{"embeddable":true,"href":"https:\/\/icwpredflag.org\/wp\/wordpress\/wps\/wp-json\/wp\/v2\/comments?post=9498"}],"version-history":[{"count":1,"href":"https:\/\/icwpredflag.org\/wp\/wordpress\/wps\/wp-json\/wp\/v2\/pages\/9498\/revisions"}],"predecessor-version":[{"id":9499,"href":"https:\/\/icwpredflag.org\/wp\/wordpress\/wps\/wp-json\/wp\/v2\/pages\/9498\/revisions\/9499"}],"up":[{"embeddable":true,"href":"https:\/\/icwpredflag.org\/wp\/wordpress\/wps\/wp-json\/wp\/v2\/pages\/9476"}],"wp:featuredmedia":[{"embeddable":true,"href":"https:\/\/icwpredflag.org\/wp\/wordpress\/wps\/wp-json\/wp\/v2\/media\/5655"}],"wp:attachment":[{"href":"https:\/\/icwpredflag.org\/wp\/wordpress\/wps\/wp-json\/wp\/v2\/media?parent=9498"}],"curies":[{"name":"wp","href":"https:\/\/api.w.org\/{rel}","templated":true}]}}