{"id":9558,"date":"2022-08-28T07:11:28","date_gmt":"2022-08-28T07:11:28","guid":{"rendered":"https:\/\/icwpredflag.org\/wp\/wordpress\/wps\/?page_id=9558"},"modified":"2022-09-01T17:25:07","modified_gmt":"2022-09-01T17:25:07","slug":"desde-asia-a-las-americas-obrerxs-de-la-costura-difunden-el-comunismo","status":"publish","type":"page","link":"https:\/\/icwpredflag.org\/wp\/wordpress\/wps\/volumen-13-numero-11\/desde-asia-a-las-americas-obrerxs-de-la-costura-difunden-el-comunismo\/","title":{"rendered":"Desde Asia a las Am\u00e9ricas, Obrerxs de la Costura Difunden el Comunismo"},"content":{"rendered":"<p style=\"text-align: center;\"><strong>La India <a class=\"icwp-emph\" href=\"#1\">aqu\u00ed \u2666<\/a>\u00a0Honduras <a class=\"icwp-emph\" href=\"#2\">aqu\u00ed \u2666<\/a><\/strong><\/p>\n<p style=\"text-align: center;\"><img loading=\"lazy\" decoding=\"async\" class=\"aligncenter wp-image-9540\" src=\"https:\/\/icwpredflag.org\/wp\/wordpress\/wps\/wp-content\/uploads\/sites\/2\/2022\/08\/hondur2019.jpg\" alt=\"\" width=\"737\" height=\"491\" srcset=\"https:\/\/icwpredflag.org\/wp\/wordpress\/wps\/wp-content\/uploads\/sites\/2\/2022\/08\/hondur2019.jpg 455w, https:\/\/icwpredflag.org\/wp\/wordpress\/wps\/wp-content\/uploads\/sites\/2\/2022\/08\/hondur2019-300x200.jpg 300w\" sizes=\"auto, (max-width: 737px) 100vw, 737px\" \/><strong>Honduras, 2019: Trabajadores de Gildan en huelga dicen \u201cNo queremos el sindicato de patronal\u201d<\/strong><\/p>\n<h4 id=\"1\" style=\"text-align: center;\"><span style=\"color: #ff0000;\"><strong>Obrera de la Costura en Sri Lanka \u201cbuscando el comunismo\u201d Encuentra al PCOI<\/strong><\/span><\/h4>\n<p style=\"text-align: justify;\">BENGALURU (India), 8 de agosto\u2014 Los camaradas de las f\u00e1bricas de costura aqu\u00ed leyeron en Bandera Roja la historia de Geetha, una obrera costurera en una Zona de Libre Comercio en Sri Lanka. Decidieron buscarla.<\/p>\n<p style=\"text-align: justify;\">\u201cVine hace cinco a\u00f1os de una peque\u00f1a aldea buscando trabajo en Bangalore\u201d, dijo Asha. \u201cTen\u00eda 15 a\u00f1os. Mis padres trabajaban como obreros agr\u00edcolas temporales. Tuve que mantenerlos a ellos y a tres hermanos j\u00f3venes. Puedo ver a Geetha como si estuviera frente a m\u00ed.<\/p>\n<p style=\"text-align: justify;\">\u201cMe tom\u00f3 cuatro a\u00f1os darme cuenta de que sin el comunismo viviremos en la pobreza perpetua\u201d, continu\u00f3 Asha, \u201cahora Geetha est\u00e1 buscando el comunismo. Debemos hacer todo lo posible para ayudarla\u201d.<\/p>\n<p style=\"text-align: justify;\">La historia de lucha de Asha y Geetha es clave para crear m\u00e1s comunistas para el PCOI. Nuestro colectivo en Bangalore distribuye Bandera Roja en nuestros barrios y f\u00e1bricas. La historia de<\/p>\n<p style=\"text-align: justify;\">Geetha fue muy poderosa para contactar a m\u00e1s personas. Hay miles y millones de trabajadores como ella. Todos sue\u00f1an con el d\u00eda en que ya no sean esclavos asalariados de los patrones. Los patrones sobreviven y prosperan creando m\u00e1s miseria para nuestra clase obrera.<\/p>\n<p style=\"text-align: justify;\">Nuestros colectivos en Bengaluru y Chennai se comunican con m\u00e1s frecuencia y luchan por satisfacer nuestras necesidades en Sri Lanka. Hemos formado un grupo de camaradas en ambas \u00e1reas para estar en contacto con Geetha y otros camaradas en Sri Lanka. De esta manera, podemos minimizar los problemas de los diferentes idiomas. Estamos buscando formas de traducir Bandera Roja al cingal\u00e9s.<\/p>\n<p style=\"text-align: justify;\">La camarada Geetha estaba euf\u00f3rica cuando la contact\u00f3 nuestro camarada en Bangalore. Dijo que continuar\u00eda distribuyendo Bandera Roja. En un pr\u00f3ximo art\u00edculo nos hablar\u00e1 de sus conversaciones con otros trabajadores.<\/p>\n<p style=\"text-align: justify;\">La lucha con Geetha y los colectivos en India se ha centrado en la crisis de Sri Lanka y su posible impacto revolucionario en la regi\u00f3n. Enfrentando a las masas rebeldes en Sri Lanka, los capitalistas han aceptado temporalmente adoptar algunas medidas severas para aliviar las dificultades que enfrentan las masas. Han suavizado las restricciones del combustible y los suministros de alimentos son m\u00e1s consistentes. Sin embargo, as\u00ed es como los gobernantes se preparan para contraatacar a la clase trabajadora cuando el movimiento de masas retrocede debido a las reformas temporales.<\/p>\n<p style=\"text-align: justify;\">Los nuevos gobernantes de Sri Lanka se enfrentan a una deuda creciente y esperan que trabajadores como la camarada Geetha paguen por ella. Esto demuestra que ninguna reforma resolver\u00e1 nuestros problemas.<\/p>\n<p style=\"text-align: justify;\">Veinte de los capitalistas m\u00e1s ricos de Sri Lanka controlan todo, desde los medios de comunicaci\u00f3n hasta el comercio y el sistema bancario. Est\u00e1n posicionados para negociar con el FMI para rescatar a Sri Lanka. Dhammika Perera, el hombre m\u00e1s rico de Sri Lanka, est\u00e1 trabajando en conformar un gobierno para revitalizar el capitalismo. Estos capitalistas locales est\u00e1n tratando de aprovechar al m\u00e1ximo la ubicaci\u00f3n estrat\u00e9gica de Sri Lanka para hacer tratos con EE. UU., la Uni\u00f3n Europea, China, Rusia e India.<\/p>\n<p style=\"text-align: justify;\">Los gobernantes est\u00e1n acumulando m\u00e1s tropas en las Zonas Francas porque saben que la industria de la costura, enormemente rentable, enfrentar\u00e1 rebeliones masivas. Nuestra tarea es reclutar a m\u00e1s camaradas obreras como Geetha, as\u00ed como a soldados, para que se unan a la lucha por el comunismo. Su ingreso a nuestro Partido es un paso importante hacia la construcci\u00f3n de un Partido Comunista Obrero Internacional masivo.<\/p>\n<h4 id=\"2\" style=\"text-align: center;\"><span style=\"color: #ff0000;\"><strong>Solidaridad Comunista con las Luchas Obreras en Honduras<\/strong><\/span><\/h4>\n<p style=\"text-align: justify;\">Un saludo comunista desde El Salvador para los miles de obreros de la maquila Gildan en Rio Nance, Cort\u00e9s Honduras quienes realizan un paro laboral, en protesta por los bajos salarios.<\/p>\n<p style=\"text-align: justify;\">Estos se manifestaron en contra del sindicato patronal, por el aumento obligatorio de las cargas de producci\u00f3n y por las amenazas del cierre de la empresa ante las exigencias de los trabajadores textiles. Tambi\u00e9n exigen la formaci\u00f3n de un sindicato que los represente, ya que el existente es uno organizado por la patronal.<\/p>\n<p style=\"text-align: justify;\">Creemos que es una gran oportunidad para el Partido y para cada uno de nosotros ver la realidad que nuestra clase sufre d\u00eda con d\u00eda a nivel mundial y \u00e9sta claro que en este sistema las fuerzas de trabajo quedan sin el valor que cada obrero se merece.<\/p>\n<p style=\"text-align: justify;\">Por eso es m\u00e1s que necesario organizarnos para vencer al monstruo capitalista y ya no trabajar solo para generar ganancias, como hoy, sino trabajar en base en nuestras necesidades.<\/p>\n<p style=\"text-align: justify;\">Queremos decirles que no est\u00e1n solos, estamos con ellos y ser\u00eda de gran avance pol\u00edtico poder llevarles Bandera Roja.<\/p>\n<p style=\"text-align: justify;\">Un obrero\/a en Honduras recibe un salario de 8,000 Lempiras ($322 d\u00f3lares, 5550 Rand o 26000 INR al mes), algo equivalente al salario m\u00ednimo de las maquilas en El Salvador. En ning\u00fan de los casos alcanza para cubrir las necesidades de las familias.<\/p>\n<p style=\"text-align: justify;\">Esta explotaci\u00f3n y represi\u00f3n que sufren nuestros camaradas en Honduras, son las mismas que sufren en El Salvador, India, Sur Am\u00e9rica, Sud\u00e1frica y en cualquier empresa en el mundo. Son el reflejo de la crisis capitalista.<\/p>\n<p style=\"text-align: justify;\">Ante esto la clase trabajadora se moviliza en todo el mundo en contra del sistema capitalista.<\/p>\n<p style=\"text-align: justify;\">Es urgente divulgar con m\u00e1s energ\u00eda las ideas comunistas, y mostrar que no es un sindicato el que puede librar a los trabajadores del yugo capitalista, sino la lucha organizada por el comunismo bajo la l\u00ednea del Partido Comunista Obrero Internacional.<\/p>\n<p style=\"text-align: justify;\">Camaradas, estas manifestaciones que se est\u00e1n dando en varias regiones del mundo, es un potencial para ganar a las masas a la lucha por el comunismo.<\/p>\n<p style=\"text-align: justify;\">Neces\u00edtanos compartir las ideas comunistas con el compa\u00f1ero que tenemos al lado, con el amigo, el vecino y nuestra familia, para formar m\u00e1s c\u00e9lulas comunistas.<\/p>\n<p style=\"text-align: justify;\">Crucemos las fronteras, compartir Bandera Roja con estos obreros, que sientan la solidaridad comunista y que no est\u00e1n solos.<\/p>\n<p style=\"text-align: justify;\">Formamos una sola clase, la clase trabajadora y que unidos lucharemos por una sociedad sin clases mediante la revoluci\u00f3n comunista.<\/p>\n<p>Viva la clase obrera en Resistencia.<\/p>\n<p>-Camarada en las Maquilas en El Salvador<\/p>\n<h4><a href=\"https:\/\/icwpredflag.org\/wp\/wordpress\/wps\/volumen-13-numero-11\/\">Primera p\u00e1gina de esta edici\u00f3n<\/a><\/h4>\n","protected":false},"excerpt":{"rendered":"<p>La India aqu\u00ed \u2666\u00a0Honduras aqu\u00ed \u2666 Honduras, 2019: Trabajadores de Gildan en huelga dicen \u201cNo queremos el sindicato de patronal\u201d Obrera de la Costura en Sri Lanka \u201cbuscando el comunismo\u201d Encuentra al PCOI BENGALURU (India), 8 de agosto\u2014 Los camaradas de las f\u00e1bricas de costura aqu\u00ed leyeron en Bandera Roja la historia de Geetha, una &hellip; <a href=\"https:\/\/icwpredflag.org\/wp\/wordpress\/wps\/volumen-13-numero-11\/desde-asia-a-las-americas-obrerxs-de-la-costura-difunden-el-comunismo\/\" class=\"more-link\">Sigue leyendo <span class=\"screen-reader-text\">Desde Asia a las Am\u00e9ricas, Obrerxs de la Costura Difunden el Comunismo<\/span><\/a><\/p>\n","protected":false},"author":6,"featured_media":5655,"parent":9544,"menu_order":0,"comment_status":"closed","ping_status":"closed","template":"","meta":{"footnotes":""},"class_list":["post-9558","page","type-page","status-publish","has-post-thumbnail","hentry"],"_links":{"self":[{"href":"https:\/\/icwpredflag.org\/wp\/wordpress\/wps\/wp-json\/wp\/v2\/pages\/9558","targetHints":{"allow":["GET"]}}],"collection":[{"href":"https:\/\/icwpredflag.org\/wp\/wordpress\/wps\/wp-json\/wp\/v2\/pages"}],"about":[{"href":"https:\/\/icwpredflag.org\/wp\/wordpress\/wps\/wp-json\/wp\/v2\/types\/page"}],"author":[{"embeddable":true,"href":"https:\/\/icwpredflag.org\/wp\/wordpress\/wps\/wp-json\/wp\/v2\/users\/6"}],"replies":[{"embeddable":true,"href":"https:\/\/icwpredflag.org\/wp\/wordpress\/wps\/wp-json\/wp\/v2\/comments?post=9558"}],"version-history":[{"count":4,"href":"https:\/\/icwpredflag.org\/wp\/wordpress\/wps\/wp-json\/wp\/v2\/pages\/9558\/revisions"}],"predecessor-version":[{"id":9592,"href":"https:\/\/icwpredflag.org\/wp\/wordpress\/wps\/wp-json\/wp\/v2\/pages\/9558\/revisions\/9592"}],"up":[{"embeddable":true,"href":"https:\/\/icwpredflag.org\/wp\/wordpress\/wps\/wp-json\/wp\/v2\/pages\/9544"}],"wp:featuredmedia":[{"embeddable":true,"href":"https:\/\/icwpredflag.org\/wp\/wordpress\/wps\/wp-json\/wp\/v2\/media\/5655"}],"wp:attachment":[{"href":"https:\/\/icwpredflag.org\/wp\/wordpress\/wps\/wp-json\/wp\/v2\/media?parent=9558"}],"curies":[{"name":"wp","href":"https:\/\/api.w.org\/{rel}","templated":true}]}}