{"id":967,"date":"2017-06-27T18:49:43","date_gmt":"2017-06-27T18:49:43","guid":{"rendered":"http:\/\/icwpredflag.org\/wp\/wordpress\/wps\/?page_id=967"},"modified":"2017-06-27T20:16:38","modified_gmt":"2017-06-27T20:16:38","slug":"en-el-aniversario-del-levantamiento-de-soweto-movilizar-a-las-masas-descontentas-para-el-comunismo","status":"publish","type":"page","link":"https:\/\/icwpredflag.org\/wp\/wordpress\/wps\/volumen-8-numero-7\/en-el-aniversario-del-levantamiento-de-soweto-movilizar-a-las-masas-descontentas-para-el-comunismo\/","title":{"rendered":"En el Aniversario del Levantamiento de Soweto:  Movilizar a las Masas Descontentas para el Comunismo"},"content":{"rendered":"<p style=\"text-align: justify;\"><img loading=\"lazy\" decoding=\"async\" class=\" wp-image-868 aligncenter\" src=\"http:\/\/icwpredflag.org\/wp\/wordpress\/wps\/wp-content\/uploads\/sites\/2\/2017\/06\/SowetoStuds.jpg\" alt=\"\" width=\"455\" height=\"445\" \/>SUDAFRICA \u2013El D\u00eda de la Juventud, el 16 de junio, es un d\u00eda hist\u00f3rico en Sud\u00e1frica, conmemorando las rebeliones estudiantiles de 1976 que comenzaron en Soweto. Por lo general, el Congreso Nacional Africano (CNA) organiza el D\u00eda de la Juventud. Pero ahora mucha gente no se preocupa por este d\u00eda. Ven que incluso contra lo que ellos lucharon sigue sucediendo hoy. No lo ven como un logro porque el gobierno hoy hace lo mismo que el gobierno del Apartheid.<\/p>\n<p style=\"text-align: justify;\">Esto nos da la oportunidad de movilizar a estas masas descontentas a no depender en politiqueros y los llamados l\u00edderes, sino a depender en ellos mismos y luchar por sus necesidades, por una sociedad sin explotaci\u00f3n: el comunismo.<\/p>\n<p style=\"text-align: justify;\">Como no hubo movilizaci\u00f3n masiva para el D\u00eda de la Juventud, fuimos a dos centros comerciales para llevar <em><strong>Bandera Roja<\/strong><\/em> a un grupo diverso de personas. Logramos movilizar a las masas para el comunismo, relacionarnos con la gente y hacer contactos. En general, fue un buen d\u00eda. Distribuimos 400 <em><strong>Bandera Roja<\/strong><\/em>.<\/p>\n<p style=\"text-align: justify;\">Cada vez que movilizamos a las masas es bueno: c\u00f3mo responden las masas, c\u00f3mo vamos y movilizamos, c\u00f3mo todo seria m\u00e1s f\u00e1cil si pudi\u00e9ramos trabajar m\u00e1s con camaradas en los otros colectivos del PCOI y no s\u00f3lo con el colectivo de j\u00f3venes. Si hubieran llegado otros camaradas, habr\u00eda hecho una mayor impresi\u00f3n para atraer a las masas.<\/p>\n<p style=\"text-align: justify;\">Fue una buena experiencia, aunque enfrentamos a algunos desaf\u00edos. Podr\u00eda haber sido mejor si fu\u00e9ramos m\u00e1s disciplinados. Hubo falta de comunicaci\u00f3n entre nosotros y otros colectivos. Llegamos tarde. Est\u00e1bamos esperando que otros camaradas estuvieran ya all\u00ed.<\/p>\n<p style=\"text-align: justify;\">En el segundo centro comercial, vimos una oficina del CNA. Parec\u00eda que recientemente hubo una protesta all\u00ed, porque el local se ve\u00eda mal, con ventanas rotas. Eso muestra que la gente ahora no conf\u00eda m\u00e1s en estas personas. Se dan cuenta de que el CNA no representa sus intereses. Esto crea la oportunidad de movilizar a las masas y reclutarlas al PCOI.<\/p>\n<p style=\"text-align: justify;\">\u201cPuedes ver que tenemos oportunidades\u201d, dijo un camarada. \u201cHabl\u00e9 con algunos taxistas. Les d\u00ed <em><strong>Bandera Roja<\/strong><\/em> para que lo leyeran y se lo dieran tambi\u00e9n a sus pasajeros. Hab\u00eda uno que estaba tan cansado que dijo que ni siquiera quer\u00eda escuchar lo que yo ten\u00eda que decir, porque no hay trabajo, hay una recesi\u00f3n, sus hijos est\u00e1n sufriendo, hay crimen. Todos estos males son causados por el capitalismo. Pero terminamos hablando.<\/p>\n<p style=\"text-align: justify;\">\u201cDijo que la gente de los partidos pol\u00edticos empiezan desde el suelo y terminan en oficinas y se olvidan de las masas. Dije que s\u00ed, somos un partido pol\u00edtico, pero somos diferentes. No estamos luchando por elecciones o en campa\u00f1as para estar en las oficinas. Le expliqu\u00e9 que estamos construyendo un Partido de masas. \u2018T\u00fa eres un trabajador y yo soy un estudiante, pero ambos podemos ser parte de la construcci\u00f3n de un partido de masas.\u201d<\/p>\n<p style=\"text-align: justify;\">\u201cLe expliqu\u00e9 que estamos construyendo una sociedad sin clases que no permite privilegios. Termin\u00f3 interes\u00e1ndose en la idea y tom\u00f3 Bandera Roja y dijo que lo leer\u00eda; pero que no promet\u00eda nada. Muestra lo descontenta que est\u00e1 la gente con el sistema. Pero muestra que ahora mucha gente no quiere hablar de pol\u00edtica, porque dicen que los politiqueros prometen el cielo en la tierra y no cumplen nada, que los pol\u00edticos son mentirosos. Obviamente, ven que algo anda mal. Present\u00e1ndoles el PCOI y el comunismo les ofrece la soluci\u00f3n. Eso es lo que se necesita\u201d.<\/p>\n<h4 style=\"text-align: justify;\">\u00a0<a class=\"icwp-emph\" href=\"http:\/\/icwpredflag.org\/wp\/wordpress\/wps\/volumen-8-numero-7\/\">Primera p\u00e1gina de esta editi\u00f3n<\/a><\/h4>\n","protected":false},"excerpt":{"rendered":"<p>SUDAFRICA \u2013El D\u00eda de la Juventud, el 16 de junio, es un d\u00eda hist\u00f3rico en Sud\u00e1frica, conmemorando las rebeliones estudiantiles de 1976 que comenzaron en Soweto. Por lo general, el Congreso Nacional Africano (CNA) organiza el D\u00eda de la Juventud. Pero ahora mucha gente no se preocupa por este d\u00eda. Ven que incluso contra lo &hellip; <a href=\"https:\/\/icwpredflag.org\/wp\/wordpress\/wps\/volumen-8-numero-7\/en-el-aniversario-del-levantamiento-de-soweto-movilizar-a-las-masas-descontentas-para-el-comunismo\/\" class=\"more-link\">Sigue leyendo <span class=\"screen-reader-text\">En el Aniversario del Levantamiento de Soweto:  Movilizar a las Masas Descontentas para el Comunismo<\/span><\/a><\/p>\n","protected":false},"author":1,"featured_media":282,"parent":897,"menu_order":0,"comment_status":"closed","ping_status":"closed","template":"","meta":{"footnotes":""},"class_list":["post-967","page","type-page","status-publish","has-post-thumbnail","hentry"],"_links":{"self":[{"href":"https:\/\/icwpredflag.org\/wp\/wordpress\/wps\/wp-json\/wp\/v2\/pages\/967","targetHints":{"allow":["GET"]}}],"collection":[{"href":"https:\/\/icwpredflag.org\/wp\/wordpress\/wps\/wp-json\/wp\/v2\/pages"}],"about":[{"href":"https:\/\/icwpredflag.org\/wp\/wordpress\/wps\/wp-json\/wp\/v2\/types\/page"}],"author":[{"embeddable":true,"href":"https:\/\/icwpredflag.org\/wp\/wordpress\/wps\/wp-json\/wp\/v2\/users\/1"}],"replies":[{"embeddable":true,"href":"https:\/\/icwpredflag.org\/wp\/wordpress\/wps\/wp-json\/wp\/v2\/comments?post=967"}],"version-history":[{"count":8,"href":"https:\/\/icwpredflag.org\/wp\/wordpress\/wps\/wp-json\/wp\/v2\/pages\/967\/revisions"}],"predecessor-version":[{"id":998,"href":"https:\/\/icwpredflag.org\/wp\/wordpress\/wps\/wp-json\/wp\/v2\/pages\/967\/revisions\/998"}],"up":[{"embeddable":true,"href":"https:\/\/icwpredflag.org\/wp\/wordpress\/wps\/wp-json\/wp\/v2\/pages\/897"}],"wp:featuredmedia":[{"embeddable":true,"href":"https:\/\/icwpredflag.org\/wp\/wordpress\/wps\/wp-json\/wp\/v2\/media\/282"}],"wp:attachment":[{"href":"https:\/\/icwpredflag.org\/wp\/wordpress\/wps\/wp-json\/wp\/v2\/media?parent=967"}],"curies":[{"name":"wp","href":"https:\/\/api.w.org\/{rel}","templated":true}]}}