{"id":9695,"date":"2022-10-09T17:21:28","date_gmt":"2022-10-09T17:21:28","guid":{"rendered":"https:\/\/icwpredflag.org\/wp\/wordpress\/wps\/?page_id=9695"},"modified":"2022-10-09T17:21:28","modified_gmt":"2022-10-09T17:21:28","slug":"puerto-rico-el-desastre-es-el-capitalismo-la-solucion-es-el-comunismo","status":"publish","type":"page","link":"https:\/\/icwpredflag.org\/wp\/wordpress\/wps\/volumen-13-numero-13\/puerto-rico-el-desastre-es-el-capitalismo-la-solucion-es-el-comunismo\/","title":{"rendered":"Puerto Rico:\u00a0 El Desastre es el Capitalismo, La Soluci\u00f3n es el Comunismo"},"content":{"rendered":"<p><strong><img loading=\"lazy\" decoding=\"async\" class=\"aligncenter wp-image-9671\" src=\"https:\/\/icwpredflag.org\/wp\/wordpress\/wps\/wp-content\/uploads\/sites\/2\/2022\/10\/CapRaiz.jpeg\" alt=\"\" width=\"713\" height=\"502\" srcset=\"https:\/\/icwpredflag.org\/wp\/wordpress\/wps\/wp-content\/uploads\/sites\/2\/2022\/10\/CapRaiz.jpeg 470w, https:\/\/icwpredflag.org\/wp\/wordpress\/wps\/wp-content\/uploads\/sites\/2\/2022\/10\/CapRaiz-300x211.jpeg 300w\" sizes=\"auto, (max-width: 713px) 100vw, 713px\" \/><\/strong><\/p>\n<p style=\"text-align: justify\">El hurac\u00e1n Fiona azot\u00f3 Puerto Rico dejando a su paso un panorama desolador de destrucci\u00f3n y muerte. Podr\u00edamos pintar un cuadro infernal con cifras y estad\u00edsticas de esta devastaci\u00f3n. Es importante y lo debemos de hacer para forjar la solidaridad del proletariado internacional y agudizar la lucha de clases.<\/p>\n<p style=\"text-align: justify\">Pero esto en si es solo interpretar el mundo. Y lo m\u00e1s importante, como dijera Carlos Marx \u2013 uno de los fundadores de la ideolog\u00eda comunista \u2013 \u201cde lo que se trata es de transformarlo\u201d.<\/p>\n<p style=\"text-align: justify\">Para transformarlo necesitamos encontrar la ra\u00edz del problema. Nuestros camaradas en Puerto Rico la identifican claramente. Colgaron un cruzacalles en un puente sobre una autopista, que dec\u00eda: \u201cCapitalismo La Ra\u00edz Del Desastre\u201d.<\/p>\n<p style=\"text-align: justify\">El segundo paso es plantear la soluci\u00f3n. Los camaradas portorrique\u00f1os la plantean de una forma sutil. Firman su cruzacalles con un dibujo de la Oz y el Martillo, s\u00edmbolo del movimiento comunista internacional. Nosotros hubi\u00e9ramos preferido ser m\u00e1s directos, nuestro rotulo dir\u00eda: \u201c\u00a1Capitalismo La Ra\u00edz Del Desastre, Derruy\u00e1moslo con la Revoluci\u00f3n Comunista!\u201d<\/p>\n<p style=\"text-align: justify\">El tercer paso es identificar que necesitamos para lograr la revoluci\u00f3n comunista. Necesitamos organizarnos en un Partido Comunista. Sin Partido comunista no puede haber revoluci\u00f3n comunista. Nosotros en EE.UU., El Salvador, La India, Sud\u00e1frica, M\u00e9xico, y Espa\u00f1a hemos optado por organizarnos en el Partido Comunista Obrero Internacional (PCOI). Nuestro lema es: \u00a1Una sola clase obrera, una sola bandera roja, una sola l\u00ednea pol\u00edtica, un solo partido comunista!\u201d<\/p>\n<p style=\"text-align: justify\">Los camaradas portorrique\u00f1os luchan directamente por el comunismo y nada menos. Descartan la lucha por reformas. Pero difieren en ser parte de un solo Partido Comunista mundial. Respetamos su opini\u00f3n. Pero, seguiremos luchando con ellos para que cambien su padecer.<\/p>\n<p style=\"text-align: justify\">Sin embargo, es muy inspirador ver estudiantes, obreros e intelectuales portorrique\u00f1os, en su mayor\u00eda j\u00f3venes, luchando por movilizar a las masas para el comunismo. Que sostienen que la \u00fanica verdadera independencia para Puerto Rico es el comunismo. Y se mantienen firmes ante los ataques de los politiqueros locales y de los nacionalistas.<\/p>\n<p style=\"text-align: left\"><strong>Puerto Rico \u2013 como muchos otros pa\u00edses \u2013 vive una situaci\u00f3n prerrevolucionaria<\/strong><\/p>\n<p style=\"text-align: justify\">Las masas han sufrido por siglos &#8211; el racismo, sexismo, explotaci\u00f3n, vejaciones, humillaciones, etc. \u2013 primero de imperialistas espa\u00f1oles ahora de capitalistas criollos e imperialistas estadounidenses.<\/p>\n<p style=\"text-align: justify\">El desastre de Fiona es un resultado directo de esa vil explotaci\u00f3n capitalista-imperialista.\u00a0 Igualmente lo fueron Irma y Mar\u00eda, huracanes gigantescos, que devastaron Puerto Rico en 2017.<\/p>\n<p style=\"text-align: justify\">Dejaron una estela macabra de muertos (cinco mil), casas (700 mil), escuelas, cl\u00ednicas, hospitales, puentes y carreteras destruidas y millones sin electricidad por meses. La ayuda del gobierno federal fue poca o inexistente.<\/p>\n<p style=\"text-align: justify\">El racista neofascista presidente Trump visito la isla mostrando su desprecio y odio a la clase obrera boricua tir\u00e1ndoles rollos de papel de inodoro.<\/p>\n<p style=\"text-align: justify\">Cinco a\u00f1os despu\u00e9s la reconstrucci\u00f3n ha sido m\u00ednima y la preparaci\u00f3n para futuros huracanes a\u00fan menos. Fiona ha aumentado la destrucci\u00f3n y hundido m\u00e1s en la miseria a la clase obrera portorrique\u00f1a. Casi el 50% de ella viv\u00eda ya antes bajo el nivel de la pobreza.<\/p>\n<p style=\"text-align: justify\">El emperador Biden &#8211; tan racista como Trump \u2013 aprob\u00f3 el programa \u201cAsistencia a Necesidades Criticas\u201d que le dar\u00e1 a cada hogar portorrique\u00f1o $700 o sea $270 por persona.<\/p>\n<p style=\"text-align: justify\">Si no fuera tan tr\u00e1gico fuera irrisorio. Para obligar a los trabajadores portorrique\u00f1os a pagarles $70 mil millones a los bonistas de Wall Street, Obama creo una agencia. Biden era entonces vicepresidente. Cada mujer, hombre y ni\u00f1o tiene una deuda de $58 mil. \u00a0Adem\u00e1s de haberle robado las pensiones a los trabajadores y poner en venta escuelas y otras propiedades gubernamentales como la energ\u00eda el\u00e9ctrica.<\/p>\n<p style=\"text-align: justify\">Por eso el odio de los obreros al capitalismo-imperialismo que los condenan a estas condiciones inhumanas es una lava hirviente de un volc\u00e1n listo a hacer erupci\u00f3n. Y esto sucedi\u00f3 en 2017 cuando la clase obrera boricua se volc\u00f3 a las calles con manifestaciones combativas masivas obligando al entonces gobernador Ricardo Rosell\u00f3 a renunciar.<\/p>\n<p style=\"text-align: justify\">El 1\u00ba de septiembre, dos semanas antes de Fiona, las masas volvieron a las calles protestando las odiadas medidas de austeridad y a LUMA, la compa\u00f1\u00eda privada que recibi\u00f3 el sistema el\u00e9ctrico para administrarlo y lucrarse, sin invertir un centavo. LUMA no ha arreglado el defectuoso sistema, pero ha aumentado el precio de la electricidad siete veces.<\/p>\n<p style=\"text-align: justify\">Habr\u00e1 otras rebeliones. Una situaci\u00f3n prerrevolucionaria exige un partido comunista que la encause hacia la \u00fanica soluci\u00f3n para la clase obrera: la revoluci\u00f3n comunista. Luchemos por construir el PCOI en todas partes.<\/p>\n<h4><a href=\"https:\/\/icwpredflag.org\/wp\/wordpress\/wps\/volumen-13-numero-13\/\">Primera p\u00e1gina de esta edici\u00f3n<\/a><\/h4>\n","protected":false},"excerpt":{"rendered":"<p>El hurac\u00e1n Fiona azot\u00f3 Puerto Rico dejando a su paso un panorama desolador de destrucci\u00f3n y muerte. Podr\u00edamos pintar un cuadro infernal con cifras y estad\u00edsticas de esta devastaci\u00f3n. Es importante y lo debemos de hacer para forjar la solidaridad del proletariado internacional y agudizar la lucha de clases. Pero esto en si es solo &hellip; <a href=\"https:\/\/icwpredflag.org\/wp\/wordpress\/wps\/volumen-13-numero-13\/puerto-rico-el-desastre-es-el-capitalismo-la-solucion-es-el-comunismo\/\" class=\"more-link\">Sigue leyendo <span class=\"screen-reader-text\">Puerto Rico:\u00a0 El Desastre es el Capitalismo, La Soluci\u00f3n es el Comunismo<\/span><\/a><\/p>\n","protected":false},"author":6,"featured_media":5655,"parent":9679,"menu_order":0,"comment_status":"closed","ping_status":"closed","template":"","meta":{"footnotes":""},"class_list":["post-9695","page","type-page","status-publish","has-post-thumbnail","hentry"],"_links":{"self":[{"href":"https:\/\/icwpredflag.org\/wp\/wordpress\/wps\/wp-json\/wp\/v2\/pages\/9695","targetHints":{"allow":["GET"]}}],"collection":[{"href":"https:\/\/icwpredflag.org\/wp\/wordpress\/wps\/wp-json\/wp\/v2\/pages"}],"about":[{"href":"https:\/\/icwpredflag.org\/wp\/wordpress\/wps\/wp-json\/wp\/v2\/types\/page"}],"author":[{"embeddable":true,"href":"https:\/\/icwpredflag.org\/wp\/wordpress\/wps\/wp-json\/wp\/v2\/users\/6"}],"replies":[{"embeddable":true,"href":"https:\/\/icwpredflag.org\/wp\/wordpress\/wps\/wp-json\/wp\/v2\/comments?post=9695"}],"version-history":[{"count":1,"href":"https:\/\/icwpredflag.org\/wp\/wordpress\/wps\/wp-json\/wp\/v2\/pages\/9695\/revisions"}],"predecessor-version":[{"id":9696,"href":"https:\/\/icwpredflag.org\/wp\/wordpress\/wps\/wp-json\/wp\/v2\/pages\/9695\/revisions\/9696"}],"up":[{"embeddable":true,"href":"https:\/\/icwpredflag.org\/wp\/wordpress\/wps\/wp-json\/wp\/v2\/pages\/9679"}],"wp:featuredmedia":[{"embeddable":true,"href":"https:\/\/icwpredflag.org\/wp\/wordpress\/wps\/wp-json\/wp\/v2\/media\/5655"}],"wp:attachment":[{"href":"https:\/\/icwpredflag.org\/wp\/wordpress\/wps\/wp-json\/wp\/v2\/media?parent=9695"}],"curies":[{"name":"wp","href":"https:\/\/api.w.org\/{rel}","templated":true}]}}