{"id":9697,"date":"2022-10-09T17:23:24","date_gmt":"2022-10-09T17:23:24","guid":{"rendered":"https:\/\/icwpredflag.org\/wp\/wordpress\/wps\/?page_id=9697"},"modified":"2022-10-09T17:23:24","modified_gmt":"2022-10-09T17:23:24","slug":"los-angeles-ee-uu-haciendo-amigos-nuevos-para-el-comunismo","status":"publish","type":"page","link":"https:\/\/icwpredflag.org\/wp\/wordpress\/wps\/volumen-13-numero-13\/los-angeles-ee-uu-haciendo-amigos-nuevos-para-el-comunismo\/","title":{"rendered":"Los \u00c1ngeles (EE.UU.) Haciendo Amigos Nuevos para el Comunismo"},"content":{"rendered":"<p><strong><img loading=\"lazy\" decoding=\"async\" class=\"aligncenter wp-image-9667\" src=\"https:\/\/icwpredflag.org\/wp\/wordpress\/wps\/wp-content\/uploads\/sites\/2\/2022\/10\/ourdoormeet.jpeg\" alt=\"\" width=\"670\" height=\"367\" srcset=\"https:\/\/icwpredflag.org\/wp\/wordpress\/wps\/wp-content\/uploads\/sites\/2\/2022\/10\/ourdoormeet.jpeg 405w, https:\/\/icwpredflag.org\/wp\/wordpress\/wps\/wp-content\/uploads\/sites\/2\/2022\/10\/ourdoormeet-300x164.jpeg 300w\" sizes=\"auto, (max-width: 670px) 100vw, 670px\" \/><\/strong><\/p>\n<h4 style=\"text-align: center\"><span style=\"color: #ff0000\"><strong>Avanzando en Construir Relaciones Sociales Comunistas<\/strong><\/span><\/h4>\n<p style=\"text-align: justify\">Los \u00c1ngeles, EE. UU.\u2014\u201cEl capitalismo odia al comunismo y el comunismo odia al capitalismo\u201d, dijo un amigo invitado a una reuni\u00f3n social\/pol\u00edtica del colectivo industrial de Los \u00c1ngeles. Lo dicho al principio inici\u00f3 una explicaci\u00f3n m\u00e1s amplia de porqu\u00e9 los patrones odian al comunismo y la necesidad de luchar directamente por una sociedad comunista. Este amigo era la primera vez que participaba en una reuni\u00f3n del Partido Comunista Obrero Internacional (PCOI). Con \u00e9l vino su esposa y 2 hijas adolescentes.<\/p>\n<p style=\"text-align: justify\">Participaron 28 personas, la gran mayor\u00eda trabajadoras y trabajadores inmigrantes de M\u00e9xico y Centro Am\u00e9rica junto a sus familias. De estos, 12 se les presentaba por primera vez el Partido y nuestro peri\u00f3dico comunista Bandera Roja. Es un gran avance para el partido ya que despu\u00e9s de la pandemia no se hab\u00eda podido realizar una actividad como \u00e9sta en Los \u00c1ngeles.<\/p>\n<p style=\"text-align: justify\">Despu\u00e9s de disfrutar una deliciosa comida, una joven camarada comenz\u00f3 explicando qu\u00e9 el PCOI es un partido internacional que lucha por un mundo comunista sin fronteras, sin dinero, sin racismo e invit\u00f3 a todxs a que se llevaran y leyeran nuestro peri\u00f3dico Bandera Roja. Tambi\u00e9n habl\u00f3 sobre los ataques a los estudiantes de Ayotzinapa, la situaci\u00f3n en Sri Lanka, la guerra en Ucrania y la lucha actual de las mujeres en Ir\u00e1n. Ella explic\u00f3 que el Partido est\u00e1 respondiendo a esos ataques organizado a la clase obrera en lugares como Sud\u00e1frica, India, El Salvador, M\u00e9xico, los Estados Unidos y otros para luchar directamente por una revoluci\u00f3n comunista.<\/p>\n<p style=\"text-align: justify\">Fue muy inspirador ver como las personas que asistieron estaban escuchando de manera atenta sobre nuestras ideas y surgieron comentarios como el de una mujer trabajadora de M\u00e9xico, \u201cme gusta lo que se est\u00e1 hablando sobre el comunismo, yo creo que todos somos como hermanos sin importar de donde somos o nuestro color de piel\u201d, a\u00f1adi\u00f3.<\/p>\n<p style=\"text-align: justify\">Una lectora del peri\u00f3dico vino con su esposo, veterano de las luchas estudiantiles de 1970 en El Salvador. Con ellos vinieron dos mujeres hondure\u00f1as gar\u00edfunas, quienes recibieron gustosamente el peri\u00f3dico y dijeron que las invit\u00e1ramos cuando tengamos esta clase de reuniones.\u00a0 Hablando de bailes, cumbia y punta, result\u00f3 que una de ellas era la ex esposa de un ex-lector y amigo del Partido que vivi\u00f3 en el \u00e1rea hace casi 25 a\u00f1os. Esto ayud\u00f3 a sentir m\u00e1s confianza y solidificar m\u00e1s la nueva relaci\u00f3n.<\/p>\n<p style=\"text-align: justify\">Cuatro j\u00f3venes (entre 12 y 22 a\u00f1os) que asistieron tomaron Bandera Roja y aunque callados mostraron oportunidad para continuar discusiones con ellos. Al finalizar la presentaci\u00f3n una joven le dijo a una camarada que hubiera querido hablar, pero que lo har\u00e1 en la pr\u00f3xima oportunidad.<\/p>\n<p style=\"text-align: justify\">En una discusi\u00f3n de grupo, un obrero guatemalteco cont\u00f3 sobre un serio problema que sufre su hermano hospitalizado y como est\u00e1 afect\u00e1ndolo y a la esposa e hijos en Guatemala.<\/p>\n<p style=\"text-align: justify\">Hicimos sugerencias para que su esposa pueda venir a Los \u00c1ngeles y estar con \u00e9l, ya que seg\u00fan los doctores la situaci\u00f3n es muy grave. Tambi\u00e9n hablamos sobre continuar viendo c\u00f3mo podemos ayudar.<\/p>\n<p style=\"text-align: justify\">Por diferentes razones algunas familias invitadas, y camaradas del colectivo no pudieron asistir, pero ah\u00ed est\u00e1n y vamos a continuar la lucha con ellos.<\/p>\n<p style=\"text-align: justify\">Estamos formalizando un plan de como continuar construyendo estas relaciones pol\u00edticas con toda nuestra base. Se abren nuevas oportunidades para hacer crecer el Partido.<\/p>\n<p style=\"text-align: justify\">Necesitamos construir este tipo de unidad y lucha pol\u00edtica comunista entre nuestros amigos, camaradas y vecinos para fortalecer y avanzar en nuestro objetivo de movilizar a las masas para el comunismo.<\/p>\n<h4><a href=\"https:\/\/icwpredflag.org\/wp\/wordpress\/wps\/volumen-13-numero-13\/\">Primera p\u00e1gina de esta edici\u00f3n<\/a><\/h4>\n","protected":false},"excerpt":{"rendered":"<p>Avanzando en Construir Relaciones Sociales Comunistas Los \u00c1ngeles, EE. UU.\u2014\u201cEl capitalismo odia al comunismo y el comunismo odia al capitalismo\u201d, dijo un amigo invitado a una reuni\u00f3n social\/pol\u00edtica del colectivo industrial de Los \u00c1ngeles. Lo dicho al principio inici\u00f3 una explicaci\u00f3n m\u00e1s amplia de porqu\u00e9 los patrones odian al comunismo y la necesidad de luchar &hellip; <a href=\"https:\/\/icwpredflag.org\/wp\/wordpress\/wps\/volumen-13-numero-13\/los-angeles-ee-uu-haciendo-amigos-nuevos-para-el-comunismo\/\" class=\"more-link\">Sigue leyendo <span class=\"screen-reader-text\">Los \u00c1ngeles (EE.UU.) Haciendo Amigos Nuevos para el Comunismo<\/span><\/a><\/p>\n","protected":false},"author":6,"featured_media":5655,"parent":9679,"menu_order":0,"comment_status":"closed","ping_status":"closed","template":"","meta":{"footnotes":""},"class_list":["post-9697","page","type-page","status-publish","has-post-thumbnail","hentry"],"_links":{"self":[{"href":"https:\/\/icwpredflag.org\/wp\/wordpress\/wps\/wp-json\/wp\/v2\/pages\/9697","targetHints":{"allow":["GET"]}}],"collection":[{"href":"https:\/\/icwpredflag.org\/wp\/wordpress\/wps\/wp-json\/wp\/v2\/pages"}],"about":[{"href":"https:\/\/icwpredflag.org\/wp\/wordpress\/wps\/wp-json\/wp\/v2\/types\/page"}],"author":[{"embeddable":true,"href":"https:\/\/icwpredflag.org\/wp\/wordpress\/wps\/wp-json\/wp\/v2\/users\/6"}],"replies":[{"embeddable":true,"href":"https:\/\/icwpredflag.org\/wp\/wordpress\/wps\/wp-json\/wp\/v2\/comments?post=9697"}],"version-history":[{"count":1,"href":"https:\/\/icwpredflag.org\/wp\/wordpress\/wps\/wp-json\/wp\/v2\/pages\/9697\/revisions"}],"predecessor-version":[{"id":9698,"href":"https:\/\/icwpredflag.org\/wp\/wordpress\/wps\/wp-json\/wp\/v2\/pages\/9697\/revisions\/9698"}],"up":[{"embeddable":true,"href":"https:\/\/icwpredflag.org\/wp\/wordpress\/wps\/wp-json\/wp\/v2\/pages\/9679"}],"wp:featuredmedia":[{"embeddable":true,"href":"https:\/\/icwpredflag.org\/wp\/wordpress\/wps\/wp-json\/wp\/v2\/media\/5655"}],"wp:attachment":[{"href":"https:\/\/icwpredflag.org\/wp\/wordpress\/wps\/wp-json\/wp\/v2\/media?parent=9697"}],"curies":[{"name":"wp","href":"https:\/\/api.w.org\/{rel}","templated":true}]}}