{"id":9703,"date":"2022-10-09T17:40:02","date_gmt":"2022-10-09T17:40:02","guid":{"rendered":"https:\/\/icwpredflag.org\/wp\/wordpress\/wps\/?page_id=9703"},"modified":"2022-10-09T17:40:02","modified_gmt":"2022-10-09T17:40:02","slug":"guerra-en-ucrania-los-obreros-no-tenemos-patria","status":"publish","type":"page","link":"https:\/\/icwpredflag.org\/wp\/wordpress\/wps\/volumen-13-numero-13\/guerra-en-ucrania-los-obreros-no-tenemos-patria\/","title":{"rendered":"Guerra en Ucrania: \u00a1Los Obreros No Tenemos Patria!"},"content":{"rendered":"<h4><span style=\"color: #ff0000\"><strong>Mayor Amenaza de Guerra Abierta, Rusia versus EE.UU.-OTAN<\/strong><\/span><\/h4>\n<p style=\"text-align: justify\">Octubre 3 &#8211; \u00bfHay algo que supere la hipocres\u00eda de las quejas del imperialismo estadounidense sobre la anexi\u00f3n imperialista rusa del oriente de Ucrania? \u00a1Todo EE.UU. existe en territorio arrebatado de los pueblos ind\u00edgenas o comprado a las potencias europeas que lo hab\u00edan robado primero!<\/p>\n<p style=\"text-align: justify\">Comparen el reciente acaparamiento territorial de Rusia con la anexi\u00f3n estadounidense de Texas en 1845, consolidada tras derrotar a M\u00e9xico en la guerra. O con la anexi\u00f3n por la fuerza del Reino de Haw\u00e1i por parte de EEUU en 1898.<\/p>\n<p style=\"text-align: justify\">Comparemos el reciente acaparamiento territorial de Rusia con la anexi\u00f3n estadounidense de Texas en 1845, consolidada tras derrotar a M\u00e9xico en la guerra. O con la anexi\u00f3n forzosa por parte de EEUU del Reino de Haw\u00e1i en 1898.<\/p>\n<p style=\"text-align: justify\"><em>Ning\u00fan trabajador debe ponerse del lado de ninguna potencia capitalista-imperialista en la guerra por terceros en Ucrania. En su lugar, debemos organizar a la clase obrera internacional para la revoluci\u00f3n comunista. <\/em><\/p>\n<p style=\"text-align: justify\">Los imperios exist\u00edan antes del capitalismo. Pero la aparici\u00f3n del capitalismo mercantil y la banca en la Europa del siglo 16 cambi\u00f3 las cosas cualitativamente. El imperativo del capitalismo de \u00abcrecer o morir\u00bb lanz\u00f3 a los gobernantes europeos a una feroz competencia por controlar la mano de obra, los recursos y los mercados del mundo. Su comercio de vidas africanas apuntal\u00f3 una econom\u00eda mundial cada vez m\u00e1s integrada. Con ello surgi\u00f3 una clase obrera internacional.<\/p>\n<p style=\"text-align: justify\">En el siglo 20, pocas sociedades ind\u00edgenas escaparon este sistema imperialista. Ahora los imperialistas s\u00f3lo pod\u00edan expandirse arrebat\u00e1ndose los territorios entre ellos. Las guerras mundiales se hicieron inevitables. Un movimiento ascendente dirigido por los comunistas luch\u00f3 por preparar a los soldados, marineros y trabajadores industriales para convertir la guerra imperialista en una revoluci\u00f3n.<\/p>\n<p style=\"text-align: justify\">Pero los comunistas del siglo XX -incluidos los bolcheviques rusos- tomaron algunas malas decisiones. Sus rep\u00fablicas socialistas mantuvieron los elementos centrales de la econom\u00eda capitalista, especialmente el trabajo asalariado y los mercados. Los bur\u00f3cratas del partido que administraban este sistema se convirtieron en una nueva clase capitalista.<\/p>\n<p style=\"text-align: justify\">Durante la Segunda Guerra Mundial, el movimiento dirigido por los sovi\u00e9ticos no inst\u00f3 a los trabajadores de nuevo a la revoluci\u00f3n comunista. En cambio, creo ilusiones en los imperialistas \u00abmenos malos\u00bb. Entre ellos estaban los gobernantes brit\u00e1nicos, cuyas pol\u00edticas coloniales en tiempos de guerra causaron la hambruna de Bengala en 1943. Y los gobernantes estadounidenses que segregaron sus ej\u00e9rcitos y no hicieron nada para evitar el linchamiento de los soldados negros que regresaban.<\/p>\n<p style=\"text-align: justify\">Despu\u00e9s de la guerra, la Uni\u00f3n Sovi\u00e9tica capitalista se convirti\u00f3 en una potencia imperialista en ascenso. Hoy Putin trabaja abiertamente para restaurar la \u00abRusia imperial\u00bb de los zares.<\/p>\n<p style=\"text-align: justify\"><strong>No hay imperialistas o capitalistas \u00abmenos malos\u00bb<\/strong><\/p>\n<p style=\"text-align: justify\">Toda clase dominante utiliza el nacionalismo (patriotismo) para persuadir a los trabajadores que explota para que apoyen a sus opresores. Los politiqueros ondean banderas nacionales, las escuelas tocan himnos nacionales, el clero reza por \u00abnuestro pa\u00eds\u00bb.<\/p>\n<p style=\"text-align: justify\">Zelenskyy insta a las masas ucranianas a \u00abdefender nuestras fronteras\u00bb.\u00a0 Putin dice a los trabajadores y j\u00f3venes rusos que \u00abdefiendan nuestra patria\u00bb.\u00a0 En Estados Unidos, los republicanos quieren \u00abhacer grande a Estados Unidos otra vez\u201d y los dem\u00f3cratas nos ruegan a diario que \u00abprotejamos nuestra democracia\u00bb.<\/p>\n<p style=\"text-align: justify\"><strong>\u00a1Pero los trabajadores no tenemos patria! \u00a1Nada de eso es nuestro!<\/strong><\/p>\n<p style=\"text-align: justify\">Nuestra clase obrera internacional tiene el inter\u00e9s com\u00fan de derrocar la esclavitud asalariada capitalista en todas partes. Viviremos \u00aben el comunismo\u00bb, no en un pa\u00eds con fronteras. Todos contribuir\u00e1n como puedan y quieran. Juntos satisfaremos las necesidades de todos. Todos ser\u00e1n bienvenidos en todas partes.<\/p>\n<p style=\"text-align: justify\">El Partido Comunista Obrero Internacional lucha hoy por romper las cadenas del nacionalismo, el racismo, el sexismo y la xenofobia. Lucha para preparar a los soldados, marineros y trabajadores industriales para convertir la guerra imperialista en una revoluci\u00f3n comunista.<\/p>\n<p style=\"text-align: justify\"><strong>Suenan los tambores de una guerra en expansi\u00f3n<\/strong><\/p>\n<p style=\"text-align: justify\">Rusia anunci\u00f3 su anexi\u00f3n de cuatro provincias ucranianas tras un \u00abrefer\u00e9ndum\u00bb supervisado por soldados armados. Recogieron las papeletas de puerta en puerta de personas que ya est\u00e1n siendo bombardeadas. Rusia est\u00e1 reclutando a \u00abucranianos\u00bb que ahora son \u00abrusos\u00bb en el ej\u00e9rcito ruso. Si Rusia puede mantener el territorio anexionado se decidir\u00e1 en el campo de batalla.<\/p>\n<p style=\"text-align: justify\">Estados Unidos y Albania propusieron una resoluci\u00f3n del Consejo de Seguridad de la ONU condenando la anexi\u00f3n. Fue vetada por Rusia, cuyos aliados de siempre (Brasil, China, India) se abstuvieron. Pero los choques imperialistas frontales no pueden evitarse mediante la diplomacia.<\/p>\n<p style=\"text-align: justify\">El ej\u00e9rcito estadounidense est\u00e1 organizando un nuevo mando para dirigir su guerra por terceros en Ucrania. El gobierno pro-estadounidense de Ucrania solicit\u00f3 acelerar el proceso de su ingreso a la OTAN. Esto pondr\u00eda el armamento de la OTAN a las puertas de Rusia. Los imperialistas chinos han advertido a Estados Unidos del peligro que de esto.<\/p>\n<p style=\"text-align: justify\">El 30 de septiembre, dos explosiones sabotearon los gasoductos Nord Stream, controlados por Rusia, que abastecen a Europa. Sea quien sea el autor, se trata de una clara escalada que aumenta los temores en Europa occidental.<\/p>\n<p style=\"text-align: justify\">Rusia est\u00e1 reclutando a cientos de miles de soldados, principalmente de las zonas rurales de minor\u00edas \u00e9tnicas, pero tambi\u00e9n de los manifestantes contra la guerra en las ciudades. Putin mencion\u00f3 con insistencia las bombas nucleares que Estados Unidos lanz\u00f3 sobre Hiroshima y Nagasaki (Jap\u00f3n) para justificar el posible uso por parte de Rusia de su arsenal nuclear en una guerra m\u00e1s amplia.<\/p>\n<p style=\"text-align: justify\">En Rusia (y probablemente en Ucrania) ha crecido tanto la oposici\u00f3n a la guerra como el patriotismo abierto. Pero, ni huir de la conscripci\u00f3n militar ni las protestas pacifistas pueden acabar con la guerra imperialista. Y los m\u00edtines patri\u00f3ticos no pueden resolver la crisis econ\u00f3mica que est\u00e1 golpeando duramente a los trabajadores rusos.<\/p>\n<p style=\"text-align: justify\">Algunos soldados rusos en Ucrania est\u00e1n descontentos, seg\u00fan conversaciones telef\u00f3nicas interceptadas por la inteligencia ucraniana. Est\u00e1n denunciando los fracasos de los mandos y cuestionando la propaganda oficial. En esta situaci\u00f3n, los comunistas revolucionarios dentro del ej\u00e9rcito tendr\u00edan una enorme oportunidad de reclutar a otros para luchar por la clase obrera, no por los oficiales.<\/p>\n<p style=\"text-align: justify\">Eso ocurri\u00f3 en Rusia en 1917. Los soldados y marineros bolcheviques ganaron masas de sus compa\u00f1eros para aliarse con los trabajadores en la lucha revolucionaria armada. Pero hoy no hay ning\u00fan partido en Ucrania ni en Rusia que dirija la revoluci\u00f3n comunista, la \u00fanica fuerza que puede derrotar al imperialismo-capitalismo. Debemos hacer todo lo posible para construir ese partido en todas partes.<\/p>\n<p>&nbsp;<\/p>\n<p><img loading=\"lazy\" decoding=\"async\" class=\"aligncenter size-full wp-image-9670\" src=\"https:\/\/icwpredflag.org\/wp\/wordpress\/wps\/wp-content\/uploads\/sites\/2\/2022\/10\/GIreader.jpeg\" alt=\"\" width=\"457\" height=\"512\" srcset=\"https:\/\/icwpredflag.org\/wp\/wordpress\/wps\/wp-content\/uploads\/sites\/2\/2022\/10\/GIreader.jpeg 457w, https:\/\/icwpredflag.org\/wp\/wordpress\/wps\/wp-content\/uploads\/sites\/2\/2022\/10\/GIreader-268x300.jpeg 268w\" sizes=\"auto, (max-width: 457px) 100vw, 457px\" \/><\/p>\n<p style=\"text-align: center\"><strong>Lee nuestro panfleto:<\/strong><\/p>\n<p class=\"p1\" style=\"text-align: center\"><b><i>\u201cSoldados, Marineros, Marines: Cruciales para una Revoluci\u00f3n Comunista Obrera Revolution\u201d <\/i><\/b><\/p>\n<p class=\"p2\" style=\"text-align: center\"><b>Disponible <a href=\"https:\/\/icwpredflag.org\/MIL\/mps.pdf\"><span style=\"color: #ff0000\">Aqui<\/span><\/a><\/b><\/p>\n<h4><a href=\"https:\/\/icwpredflag.org\/wp\/wordpress\/wps\/volumen-13-numero-13\/\">Primera p\u00e1gina de esta edici\u00f3n<\/a><\/h4>\n","protected":false},"excerpt":{"rendered":"<p>Mayor Amenaza de Guerra Abierta, Rusia versus EE.UU.-OTAN Octubre 3 &#8211; \u00bfHay algo que supere la hipocres\u00eda de las quejas del imperialismo estadounidense sobre la anexi\u00f3n imperialista rusa del oriente de Ucrania? \u00a1Todo EE.UU. existe en territorio arrebatado de los pueblos ind\u00edgenas o comprado a las potencias europeas que lo hab\u00edan robado primero! Comparen el &hellip; <a href=\"https:\/\/icwpredflag.org\/wp\/wordpress\/wps\/volumen-13-numero-13\/guerra-en-ucrania-los-obreros-no-tenemos-patria\/\" class=\"more-link\">Sigue leyendo <span class=\"screen-reader-text\">Guerra en Ucrania: \u00a1Los Obreros No Tenemos Patria!<\/span><\/a><\/p>\n","protected":false},"author":6,"featured_media":5655,"parent":9679,"menu_order":0,"comment_status":"closed","ping_status":"closed","template":"","meta":{"footnotes":""},"class_list":["post-9703","page","type-page","status-publish","has-post-thumbnail","hentry"],"_links":{"self":[{"href":"https:\/\/icwpredflag.org\/wp\/wordpress\/wps\/wp-json\/wp\/v2\/pages\/9703","targetHints":{"allow":["GET"]}}],"collection":[{"href":"https:\/\/icwpredflag.org\/wp\/wordpress\/wps\/wp-json\/wp\/v2\/pages"}],"about":[{"href":"https:\/\/icwpredflag.org\/wp\/wordpress\/wps\/wp-json\/wp\/v2\/types\/page"}],"author":[{"embeddable":true,"href":"https:\/\/icwpredflag.org\/wp\/wordpress\/wps\/wp-json\/wp\/v2\/users\/6"}],"replies":[{"embeddable":true,"href":"https:\/\/icwpredflag.org\/wp\/wordpress\/wps\/wp-json\/wp\/v2\/comments?post=9703"}],"version-history":[{"count":1,"href":"https:\/\/icwpredflag.org\/wp\/wordpress\/wps\/wp-json\/wp\/v2\/pages\/9703\/revisions"}],"predecessor-version":[{"id":9704,"href":"https:\/\/icwpredflag.org\/wp\/wordpress\/wps\/wp-json\/wp\/v2\/pages\/9703\/revisions\/9704"}],"up":[{"embeddable":true,"href":"https:\/\/icwpredflag.org\/wp\/wordpress\/wps\/wp-json\/wp\/v2\/pages\/9679"}],"wp:featuredmedia":[{"embeddable":true,"href":"https:\/\/icwpredflag.org\/wp\/wordpress\/wps\/wp-json\/wp\/v2\/media\/5655"}],"wp:attachment":[{"href":"https:\/\/icwpredflag.org\/wp\/wordpress\/wps\/wp-json\/wp\/v2\/media?parent=9703"}],"curies":[{"name":"wp","href":"https:\/\/api.w.org\/{rel}","templated":true}]}}