{"id":9742,"date":"2022-10-29T19:55:24","date_gmt":"2022-10-29T19:55:24","guid":{"rendered":"https:\/\/icwpredflag.org\/wp\/wordpress\/wps\/?page_id=9742"},"modified":"2022-10-29T19:55:24","modified_gmt":"2022-10-29T19:55:24","slug":"italia-desde-mussolini-a-meloni","status":"publish","type":"page","link":"https:\/\/icwpredflag.org\/wp\/wordpress\/wps\/volumen-13-numero-14\/italia-desde-mussolini-a-meloni\/","title":{"rendered":"Italia: Desde Mussolini a Meloni"},"content":{"rendered":"<p><strong><img loading=\"lazy\" decoding=\"async\" class=\"aligncenter wp-image-9723\" src=\"https:\/\/icwpredflag.org\/wp\/wordpress\/wps\/wp-content\/uploads\/sites\/2\/2022\/10\/italpartiz.jpg\" alt=\"\" width=\"706\" height=\"471\" srcset=\"https:\/\/icwpredflag.org\/wp\/wordpress\/wps\/wp-content\/uploads\/sites\/2\/2022\/10\/italpartiz.jpg 361w, https:\/\/icwpredflag.org\/wp\/wordpress\/wps\/wp-content\/uploads\/sites\/2\/2022\/10\/italpartiz-300x200.jpg 300w\" sizes=\"auto, (max-width: 706px) 100vw, 706px\" \/><\/strong><\/p>\n<p style=\"text-align: center\"><strong>Partisanos italianos durante la 2\u00aa Guerra Mundial<\/strong><\/p>\n<h4 style=\"text-align: center\"><span style=\"color: #ff0000\"><strong>S\u00f3lo el Comunismo Puede Derrotar Finalmente al Fascismo en Todas Partes<\/strong><\/span><\/h4>\n<p style=\"text-align: justify\">21 de octubre &#8211; Casi exactamente 100 a\u00f1os despu\u00e9s de que la Marcha sobre Roma llevara a Mussolini y sus fascistas al poder en 1922, Giorgia Meloni sube al poder como la nueva primera ministra de Italia.<\/p>\n<p style=\"text-align: justify\">Meloni es la descendiente pol\u00edtica directa de Mussolini. Ella y otros dirigentes de su partido los \u201cHermanos de Italia\u201d proced\u00edan de la Alianza Nacional (AN). La AN sucedi\u00f3 al Movimiento Social Italiano, formado en 1945 por miembros de dos partidos fascistas prohibidos.<\/p>\n<p style=\"text-align: justify\">Hubo muchos gobiernos represivos y movimientos autoritarios antes de Mussolini. Pero podemos aprender mucho de la historia particular del fascismo. Lo m\u00e1s importante es que el fascismo surgi\u00f3 en contradicci\u00f3n directa con el internacionalismo comunista.<\/p>\n<p style=\"text-align: justify\">El Partido Socialista Italiano fue el \u00fanico de Europa occidental que se opuso a la primera guerra mundial imperialista. Expuls\u00f3 a Mussolini, un antiguo dirigente, en 1914 por abogar por la intervenci\u00f3n militar italiana.<\/p>\n<p style=\"text-align: justify\">Mussolini combati\u00f3 en el ej\u00e9rcito italiano. Despu\u00e9s, el MI5 brit\u00e1nico le pag\u00f3 100 libras semanales para que publicara propaganda a favor de la guerra. Los imperialistas quer\u00edan desalentar las masivas protestas contra la guerra que hab\u00edan sacudido Italia desde 1914. Mussolini cre\u00f3 un peri\u00f3dico, Il Popolo d\u2019Italia, en 1917.<\/p>\n<p style=\"text-align: justify\">El gobierno italiano hab\u00eda descubierto que muchos trabajadores rurales y urbanos y artesanos \u201ccarec\u00edan del sentido de pertenencia a la patria\u201d.\u00a0 Las fuerzas antiguerra desafiaron la represi\u00f3n escribiendo en los muros y organizando manifestaciones. Volantearon, hicieron peticiones y huelgas para pedir \u201cpan, tierra, trabajo y paz\u201d.\u00a0 Lucharon en batallas callejeras e insurrecciones locales. Estas alcanzaron su punto \u00e1lgido en el verano de 1917, tras el derrocamiento del zar ruso<\/p>\n<p><strong>La Revoluci\u00f3n Rusa Desencadena la Lucha de Clases en Todo el Mundo<\/strong><\/p>\n<p style=\"text-align: justify\">En agosto de 1917, estalla una protesta en Tur\u00edn (centro industrial de Italia) contra el racionamiento de alimentos. Se convirti\u00f3 en una huelga general y luego en una insurrecci\u00f3n. Los trabajadores armados defendieron las barricadas, luchando para arrebatarles el poder a los capitalistas.<\/p>\n<p style=\"text-align: justify\">Pero, a diferencia de Rusia seis meses antes, las tropas enviadas contra ellos no hab\u00edan sido organizadas por los comunistas para ponerse del lado de los trabajadores revolucionarios. En cambio, la rebeli\u00f3n fue ahogada en sangre.<\/p>\n<p style=\"text-align: justify\">Il Popolo d\u2019Italia denunci\u00f3 el socialismo, el igualitarismo y la lucha de clases. Mussolini elabor\u00f3 una nueva ideolog\u00eda \u201cfascista\u201d basada en el nacionalismo militante y expansionista, que se opon\u00eda al internacionalismo de la clase obrera. Promov\u00eda la colaboraci\u00f3n de clases (el \u201cestado corporativo\u201d) en lugar de la lucha de clases. Confiaba en un \u201chombre fuerte\u201d en lugar de en las masas.<\/p>\n<p style=\"text-align: justify\">Dos a\u00f1os despu\u00e9s organiz\u00f3 las Fasces de Combate italianas, de car\u00e1cter paramilitar.<\/p>\n<p style=\"text-align: justify\">El final de la guerra, en 1919, trajo consigo una ola de desempleo y dificultades econ\u00f3micas. Esto provoc\u00f3 el Biennio Rosso (\u201cDos a\u00f1os rojos\u201d) de intensa lucha de clases.<\/p>\n<p style=\"text-align: justify\">Los trabajadores industriales de Tur\u00edn y Mil\u00e1n, dirigidos por socialistas y anarquistas, formaron consejos de f\u00e1brica similares a los soviets rusos. M\u00e1s de un mill\u00f3n de trabajadores se declaran en huelga en 1919. Una huelga general de dos d\u00edas expresa la solidaridad con la revoluci\u00f3n rusa. Algunos soldados se negaron a atacar a la clase obrera.<\/p>\n<p style=\"text-align: justify\">Pero sin un fuerte liderazgo bolchevique, este movimiento no luch\u00f3 por el poder. En su lugar, se produjeron ocupaciones de f\u00e1bricas y se exigi\u00f3 el reconocimiento oficial de los consejos de f\u00e1brica.<\/p>\n<p style=\"text-align: justify\">Cuando el Partido Comunista de Italia se separ\u00f3 del Partido Socialista en 1921, la oportunidad de la revoluci\u00f3n comunista ya se hab\u00eda desperdiciado.<\/p>\n<p style=\"text-align: justify\">Sin embargo, el rey V\u00edctor Manuel III tem\u00eda la revoluci\u00f3n. Tambi\u00e9n lo hac\u00edan los capitalistas industriales y los terratenientes rurales que lo respaldaban.<\/p>\n<p style=\"text-align: justify\">Mussolini hab\u00eda reorganizado sus fuerzas como el Partido Nacional Fascista. Los gobernantes optaron por utilizar a sus \u201cCamisas Negras\u201d para reprimir violentamente el movimiento de masas. Aprovecharon la \u201cMarcha sobre Roma\u201d de Mussolini, de 30,000 personas, los d\u00edas 27 y 28 de octubre de 1922, para nombrarlo primer ministro y permitirle formar un gobierno fascista.<\/p>\n<p style=\"text-align: justify\">La represi\u00f3n se intensific\u00f3 y Mussolini puso en pr\u00e1ctica las ambiciones imperialistas del capitalismo italiano, tomando control de Libia, Albania y, posteriormente, Etiop\u00eda.<\/p>\n<p><strong>El Fascismo Celebra lo Peor de la Fea Naturaleza del Capitalismo.<\/strong><\/p>\n<p style=\"text-align: justify\">Los capitalistas abrazan el fascismo cuando les conviene. Lo vemos hoy en la coalici\u00f3n electoral de Meloni con Forza Italia de Berlusconi. En las cr\u00edticas del presidente de EE.UU. Biden a los Proud Boys, pero no a las unidades militares ucranianas que ostentan abiertamente insignias fascistas.<\/p>\n<p style=\"text-align: justify\">El fascismo llega al poder a trav\u00e9s de las estructuras pol\u00edticas del Estado capitalista. Algunos politiqueros capitalistas abrazan el fascismo. Otros nos ruegan que \u201cdefendamos la democracia\u201d. Pero las ra\u00edces del capitalismo en la esclavitud asalariada dan sus frutos de nacionalismo, racismo y xenofobia, sexismo, represi\u00f3n de las luchas obreras y guerra por ganancias.<\/p>\n<p style=\"text-align: justify\">\u201cFascista\u201d no es s\u00f3lo un insulto o un ep\u00edteto. Pero tampoco es principalmente una ideolog\u00eda repugnante. Es la dictadura capitalista revelando su naturaleza esencial: la supresi\u00f3n divisiva y violenta de la clase obrera.<\/p>\n<p><strong>La verdadera lucha contra el fascismo es la lucha de clases revolucionaria por el comunismo.<\/strong><\/p>\n<p style=\"text-align: justify\">Ante el ascenso del fascismo, la Internacional Comunista decidi\u00f3 en 1935 que la principal contradicci\u00f3n era entre el fascismo y la democracia. Abandonaron la revoluci\u00f3n contra el capitalismo por la unidad con los imperialistas supuestamente \u201cmenos malos\u201d. Entre ellos estaban los brit\u00e1nicos, que hab\u00edan lanzado encubiertamente a Mussolini.<\/p>\n<p style=\"text-align: justify\">Estaban equivocados. La principal contradicci\u00f3n era entonces -y es ahora- entre el fascismo y el comunismo. Entre la dictadura abierta del Capital sobre las masas y la dictadura abierta de las masas dirigidas por los comunistas sobre el Capital.<\/p>\n<p style=\"text-align: justify\">Los partisanos comunistas ejecutaron a Mussolini en 1945. Pero nos queda a nosotros luchar y construir el mundo comunista que necesita<\/p>\n<h4><a href=\"https:\/\/icwpredflag.org\/wp\/wordpress\/wps\/volumen-13-numero-14\/\">Primera p\u00e1gina de esta edici\u00f3n<\/a><\/h4>\n","protected":false},"excerpt":{"rendered":"<p>Partisanos italianos durante la 2\u00aa Guerra Mundial S\u00f3lo el Comunismo Puede Derrotar Finalmente al Fascismo en Todas Partes 21 de octubre &#8211; Casi exactamente 100 a\u00f1os despu\u00e9s de que la Marcha sobre Roma llevara a Mussolini y sus fascistas al poder en 1922, Giorgia Meloni sube al poder como la nueva primera ministra de Italia. &hellip; <a href=\"https:\/\/icwpredflag.org\/wp\/wordpress\/wps\/volumen-13-numero-14\/italia-desde-mussolini-a-meloni\/\" class=\"more-link\">Sigue leyendo <span class=\"screen-reader-text\">Italia: Desde Mussolini a Meloni<\/span><\/a><\/p>\n","protected":false},"author":6,"featured_media":5655,"parent":9715,"menu_order":0,"comment_status":"closed","ping_status":"closed","template":"","meta":{"footnotes":""},"class_list":["post-9742","page","type-page","status-publish","has-post-thumbnail","hentry"],"_links":{"self":[{"href":"https:\/\/icwpredflag.org\/wp\/wordpress\/wps\/wp-json\/wp\/v2\/pages\/9742","targetHints":{"allow":["GET"]}}],"collection":[{"href":"https:\/\/icwpredflag.org\/wp\/wordpress\/wps\/wp-json\/wp\/v2\/pages"}],"about":[{"href":"https:\/\/icwpredflag.org\/wp\/wordpress\/wps\/wp-json\/wp\/v2\/types\/page"}],"author":[{"embeddable":true,"href":"https:\/\/icwpredflag.org\/wp\/wordpress\/wps\/wp-json\/wp\/v2\/users\/6"}],"replies":[{"embeddable":true,"href":"https:\/\/icwpredflag.org\/wp\/wordpress\/wps\/wp-json\/wp\/v2\/comments?post=9742"}],"version-history":[{"count":1,"href":"https:\/\/icwpredflag.org\/wp\/wordpress\/wps\/wp-json\/wp\/v2\/pages\/9742\/revisions"}],"predecessor-version":[{"id":9743,"href":"https:\/\/icwpredflag.org\/wp\/wordpress\/wps\/wp-json\/wp\/v2\/pages\/9742\/revisions\/9743"}],"up":[{"embeddable":true,"href":"https:\/\/icwpredflag.org\/wp\/wordpress\/wps\/wp-json\/wp\/v2\/pages\/9715"}],"wp:featuredmedia":[{"embeddable":true,"href":"https:\/\/icwpredflag.org\/wp\/wordpress\/wps\/wp-json\/wp\/v2\/media\/5655"}],"wp:attachment":[{"href":"https:\/\/icwpredflag.org\/wp\/wordpress\/wps\/wp-json\/wp\/v2\/media?parent=9742"}],"curies":[{"name":"wp","href":"https:\/\/api.w.org\/{rel}","templated":true}]}}