{"id":9884,"date":"2022-12-11T20:30:57","date_gmt":"2022-12-11T20:30:57","guid":{"rendered":"https:\/\/icwpredflag.org\/wp\/wordpress\/wps\/?page_id=9884"},"modified":"2022-12-11T20:57:26","modified_gmt":"2022-12-11T20:57:26","slug":"cartas-comunistas-organizan-en-las-fuerzas-armadas-de-los-patrones","status":"publish","type":"page","link":"https:\/\/icwpredflag.org\/wp\/wordpress\/wps\/volumen-13-numero-16\/cartas-comunistas-organizan-en-las-fuerzas-armadas-de-los-patrones\/","title":{"rendered":"Cartas: Comunistas Organizan en las Fuerzas Armadas de los Patrones"},"content":{"rendered":"<p style=\"text-align: center\"><strong>El Salvador Soldados No Siguen \u00d3rdenes Ciegamente <a class=\"icwp-emph\" href=\"#1\">aqu\u00ed \u2666<\/a> ; Ingres\u00e9 al Ej\u00e9rcito de EE.UU. <a class=\"icwp-emph\" href=\"#2\">aqu\u00ed \u2666<\/a><\/strong><\/p>\n<p style=\"text-align: center\"><img loading=\"lazy\" decoding=\"async\" class=\"aligncenter wp-image-9850\" src=\"https:\/\/icwpredflag.org\/wp\/wordpress\/wps\/wp-content\/uploads\/sites\/2\/2022\/12\/vietsold.jpg\" alt=\"\" width=\"699\" height=\"526\" srcset=\"https:\/\/icwpredflag.org\/wp\/wordpress\/wps\/wp-content\/uploads\/sites\/2\/2022\/12\/vietsold.jpg 417w, https:\/\/icwpredflag.org\/wp\/wordpress\/wps\/wp-content\/uploads\/sites\/2\/2022\/12\/vietsold-300x226.jpg 300w\" sizes=\"auto, (max-width: 699px) 100vw, 699px\" \/><br \/>\n<strong>Rebeldes Soldados Estadounidenses en Vietnam<\/strong><\/p>\n<h4 id=\"1\" style=\"text-align: center\"><span style=\"color: #ff0000\"><strong>El Salvador: Los Soldados No Siguen Ordenes Ciegamente<\/strong><\/span><\/h4>\n<p style=\"text-align: justify\">Durante los a\u00f1os de 1970 exist\u00eda en El Salvador una efervescencia revolucionaria debido a las malas condiciones de trabajo y de remuneraci\u00f3n de pago. Campesinos, obreros, maestros sal\u00edan a huelga.<\/p>\n<p style=\"text-align: justify\">Yo estaba en el ej\u00e9rcito en San Miguel en la tercera brigada de infanter\u00eda, ten\u00eda el grado de cabo y aunque no ten\u00eda una conciencia revolucionaria comunista, s\u00ed sab\u00eda que pertenec\u00eda a la clase obrera.<\/p>\n<p style=\"text-align: justify\">En una ocasi\u00f3n, lleg\u00f3 el teniente de la secci\u00f3n y me dijo, \u201cCabo, necesito que re\u00fanas a la secci\u00f3n y los prepares porque van a ir a romper una huelga.\u201d<\/p>\n<p style=\"text-align: justify\">Una secci\u00f3n consta de 40 soldados y todo el equipo anti-mot\u00edn consist\u00eda en bastones cascos de protecci\u00f3n, m\u00e1scaras antigases y otros. Llam\u00e9 a la secci\u00f3n y les dije estamos llamados para ir a una huelga y la misi\u00f3n es ir a dispersar a los huelguistas.<\/p>\n<p style=\"text-align: justify\">Sin embargo, mis sentimientos eran completamente encontrados por un lado sab\u00eda que era una orden del ej\u00e9rcito y que desobedecerla pod\u00eda consistir en c\u00e1rcel o muerte. Pero por otro lado tambi\u00e9n sab\u00eda que dentro de la gente o los maestros que estaban en esa huelga hab\u00eda algunos que hab\u00edan sido mis maestros.<br \/>\nHabl\u00e9 con los soldados y les pregunt\u00e9, \u201c\u00bfC\u00f3mo van a responder al llegar a la huelga o que piensa de la misi\u00f3n que nos han encargado?\u201d<\/p>\n<p style=\"text-align: justify\">Las respuestas fueron variadas, algunos dijeron, \u201cHay que ir y darles duro, golpearlos, arrestarlos o matarlos si era posible. Porque nosotros \u00e9ramos gente del ej\u00e9rcito y ellos eran civiles que estaban queriendo causar desorden.\u201d<br \/>\nOtros dijeron \u201cNo, eso no, hay que ser capciosos que muchos de los que ah\u00ed se encontraban hab\u00edan sido nuestros maestros que estaban luchando por mejores condiciones de vida.\u201d<\/p>\n<p style=\"text-align: justify\">Por \u00faltimo, me toc\u00f3 hablarle a la secci\u00f3n, estaba solo con los soldados, no hab\u00eda ning\u00fan oficial. Entonces empec\u00e9 a decirles \u201cNuestra misi\u00f3n al llegar a esa huelga va a ser tratar de no golpear ni arrestar a nadie. Si nos toca disparar, vamos a disparar al aire. Solamente asustarlos y decirles que se dispersaren que no era necesario matar a nadie que nosotros no \u00e9ramos parte del sistema que nosotros \u00e9ramos civiles vestidos en uniforme.\u201d<\/p>\n<p style=\"text-align: justify\">Luego continue, \u201cPronto, despu\u00e9s de unos a\u00f1os nosotros vamos a estar nuevamente en las calles y probablemente alguno de nosotros nos \u00edbamos a convertir en maestros, otros en obreros, otros en trabajadores campesinos. Por lo tanto, lo mejor va a ser no dispararle a nadie ni arrestar a nadie tratar de fingir que vamos a atacarlos para disuadirlos que se dispersen, pero no hacerles da\u00f1o.\u201d<br \/>\nMuchos de los soldados despu\u00e9s de una charla de ese tipo estuvieron de acuerdo con mi posici\u00f3n y dijeron que estaba bien que as\u00ed lo \u00edbamos a hacer que si no nos tocaba no \u00edbamos a golpearlos.<\/p>\n<p style=\"text-align: justify\">Muchos de estos soldados eran mis amigos, nos conoc\u00edamos y ya hab\u00edamos hablado de cosas pol\u00edticas y de lo duro de nuestras vidas.<br \/>\nEsa experiencia y otras que viv\u00ed dentro del ej\u00e9rcito me mostr\u00f3 que los soldados no solo siguen a ciegas las ordenes de los oficiales. Pero que est\u00e1n abiertos a ver la realidad cuando se les presenta y pueden ser ganados a unirse en la lucha con la clase obrera.<\/p>\n<p style=\"text-align: justify\">Regresando a la an\u00e9cdota. Ya est\u00e1bamos preparados y listos para partir, cuando lleg\u00f3 la orden que ya no iba a ser necesario salir a dispersar a los huelguistas.<br \/>\nLa historia est\u00e1 llena de ejemplos como \u00e9ste. Tanto en ej\u00e9rcitos locales como ej\u00e9rcitos imperialistas los soldados en momentos dados se han unido a la clase obrera para luchar juntos en contra de los patrones.<\/p>\n<p style=\"text-align: justify\">Hoy que luchamos por una revoluci\u00f3n comunista estamos mejor preparados ideol\u00f3gicamente para ganar a muchos de esos soldados, marineros y marines a unirse a nuestra lucha por el comunismo.<br \/>\nCamarada Ex-Soldado<\/p>\n<h4 id=\"2\" style=\"text-align: center\"><span style=\"color: #ff0000\"><strong>Ingres\u00e9 al Ej\u00e9rcito de los EE. UU. Con el Prop\u00f3sito de Organizar para el Comunismo<\/strong><\/span><\/h4>\n<p style=\"text-align: justify\">Una vez, cuando estaba de licencia del servicio militar, mi t\u00edo se me acerc\u00f3 y me dijo: \u201cEstoy confundido. \u00bfC\u00f3mo es que eres comunista y estas tambi\u00e9n en el Ej\u00e9rcito?<\/p>\n<p style=\"text-align: justify\">Mientras hac\u00eda mi servicio, toda mi familia sab\u00eda que yo era comunista. Y mi alistamiento en el Ej\u00e9rcito era completamente entendible para los camaradas, pero fue una contradicci\u00f3n casi hip\u00f3crita para algunos amigos y familiares. Sin embargo, siempre he sabido c\u00f3mo responder a todos los que cuestionaron mi posici\u00f3n como soldado comunista.<\/p>\n<p style=\"text-align: justify\">Me encanta que me hagan esa pregunta porque prepara el camino para una aguda discusi\u00f3n pol\u00edtica sobre la organizaci\u00f3n de una revoluci\u00f3n comunista en una sociedad capitalista. Le dije a mi t\u00edo que, para organizar una revoluci\u00f3n comunista exitosa, indudablemente debemos organizar soldados para que volteen sus armas a favor de la revoluci\u00f3n.\u201c\u00bfD\u00f3nde m\u00e1s vamos a conseguir nuestras armas?\u201d Le pregunt\u00e9.<\/p>\n<p style=\"text-align: justify\">Sin embargo, no ser\u00eda simplemente robarles las armas a los capitalistas. Nuestra filosof\u00eda de organizar en las fuerzas armadas es mucho m\u00e1s sofisticada.<br \/>\nLas fuerzas armadas est\u00e1n compuestas con los hijos e hijas de la clase obrera. A lo largo de la historia, han sido los soldados de la clase obrera los que han sido enviados a luchar y morir en las guerras imperialistas. En Vietnam, hubo 58,220 muertes militares estadounidenses. En Irak, 4,490.<\/p>\n<p style=\"text-align: justify\">Imaginen las innumerables vidas civiles perdidas: al menos 2 millones en Vietnam y alrededor de medio mill\u00f3n en Irak. Y esos soldados tambi\u00e9n eran de clase trabajadora.<\/p>\n<p style=\"text-align: justify\">Los ataques del 11 de septiembre mataron a 2,996 estadounidenses, mientras que las estimaciones actuales en el conflicto entre la OTAN y Rusia en Ucrania son 3,000.<\/p>\n<p style=\"text-align: justify\">Los capitalistas e imperialistas de todas partes del mundo dependen de dar \u00f3rdenes a los soldados. Ellos nos dan el entrenamiento y las armas para que salgamos a hacerles el trabajo sucio. Es hora de salir y hacer nuestro propio trabajo: organizarnos en el ej\u00e9rcito para construir una base comunista s\u00f3lida entre soldados y marineros para construir la infraestructura militar necesaria para derrocar a los gobiernos capitalistas en todo el mundo. Esa es la \u00fanica forma en que podemos tomar el poder Estatal, y comienza en los cuarteles.<\/p>\n<p style=\"text-align: justify\">Este trabajo militar comunista es posible y ya tenemos experiencia haci\u00e9ndolo. En la d\u00e9cada que estuve en el servicio logr\u00e9 llevar nuestra pol\u00edtica comunista a los soldados en los cuarteles. Fue un trabajo dif\u00edcil, pero recuerdo claramente la primera vez que le dije a mi amigo soldado cercano que yo era comunista. \u00c9l era un chico blanco de Iowa y yo era un chico latino de Los \u00c1ngeles. Y me sent\u00ed completamente conectado con esta persona ya que ambos proven\u00edamos de familias de clase trabajadora y sab\u00edamos que este era un sistema capitalista inhumano en el que viv\u00edamos.<\/p>\n<p style=\"text-align: justify\">Con un poco m\u00e1s de construcci\u00f3n de bases, recuerdo haber hecho conexiones m\u00e1s s\u00f3lidas con otros dos soldados hasta el punto de que organizamos un grupo de tres soldados para ir a Washington DC y marchar el Primero de Mayo bajo banderas comunistas.<\/p>\n<p style=\"text-align: justify\">Hice dos giras en Irak y vi mucha hipocres\u00eda por parte del gobierno de EE. UU., que afirmaba luchar por la libertad y la democracia mientras intentaba, y finalmente fracasaba, ser un ej\u00e9rcito de ocupaci\u00f3n imperial en el Medio Oriente.<br \/>\nSer un organizador comunista en el ej\u00e9rcito no es hipocres\u00eda; es necesidad. Es necesario para quitarle el poder a los patrones, y es necesario para unir a personas aparentemente opuestas de diferentes etnias, pa\u00edses o idiomas.<\/p>\n<p style=\"text-align: justify\">Por lo tanto, debemos continuar alentando a los camaradas j\u00f3venes a ingresar al Ej\u00e9rcito y organizar para nuestras filas, las filas de la clase trabajadora que alg\u00fan d\u00eda voltearan sus armas. Los soldados iraqu\u00edes, estadounidenses, vietnamitas, ucranianos, rusos y sudafricanos deben unirse para voltear las armas y organizar para la revoluci\u00f3n comunista.<\/p>\n<p style=\"text-align: justify\">\u2014Camarada Veterano<\/p>\n<p style=\"text-align: center\"><strong>Lee Nuestro Folleto:<\/strong><br \/>\n<strong>Soldados, Marineros, Marines, Cruciales para la Revoluci\u00f3n Comunista Obrera<\/strong><br \/>\n<span style=\"color: #ff0000\"><a style=\"color: #ff0000\" href=\"https:\/\/icwpredflag.org\/MIL\/mps.pdf\"><strong>aqu\u00ed<\/strong><\/a><\/span><\/p>\n<h4><a href=\"https:\/\/icwpredflag.org\/wp\/wordpress\/wps\/volumen-13-numero-16\/\">Primera p\u00e1gina de esta edici\u00f3n<\/a><\/h4>\n","protected":false},"excerpt":{"rendered":"<p>El Salvador Soldados No Siguen \u00d3rdenes Ciegamente aqu\u00ed \u2666 ; Ingres\u00e9 al Ej\u00e9rcito de EE.UU. aqu\u00ed \u2666 Rebeldes Soldados Estadounidenses en Vietnam El Salvador: Los Soldados No Siguen Ordenes Ciegamente Durante los a\u00f1os de 1970 exist\u00eda en El Salvador una efervescencia revolucionaria debido a las malas condiciones de trabajo y de remuneraci\u00f3n de pago. Campesinos, &hellip; <a href=\"https:\/\/icwpredflag.org\/wp\/wordpress\/wps\/volumen-13-numero-16\/cartas-comunistas-organizan-en-las-fuerzas-armadas-de-los-patrones\/\" class=\"more-link\">Sigue leyendo <span class=\"screen-reader-text\">Cartas: Comunistas Organizan en las Fuerzas Armadas de los Patrones<\/span><\/a><\/p>\n","protected":false},"author":6,"featured_media":5655,"parent":9835,"menu_order":0,"comment_status":"closed","ping_status":"closed","template":"","meta":{"footnotes":""},"class_list":["post-9884","page","type-page","status-publish","has-post-thumbnail","hentry"],"_links":{"self":[{"href":"https:\/\/icwpredflag.org\/wp\/wordpress\/wps\/wp-json\/wp\/v2\/pages\/9884","targetHints":{"allow":["GET"]}}],"collection":[{"href":"https:\/\/icwpredflag.org\/wp\/wordpress\/wps\/wp-json\/wp\/v2\/pages"}],"about":[{"href":"https:\/\/icwpredflag.org\/wp\/wordpress\/wps\/wp-json\/wp\/v2\/types\/page"}],"author":[{"embeddable":true,"href":"https:\/\/icwpredflag.org\/wp\/wordpress\/wps\/wp-json\/wp\/v2\/users\/6"}],"replies":[{"embeddable":true,"href":"https:\/\/icwpredflag.org\/wp\/wordpress\/wps\/wp-json\/wp\/v2\/comments?post=9884"}],"version-history":[{"count":3,"href":"https:\/\/icwpredflag.org\/wp\/wordpress\/wps\/wp-json\/wp\/v2\/pages\/9884\/revisions"}],"predecessor-version":[{"id":9887,"href":"https:\/\/icwpredflag.org\/wp\/wordpress\/wps\/wp-json\/wp\/v2\/pages\/9884\/revisions\/9887"}],"up":[{"embeddable":true,"href":"https:\/\/icwpredflag.org\/wp\/wordpress\/wps\/wp-json\/wp\/v2\/pages\/9835"}],"wp:featuredmedia":[{"embeddable":true,"href":"https:\/\/icwpredflag.org\/wp\/wordpress\/wps\/wp-json\/wp\/v2\/media\/5655"}],"wp:attachment":[{"href":"https:\/\/icwpredflag.org\/wp\/wordpress\/wps\/wp-json\/wp\/v2\/media?parent=9884"}],"curies":[{"name":"wp","href":"https:\/\/api.w.org\/{rel}","templated":true}]}}